{"id":208,"date":"2017-08-05T14:50:53","date_gmt":"2017-08-05T11:50:53","guid":{"rendered":"http:\/\/www.publicalerting.com\/tr\/?page_id=208"},"modified":"2017-08-05T15:07:26","modified_gmt":"2017-08-05T12:07:26","slug":"ab-fonlari","status":"publish","type":"page","link":"https:\/\/www.publicalerting.com\/tr\/hakkimizda\/ab-fonlari\/","title":{"rendered":"AB Fonlar\u0131"},"content":{"rendered":"<h3>Interschutz 2010 \u00d6dene\u011fi<\/h3>\n<p><a href=\"https:\/\/www.publicalerting.com\/tr\/wp-content\/uploads\/2017\/03\/unia_baner_pomorskie_web.jpg\"><img loading=\"lazy\" decoding=\"async\" class=\"alignnone size-full\" src=\"https:\/\/www.publicalerting.com\/tr\/wp-content\/uploads\/2017\/03\/unia_baner2_pomorskie_web.jpg\" width=\"480\" height=\"87\" \/><\/a><\/p>\n<p style=\"text-align: justify;\">Uluslararas\u0131 Kurtarma, Yang\u0131n \u00d6nleme, Afetten Koruma ve G\u00fcvenlik Etkinli\u011fi&#8217;ne kat\u0131l\u0131m\u0131m\u0131z <strong>INTERSCHUTZ 2010<\/strong>, Pomorskie 2007-2013 i\u00e7in B\u00f6lgesel Operasyonel Program\u0131 kapsam\u0131nda Avrupa Birli\u011fi taraf\u0131ndan ve Avrupa B\u00f6lgesel Kalk\u0131nma Fonu&#8217;ndan finanse edilmi\u015ftir.<\/p>\n<p style=\"text-align: justify;\">Proje Ba\u015fl\u0131\u011f\u0131: Enternasyonel Ticaret Fuar\u0131 <strong>INTERSCHUTZ 2010&#8217;a<\/strong> aktif kat\u0131l\u0131m ile Platan Sp. z o.o. Sat\u0131\u015f ve Ticaret Faaliyetleri Geli\u015ftirme.<\/p>\n<p style=\"text-align: justify;\">Operasyonel Program: Pomorskie 2007-2013 i\u00e7in B\u00f6lgesel Operasyonel Program\u0131.<\/p>\n<h3>Ara\u015ft\u0131rma ve Geli\u015ftirme<\/h3>\n<p><img loading=\"lazy\" decoding=\"async\" class=\"alignnone size-full\" src=\"https:\/\/www.publicalerting.com\/tr\/wp-content\/uploads\/2017\/03\/innowacyjna_gospodarka_digitex.png\" width=\"480\" height=\"56\" \/><\/p>\n<p style=\"text-align: justify;\">Platan Sp. Z oo Avrupa B\u00f6lgesel Kalk\u0131nma Fonu kapsam\u0131nda Avrupa Birli\u011fi taraf\u0131ndan finanse edilen, Yenilik\u00e7i Ekonomi Operasyonel Program\u0131 1.4 bendi alt\u0131nda &#8220;Hedef odakl\u0131 projeler i\u00e7in destek&#8221; ve bend 4.1 &#8220;Ar-Ge \u00e7al\u0131\u015fmalar\u0131n\u0131n sonu\u00e7lar\u0131n\u0131n uygulanmas\u0131na y\u00f6nelik destek&#8221; &#8216;in bir par\u00e7as\u0131 olarak y\u00fcr\u00fct\u00fclmektedir.<\/p>\n<p>Proje uygulama tarihleri: 01\/12\/2009 &#8211; 31\/07\/2012.<\/p>\n<h3>Platan Sp. z o.o. \u0130hracat Geli\u015ftirme Plan\u0131<\/h3>\n<p><img loading=\"lazy\" decoding=\"async\" class=\"alignnone size-full\" src=\"https:\/\/www.publicalerting.com\/tr\/wp-content\/uploads\/2017\/03\/innowacyjna_gospodarka_digitex.png\" width=\"480\" height=\"56\" \/><\/p>\n<p style=\"text-align: justify;\">Platan Sp. z o.o., Yenilik\u00e7i Ekonomi Operasyonel Program\u0131 bend 6.1&#8217;in b\u00f6l\u00fcm\u00fc olarak Avrupa B\u00f6lgesel Kalk\u0131nma Fonu kapsam\u0131nda Avrupa Birli\u011fi taraf\u0131ndan finanse edilen &#8220;\u0130hracata Pasaport&#8221; A\u015fama I, &#8220;Platan Sp. z o. o. i\u00e7in \u0130hracat Geli\u015ftirme Plan\u0131&#8221; ba\u015fl\u0131kl\u0131 bir proje geli\u015ftirdi. Projenin amac\u0131, Platan&#8217;\u0131n d\u0131\u015f pazarlara giri\u015f stratejisini sunmak ve Platan markas\u0131n\u0131 ve \u00fcr\u00fcnlerini yurtd\u0131\u015f\u0131nda tan\u0131tmak i\u00e7in planlama yapmakt\u0131r. \u0130hracat Geli\u015ftirme Plan\u0131&#8217;n\u0131n onaylanmas\u0131, \u015firketin, Avrupa B\u00f6lgesel Kalk\u0131nma Fonu kapsam\u0131nda Avrupa Birli\u011fi&#8217;nin deste\u011fi ile ama\u00e7lanan faaliyetlerin ger\u00e7ekle\u015ftirilmesini i\u00e7eren Program\u0131n II. a\u015faman\u0131n uygulamas\u0131na olanak sa\u011flayacakt\u0131r. Projenin nihai hedefi, yurt d\u0131\u015f\u0131ndan al\u0131c\u0131larla i\u015fbirli\u011fi ba\u015flatmak ve ihracat sat\u0131\u015flar\u0131nda dinamik bir geli\u015fme sa\u011flamakt\u0131r.<\/p>\n<p>PROJE ADI: Platan Sp. z o.o. \u0130hracat Geli\u015ftirme Plan\u0131<\/p>\n<p>A\u015fama I uygulama tarihleri: 15\/03 &#8211; 31\/08\/2010.<\/p>\n<h3>Platan Sp. z o.o. \u0130hracat Geli\u015ftirme Plan\u0131 Uygulanmas\u0131<\/h3>\n<p><img loading=\"lazy\" decoding=\"async\" class=\"alignnone size-full\" src=\"https:\/\/www.publicalerting.com\/tr\/wp-content\/uploads\/2017\/03\/innowacyjna_gospodarka_digitex.png\" width=\"480\" height=\"56\" \/><\/p>\n<p style=\"text-align: justify;\">Platan Sp. z o.o, Yenilik\u00e7i Ekonomi Operasyonel Program\u0131 bend 6.1&#8217;in b\u00f6l\u00fcm\u00fc olarak Avrupa B\u00f6lgesel Kalk\u0131nma Fonu kapsam\u0131nda Avrupa Birli\u011fi taraf\u0131ndan finanse edilen &#8220;\u0130hracata Pasaport&#8221; A\u015fama 2 altinda, &#8220;Platan Sp. z o. o. \u0130hracat Geli\u015ftirme Plan\u0131n\u0131n Uygulanmas\u0131&#8221; ba\u015fl\u0131kl\u0131 plan\u0131n\u0131n gerceklestirilmesi icin Polonya Kalkinma Ajansi (PARP) ile \u00f6denek antla\u015fmas\u0131 imzalanam\u0131\u015ft\u0131r. Projenin amac\u0131, Platan&#8217;\u0131n d\u0131\u015f pazarlara girmesinin e\u015f finansman\u0131n\u0131 sa\u011flamak ve Platan markas\u0131n\u0131 ve \u00fcr\u00fcnlerini yurtd\u0131\u015f\u0131nda tan\u0131tmakt\u0131r. Projenin nihai hedefi, yurt d\u0131\u015f\u0131ndan al\u0131c\u0131larla i\u015fbirli\u011fi ba\u015flatmak ve ihracat sat\u0131\u015flar\u0131nda dinamik bir geli\u015fme kaydetmektir.<\/p>\n<p>PROJE ADI: Platan Sp. z o.o. \u0130hracat Geli\u015ftirme Plan\u0131&#8217;n\u0131n uygulanmas\u0131<\/p>\n<p>Proje uygulama tarihleri: 01\/04\/2011 &#8211; 31\/03\/2013.<\/p>\n","protected":false},"excerpt":{"rendered":"<p>Interschutz 2010 \u00d6dene\u011fi Uluslararas\u0131 Kurtarma, Yang\u0131n \u00d6nleme, Afetten Koruma ve G\u00fcvenlik Etkinli\u011fi&#8217;ne kat\u0131l\u0131m\u0131m\u0131z INTERSCHUTZ 2010, Pomorskie 2007-2013 i\u00e7in B\u00f6lgesel Operasyonel Program\u0131 kapsam\u0131nda Avrupa Birli\u011fi taraf\u0131ndan ve Avrupa B\u00f6lgesel Kalk\u0131nma Fonu&#8217;ndan finanse edilmi\u015ftir. Proje Ba\u015fl\u0131\u011f\u0131: Enternasyonel Ticaret Fuar\u0131 INTERSCHUTZ 2010&#8217;a aktif kat\u0131l\u0131m ile Platan Sp. z o.o. Sat\u0131\u015f ve Ticaret Faaliyetleri Geli\u015ftirme. Operasyonel Program: Pomorskie 2007-2013 [&hellip;]<\/p>\n","protected":false},"author":2,"featured_media":0,"parent":17,"menu_order":5,"comment_status":"closed","ping_status":"closed","template":"","meta":{"_monsterinsights_skip_tracking":false,"_monsterinsights_sitenote_active":false,"_monsterinsights_sitenote_note":"","_monsterinsights_sitenote_category":0,"footnotes":""},"class_list":["post-208","page","type-page","status-publish","hentry"],"yoast_head":"<!-- This site is optimized with the Yoast SEO plugin v24.9 - https:\/\/yoast.com\/wordpress\/plugins\/seo\/ -->\n<title>AB Fonlar\u0131 - digitex<\/title>\n<meta name=\"robots\" content=\"index, follow, max-snippet:-1, max-image-preview:large, max-video-preview:-1\" \/>\n<link rel=\"canonical\" href=\"https:\/\/www.publicalerting.com\/tr\/hakkimizda\/ab-fonlari\/\" \/>\n<meta property=\"og:locale\" content=\"tr_TR\" \/>\n<meta property=\"og:type\" content=\"article\" \/>\n<meta property=\"og:title\" content=\"AB Fonlar\u0131 - digitex\" \/>\n<meta property=\"og:description\" content=\"Interschutz 2010 \u00d6dene\u011fi Uluslararas\u0131 Kurtarma, Yang\u0131n \u00d6nleme, Afetten Koruma ve G\u00fcvenlik Etkinli\u011fi&#8217;ne kat\u0131l\u0131m\u0131m\u0131z INTERSCHUTZ 2010, Pomorskie 2007-2013 i\u00e7in B\u00f6lgesel Operasyonel Program\u0131 kapsam\u0131nda Avrupa Birli\u011fi taraf\u0131ndan ve Avrupa B\u00f6lgesel Kalk\u0131nma Fonu&#8217;ndan finanse edilmi\u015ftir. Proje Ba\u015fl\u0131\u011f\u0131: Enternasyonel Ticaret Fuar\u0131 INTERSCHUTZ 2010&#8217;a aktif kat\u0131l\u0131m ile Platan Sp. z o.o. Sat\u0131\u015f ve Ticaret Faaliyetleri Geli\u015ftirme. Operasyonel Program: Pomorskie 2007-2013 [&hellip;]\" \/>\n<meta property=\"og:url\" content=\"https:\/\/www.publicalerting.com\/tr\/hakkimizda\/ab-fonlari\/\" \/>\n<meta property=\"og:site_name\" content=\"digitex\" \/>\n<meta property=\"article:modified_time\" content=\"2017-08-05T12:07:26+00:00\" \/>\n<meta property=\"og:image\" content=\"https:\/\/www.publicalerting.com\/tr\/wp-content\/uploads\/2017\/03\/unia_baner2_pomorskie_web.jpg\" \/>\n<meta name=\"twitter:card\" content=\"summary_large_image\" \/>\n<meta name=\"twitter:label1\" content=\"Tahmini okuma s\u00fcresi\" \/>\n\t<meta name=\"twitter:data1\" content=\"2 dakika\" \/>\n<script type=\"application\/ld+json\" class=\"yoast-schema-graph\">{\"@context\":\"https:\/\/schema.org\",\"@graph\":[{\"@type\":\"WebPage\",\"@id\":\"https:\/\/www.publicalerting.com\/tr\/hakkimizda\/ab-fonlari\/\",\"url\":\"https:\/\/www.publicalerting.com\/tr\/hakkimizda\/ab-fonlari\/\",\"name\":\"AB Fonlar\u0131 - digitex\",\"isPartOf\":{\"@id\":\"https:\/\/www.publicalerting.com\/tr\/#website\"},\"primaryImageOfPage\":{\"@id\":\"https:\/\/www.publicalerting.com\/tr\/hakkimizda\/ab-fonlari\/#primaryimage\"},\"image\":{\"@id\":\"https:\/\/www.publicalerting.com\/tr\/hakkimizda\/ab-fonlari\/#primaryimage\"},\"thumbnailUrl\":\"https:\/\/www.publicalerting.com\/tr\/wp-content\/uploads\/2017\/03\/unia_baner2_pomorskie_web.jpg\",\"datePublished\":\"2017-08-05T11:50:53+00:00\",\"dateModified\":\"2017-08-05T12:07:26+00:00\",\"breadcrumb\":{\"@id\":\"https:\/\/www.publicalerting.com\/tr\/hakkimizda\/ab-fonlari\/#breadcrumb\"},\"inLanguage\":\"tr\",\"potentialAction\":[{\"@type\":\"ReadAction\",\"target\":[\"https:\/\/www.publicalerting.com\/tr\/hakkimizda\/ab-fonlari\/\"]}]},{\"@type\":\"ImageObject\",\"inLanguage\":\"tr\",\"@id\":\"https:\/\/www.publicalerting.com\/tr\/hakkimizda\/ab-fonlari\/#primaryimage\",\"url\":\"https:\/\/www.publicalerting.com\/tr\/wp-content\/uploads\/2017\/03\/unia_baner2_pomorskie_web.jpg\",\"contentUrl\":\"https:\/\/www.publicalerting.com\/tr\/wp-content\/uploads\/2017\/03\/unia_baner2_pomorskie_web.jpg\",\"width\":480,\"height\":87},{\"@type\":\"BreadcrumbList\",\"@id\":\"https:\/\/www.publicalerting.com\/tr\/hakkimizda\/ab-fonlari\/#breadcrumb\",\"itemListElement\":[{\"@type\":\"ListItem\",\"position\":1,\"name\":\"Ana Sayfa\",\"item\":\"https:\/\/www.publicalerting.com\/tr\/\"},{\"@type\":\"ListItem\",\"position\":2,\"name\":\"Hakk\u0131m\u0131zda\",\"item\":\"https:\/\/www.publicalerting.com\/tr\/hakkimizda\/\"},{\"@type\":\"ListItem\",\"position\":3,\"name\":\"AB Fonlar\u0131\"}]},{\"@type\":\"WebSite\",\"@id\":\"https:\/\/www.publicalerting.com\/tr\/#website\",\"url\":\"https:\/\/www.publicalerting.com\/tr\/\",\"name\":\"digitex\",\"description\":\"\",\"potentialAction\":[{\"@type\":\"SearchAction\",\"target\":{\"@type\":\"EntryPoint\",\"urlTemplate\":\"https:\/\/www.publicalerting.com\/tr\/?s={search_term_string}\"},\"query-input\":{\"@type\":\"PropertyValueSpecification\",\"valueRequired\":true,\"valueName\":\"search_term_string\"}}],\"inLanguage\":\"tr\"}]}<\/script>\n<!-- \/ Yoast SEO plugin. -->","yoast_head_json":{"title":"AB Fonlar\u0131 - digitex","robots":{"index":"index","follow":"follow","max-snippet":"max-snippet:-1","max-image-preview":"max-image-preview:large","max-video-preview":"max-video-preview:-1"},"canonical":"https:\/\/www.publicalerting.com\/tr\/hakkimizda\/ab-fonlari\/","og_locale":"tr_TR","og_type":"article","og_title":"AB Fonlar\u0131 - digitex","og_description":"Interschutz 2010 \u00d6dene\u011fi Uluslararas\u0131 Kurtarma, Yang\u0131n \u00d6nleme, Afetten Koruma ve G\u00fcvenlik Etkinli\u011fi&#8217;ne kat\u0131l\u0131m\u0131m\u0131z INTERSCHUTZ 2010, Pomorskie 2007-2013 i\u00e7in B\u00f6lgesel Operasyonel Program\u0131 kapsam\u0131nda Avrupa Birli\u011fi taraf\u0131ndan ve Avrupa B\u00f6lgesel Kalk\u0131nma Fonu&#8217;ndan finanse edilmi\u015ftir. Proje Ba\u015fl\u0131\u011f\u0131: Enternasyonel Ticaret Fuar\u0131 INTERSCHUTZ 2010&#8217;a aktif kat\u0131l\u0131m ile Platan Sp. z o.o. Sat\u0131\u015f ve Ticaret Faaliyetleri Geli\u015ftirme. Operasyonel Program: Pomorskie 2007-2013 [&hellip;]","og_url":"https:\/\/www.publicalerting.com\/tr\/hakkimizda\/ab-fonlari\/","og_site_name":"digitex","article_modified_time":"2017-08-05T12:07:26+00:00","og_image":[{"url":"https:\/\/www.publicalerting.com\/tr\/wp-content\/uploads\/2017\/03\/unia_baner2_pomorskie_web.jpg","type":"","width":"","height":""}],"twitter_card":"summary_large_image","twitter_misc":{"Tahmini okuma s\u00fcresi":"2 dakika"},"schema":{"@context":"https:\/\/schema.org","@graph":[{"@type":"WebPage","@id":"https:\/\/www.publicalerting.com\/tr\/hakkimizda\/ab-fonlari\/","url":"https:\/\/www.publicalerting.com\/tr\/hakkimizda\/ab-fonlari\/","name":"AB Fonlar\u0131 - digitex","isPartOf":{"@id":"https:\/\/www.publicalerting.com\/tr\/#website"},"primaryImageOfPage":{"@id":"https:\/\/www.publicalerting.com\/tr\/hakkimizda\/ab-fonlari\/#primaryimage"},"image":{"@id":"https:\/\/www.publicalerting.com\/tr\/hakkimizda\/ab-fonlari\/#primaryimage"},"thumbnailUrl":"https:\/\/www.publicalerting.com\/tr\/wp-content\/uploads\/2017\/03\/unia_baner2_pomorskie_web.jpg","datePublished":"2017-08-05T11:50:53+00:00","dateModified":"2017-08-05T12:07:26+00:00","breadcrumb":{"@id":"https:\/\/www.publicalerting.com\/tr\/hakkimizda\/ab-fonlari\/#breadcrumb"},"inLanguage":"tr","potentialAction":[{"@type":"ReadAction","target":["https:\/\/www.publicalerting.com\/tr\/hakkimizda\/ab-fonlari\/"]}]},{"@type":"ImageObject","inLanguage":"tr","@id":"https:\/\/www.publicalerting.com\/tr\/hakkimizda\/ab-fonlari\/#primaryimage","url":"https:\/\/www.publicalerting.com\/tr\/wp-content\/uploads\/2017\/03\/unia_baner2_pomorskie_web.jpg","contentUrl":"https:\/\/www.publicalerting.com\/tr\/wp-content\/uploads\/2017\/03\/unia_baner2_pomorskie_web.jpg","width":480,"height":87},{"@type":"BreadcrumbList","@id":"https:\/\/www.publicalerting.com\/tr\/hakkimizda\/ab-fonlari\/#breadcrumb","itemListElement":[{"@type":"ListItem","position":1,"name":"Ana Sayfa","item":"https:\/\/www.publicalerting.com\/tr\/"},{"@type":"ListItem","position":2,"name":"Hakk\u0131m\u0131zda","item":"https:\/\/www.publicalerting.com\/tr\/hakkimizda\/"},{"@type":"ListItem","position":3,"name":"AB Fonlar\u0131"}]},{"@type":"WebSite","@id":"https:\/\/www.publicalerting.com\/tr\/#website","url":"https:\/\/www.publicalerting.com\/tr\/","name":"digitex","description":"","potentialAction":[{"@type":"SearchAction","target":{"@type":"EntryPoint","urlTemplate":"https:\/\/www.publicalerting.com\/tr\/?s={search_term_string}"},"query-input":{"@type":"PropertyValueSpecification","valueRequired":true,"valueName":"search_term_string"}}],"inLanguage":"tr"}]}},"_links":{"self":[{"href":"https:\/\/www.publicalerting.com\/tr\/wp-json\/wp\/v2\/pages\/208","targetHints":{"allow":["GET"]}}],"collection":[{"href":"https:\/\/www.publicalerting.com\/tr\/wp-json\/wp\/v2\/pages"}],"about":[{"href":"https:\/\/www.publicalerting.com\/tr\/wp-json\/wp\/v2\/types\/page"}],"author":[{"embeddable":true,"href":"https:\/\/www.publicalerting.com\/tr\/wp-json\/wp\/v2\/users\/2"}],"replies":[{"embeddable":true,"href":"https:\/\/www.publicalerting.com\/tr\/wp-json\/wp\/v2\/comments?post=208"}],"version-history":[{"count":0,"href":"https:\/\/www.publicalerting.com\/tr\/wp-json\/wp\/v2\/pages\/208\/revisions"}],"up":[{"embeddable":true,"href":"https:\/\/www.publicalerting.com\/tr\/wp-json\/wp\/v2\/pages\/17"}],"wp:attachment":[{"href":"https:\/\/www.publicalerting.com\/tr\/wp-json\/wp\/v2\/media?parent=208"}],"curies":[{"name":"wp","href":"https:\/\/api.w.org\/{rel}","templated":true}]}}