{"id":207,"date":"2017-08-05T14:41:56","date_gmt":"2017-08-05T11:41:56","guid":{"rendered":"http:\/\/www.publicalerting.com\/tr\/?page_id=207"},"modified":"2017-08-05T14:48:48","modified_gmt":"2017-08-05T11:48:48","slug":"gizlilik-politikasi","status":"publish","type":"page","link":"https:\/\/www.publicalerting.com\/tr\/hakkimizda\/gizlilik-politikasi\/","title":{"rendered":"Gizlilik Politikas\u0131"},"content":{"rendered":"<p style=\"text-align: justify;\">Kullan\u0131c\u0131lar\u0131n kendi iste\u011fiyle ileti\u015fim formlar\u0131nda, Platan internet hizmetlerinde ya da telefon g\u00f6r\u00fc\u015fmelerinde verdi\u011fi ki\u015fisel bilgiler (isim, adres, vb.) yaln\u0131zca m\u00fc\u015fteri hizmetlerini sa\u011flamak i\u00e7in kullan\u0131lmaktad\u0131r. Ki\u015fisel bilgiler yaln\u0131zca kullan\u0131c\u0131larla ileti\u015fim kurmak, tan\u0131lamak, sipari\u015flerini ve hizmet g\u00f6nderilerini i\u015flemek i\u00e7in toplan\u0131r.<\/p>\n<p style=\"text-align: justify;\">B\u00fcltenler yaln\u0131zca almak isteyen kullan\u0131c\u0131lara g\u00f6nderilir. Aboneler, ki\u015fisel verilerini de\u011fi\u015ftirme veya veri taban\u0131ndan kald\u0131rma hakk\u0131n\u0131 sakl\u0131 tutar. Herhangi bir \u00fc\u00e7\u00fcnc\u00fc \u015fahsa hi\u00e7bir ki\u015fisel veri aktar\u0131m\u0131 yap\u0131lmamaktad\u0131r.<\/p>\n<p style=\"text-align: justify;\">Platan&#8217;\u0131n internet \u00e7erezleri, kullan\u0131c\u0131n\u0131n web taray\u0131c\u0131 \u00f6nbelle\u011fine kaydedilen k\u00fc\u00e7\u00fck dosyalard\u0131r. Bireysel sistem ayarlar\u0131n\u0131 kaydeder ve kullan\u0131c\u0131n\u0131n oturumu s\u00fcrd\u00fcrerek Platan&#8217;\u0131n kimli\u011fi do\u011frulanm\u0131\u015f sayfalar\u0131n\u0131n kullan\u0131m\u0131na izin verirler. Platan, web sitesi kullan\u0131c\u0131lar\u0131 ile ilgili verilerin toplanmas\u0131n\u0131 ve kullan\u0131lmas\u0131n\u0131 minimumda tutar. Bilgiler, sadece web sitemizin ziyaret\u00e7ilerinin davran\u0131\u015flar\u0131n\u0131 daha iyi anlamam\u0131z\u0131 sa\u011flamak i\u00e7in tutulmaktad\u0131r, bu sebeple sadece istatistiksel ama\u00e7lar i\u00e7in kullan\u0131lmaktad\u0131r. \u0130statistiki veriler gizli tutulur ve ki\u015fisel veriler olarak kabul edilmez. Hi\u00e7bir veriyi reklam ama\u00e7l\u0131 kullanmaz ve \u00fc\u00e7\u00fcnc\u00fc bir tarafa aktarl\u0131maz.<\/p>\n<p style=\"text-align: justify;\">\u00c7erezleri web taray\u0131c\u0131n\u0131zdan devre d\u0131\u015f\u0131 b\u0131rakabilirsiniz, ancak bu Platan web sitesini kullan\u0131rken baz\u0131 problemlere neden olabilir. Web Taray\u0131c\u0131 yap\u0131mc\u0131lar\u0131, \u00e7erez y\u00f6netimi hakk\u0131nda web sitelerinde ayr\u0131nt\u0131l\u0131 bilgi yay\u0131nlamaktad\u0131rlar.<\/p>\n<p>Mevcut Gizlilik Politikas\u0131n\u0131 de\u011fi\u015ftirme hakk\u0131 sakl\u0131d\u0131r.<\/p>\n","protected":false},"excerpt":{"rendered":"<p>Kullan\u0131c\u0131lar\u0131n kendi iste\u011fiyle ileti\u015fim formlar\u0131nda, Platan internet hizmetlerinde ya da telefon g\u00f6r\u00fc\u015fmelerinde verdi\u011fi ki\u015fisel bilgiler (isim, adres, vb.) yaln\u0131zca m\u00fc\u015fteri hizmetlerini sa\u011flamak i\u00e7in kullan\u0131lmaktad\u0131r. Ki\u015fisel bilgiler yaln\u0131zca kullan\u0131c\u0131larla ileti\u015fim kurmak, tan\u0131lamak, sipari\u015flerini ve hizmet g\u00f6nderilerini i\u015flemek i\u00e7in toplan\u0131r. B\u00fcltenler yaln\u0131zca almak isteyen kullan\u0131c\u0131lara g\u00f6nderilir. Aboneler, ki\u015fisel verilerini de\u011fi\u015ftirme veya veri taban\u0131ndan kald\u0131rma hakk\u0131n\u0131 sakl\u0131 tutar. [&hellip;]<\/p>\n","protected":false},"author":2,"featured_media":0,"parent":17,"menu_order":4,"comment_status":"closed","ping_status":"closed","template":"","meta":{"_monsterinsights_skip_tracking":false,"_monsterinsights_sitenote_active":false,"_monsterinsights_sitenote_note":"","_monsterinsights_sitenote_category":0,"footnotes":""},"class_list":["post-207","page","type-page","status-publish","hentry"],"yoast_head":"<!-- This site is optimized with the Yoast SEO plugin v24.9 - https:\/\/yoast.com\/wordpress\/plugins\/seo\/ -->\n<title>Gizlilik Politikas\u0131 - digitex<\/title>\n<meta name=\"robots\" content=\"index, follow, max-snippet:-1, max-image-preview:large, max-video-preview:-1\" \/>\n<link rel=\"canonical\" href=\"https:\/\/www.publicalerting.com\/tr\/hakkimizda\/gizlilik-politikasi\/\" \/>\n<meta property=\"og:locale\" content=\"tr_TR\" \/>\n<meta property=\"og:type\" content=\"article\" \/>\n<meta property=\"og:title\" content=\"Gizlilik Politikas\u0131 - digitex\" \/>\n<meta property=\"og:description\" content=\"Kullan\u0131c\u0131lar\u0131n kendi iste\u011fiyle ileti\u015fim formlar\u0131nda, Platan internet hizmetlerinde ya da telefon g\u00f6r\u00fc\u015fmelerinde verdi\u011fi ki\u015fisel bilgiler (isim, adres, vb.) yaln\u0131zca m\u00fc\u015fteri hizmetlerini sa\u011flamak i\u00e7in kullan\u0131lmaktad\u0131r. Ki\u015fisel bilgiler yaln\u0131zca kullan\u0131c\u0131larla ileti\u015fim kurmak, tan\u0131lamak, sipari\u015flerini ve hizmet g\u00f6nderilerini i\u015flemek i\u00e7in toplan\u0131r. B\u00fcltenler yaln\u0131zca almak isteyen kullan\u0131c\u0131lara g\u00f6nderilir. Aboneler, ki\u015fisel verilerini de\u011fi\u015ftirme veya veri taban\u0131ndan kald\u0131rma hakk\u0131n\u0131 sakl\u0131 tutar. [&hellip;]\" \/>\n<meta property=\"og:url\" content=\"https:\/\/www.publicalerting.com\/tr\/hakkimizda\/gizlilik-politikasi\/\" \/>\n<meta property=\"og:site_name\" content=\"digitex\" \/>\n<meta property=\"article:modified_time\" content=\"2017-08-05T11:48:48+00:00\" \/>\n<meta name=\"twitter:card\" content=\"summary_large_image\" \/>\n<meta name=\"twitter:label1\" content=\"Tahmini okuma s\u00fcresi\" \/>\n\t<meta name=\"twitter:data1\" content=\"1 dakika\" \/>\n<script type=\"application\/ld+json\" class=\"yoast-schema-graph\">{\"@context\":\"https:\/\/schema.org\",\"@graph\":[{\"@type\":\"WebPage\",\"@id\":\"https:\/\/www.publicalerting.com\/tr\/hakkimizda\/gizlilik-politikasi\/\",\"url\":\"https:\/\/www.publicalerting.com\/tr\/hakkimizda\/gizlilik-politikasi\/\",\"name\":\"Gizlilik Politikas\u0131 - digitex\",\"isPartOf\":{\"@id\":\"https:\/\/www.publicalerting.com\/tr\/#website\"},\"datePublished\":\"2017-08-05T11:41:56+00:00\",\"dateModified\":\"2017-08-05T11:48:48+00:00\",\"breadcrumb\":{\"@id\":\"https:\/\/www.publicalerting.com\/tr\/hakkimizda\/gizlilik-politikasi\/#breadcrumb\"},\"inLanguage\":\"tr\",\"potentialAction\":[{\"@type\":\"ReadAction\",\"target\":[\"https:\/\/www.publicalerting.com\/tr\/hakkimizda\/gizlilik-politikasi\/\"]}]},{\"@type\":\"BreadcrumbList\",\"@id\":\"https:\/\/www.publicalerting.com\/tr\/hakkimizda\/gizlilik-politikasi\/#breadcrumb\",\"itemListElement\":[{\"@type\":\"ListItem\",\"position\":1,\"name\":\"Ana Sayfa\",\"item\":\"https:\/\/www.publicalerting.com\/tr\/\"},{\"@type\":\"ListItem\",\"position\":2,\"name\":\"Hakk\u0131m\u0131zda\",\"item\":\"https:\/\/www.publicalerting.com\/tr\/hakkimizda\/\"},{\"@type\":\"ListItem\",\"position\":3,\"name\":\"Gizlilik Politikas\u0131\"}]},{\"@type\":\"WebSite\",\"@id\":\"https:\/\/www.publicalerting.com\/tr\/#website\",\"url\":\"https:\/\/www.publicalerting.com\/tr\/\",\"name\":\"digitex\",\"description\":\"\",\"potentialAction\":[{\"@type\":\"SearchAction\",\"target\":{\"@type\":\"EntryPoint\",\"urlTemplate\":\"https:\/\/www.publicalerting.com\/tr\/?s={search_term_string}\"},\"query-input\":{\"@type\":\"PropertyValueSpecification\",\"valueRequired\":true,\"valueName\":\"search_term_string\"}}],\"inLanguage\":\"tr\"}]}<\/script>\n<!-- \/ Yoast SEO plugin. -->","yoast_head_json":{"title":"Gizlilik Politikas\u0131 - digitex","robots":{"index":"index","follow":"follow","max-snippet":"max-snippet:-1","max-image-preview":"max-image-preview:large","max-video-preview":"max-video-preview:-1"},"canonical":"https:\/\/www.publicalerting.com\/tr\/hakkimizda\/gizlilik-politikasi\/","og_locale":"tr_TR","og_type":"article","og_title":"Gizlilik Politikas\u0131 - digitex","og_description":"Kullan\u0131c\u0131lar\u0131n kendi iste\u011fiyle ileti\u015fim formlar\u0131nda, Platan internet hizmetlerinde ya da telefon g\u00f6r\u00fc\u015fmelerinde verdi\u011fi ki\u015fisel bilgiler (isim, adres, vb.) yaln\u0131zca m\u00fc\u015fteri hizmetlerini sa\u011flamak i\u00e7in kullan\u0131lmaktad\u0131r. Ki\u015fisel bilgiler yaln\u0131zca kullan\u0131c\u0131larla ileti\u015fim kurmak, tan\u0131lamak, sipari\u015flerini ve hizmet g\u00f6nderilerini i\u015flemek i\u00e7in toplan\u0131r. B\u00fcltenler yaln\u0131zca almak isteyen kullan\u0131c\u0131lara g\u00f6nderilir. Aboneler, ki\u015fisel verilerini de\u011fi\u015ftirme veya veri taban\u0131ndan kald\u0131rma hakk\u0131n\u0131 sakl\u0131 tutar. [&hellip;]","og_url":"https:\/\/www.publicalerting.com\/tr\/hakkimizda\/gizlilik-politikasi\/","og_site_name":"digitex","article_modified_time":"2017-08-05T11:48:48+00:00","twitter_card":"summary_large_image","twitter_misc":{"Tahmini okuma s\u00fcresi":"1 dakika"},"schema":{"@context":"https:\/\/schema.org","@graph":[{"@type":"WebPage","@id":"https:\/\/www.publicalerting.com\/tr\/hakkimizda\/gizlilik-politikasi\/","url":"https:\/\/www.publicalerting.com\/tr\/hakkimizda\/gizlilik-politikasi\/","name":"Gizlilik Politikas\u0131 - digitex","isPartOf":{"@id":"https:\/\/www.publicalerting.com\/tr\/#website"},"datePublished":"2017-08-05T11:41:56+00:00","dateModified":"2017-08-05T11:48:48+00:00","breadcrumb":{"@id":"https:\/\/www.publicalerting.com\/tr\/hakkimizda\/gizlilik-politikasi\/#breadcrumb"},"inLanguage":"tr","potentialAction":[{"@type":"ReadAction","target":["https:\/\/www.publicalerting.com\/tr\/hakkimizda\/gizlilik-politikasi\/"]}]},{"@type":"BreadcrumbList","@id":"https:\/\/www.publicalerting.com\/tr\/hakkimizda\/gizlilik-politikasi\/#breadcrumb","itemListElement":[{"@type":"ListItem","position":1,"name":"Ana Sayfa","item":"https:\/\/www.publicalerting.com\/tr\/"},{"@type":"ListItem","position":2,"name":"Hakk\u0131m\u0131zda","item":"https:\/\/www.publicalerting.com\/tr\/hakkimizda\/"},{"@type":"ListItem","position":3,"name":"Gizlilik Politikas\u0131"}]},{"@type":"WebSite","@id":"https:\/\/www.publicalerting.com\/tr\/#website","url":"https:\/\/www.publicalerting.com\/tr\/","name":"digitex","description":"","potentialAction":[{"@type":"SearchAction","target":{"@type":"EntryPoint","urlTemplate":"https:\/\/www.publicalerting.com\/tr\/?s={search_term_string}"},"query-input":{"@type":"PropertyValueSpecification","valueRequired":true,"valueName":"search_term_string"}}],"inLanguage":"tr"}]}},"_links":{"self":[{"href":"https:\/\/www.publicalerting.com\/tr\/wp-json\/wp\/v2\/pages\/207","targetHints":{"allow":["GET"]}}],"collection":[{"href":"https:\/\/www.publicalerting.com\/tr\/wp-json\/wp\/v2\/pages"}],"about":[{"href":"https:\/\/www.publicalerting.com\/tr\/wp-json\/wp\/v2\/types\/page"}],"author":[{"embeddable":true,"href":"https:\/\/www.publicalerting.com\/tr\/wp-json\/wp\/v2\/users\/2"}],"replies":[{"embeddable":true,"href":"https:\/\/www.publicalerting.com\/tr\/wp-json\/wp\/v2\/comments?post=207"}],"version-history":[{"count":0,"href":"https:\/\/www.publicalerting.com\/tr\/wp-json\/wp\/v2\/pages\/207\/revisions"}],"up":[{"embeddable":true,"href":"https:\/\/www.publicalerting.com\/tr\/wp-json\/wp\/v2\/pages\/17"}],"wp:attachment":[{"href":"https:\/\/www.publicalerting.com\/tr\/wp-json\/wp\/v2\/media?parent=207"}],"curies":[{"name":"wp","href":"https:\/\/api.w.org\/{rel}","templated":true}]}}