{"id":206,"date":"2017-08-05T14:00:07","date_gmt":"2017-08-05T11:00:07","guid":{"rendered":"http:\/\/www.publicalerting.com\/tr\/?page_id=206"},"modified":"2017-08-05T14:40:17","modified_gmt":"2017-08-05T11:40:17","slug":"oduller","status":"publish","type":"page","link":"https:\/\/www.publicalerting.com\/tr\/hakkimizda\/oduller\/","title":{"rendered":"\u00d6d\u00fcller"},"content":{"rendered":"<table>\n<thead>\n<tr>\n<th colspan=\"2\">\u00d6d\u00fcller<\/th>\n<\/tr>\n<\/thead>\n<tbody>\n<tr>\n<td>2013<\/td>\n<td><strong>Leader of National Security<\/strong> &#8211; <strong>digitexCZK\/IP<\/strong> Dijital Toplu Uyar\u0131 Sistemi i\u00e7in \u00f6d\u00fcl<\/td>\n<\/tr>\n<tr>\n<td>2010<\/td>\n<td><strong>Gazelles of Business<\/strong> &#8211; <em>Puls Biznesu<\/em> g\u00fcnl\u00fck gazetesi taraf\u0131ndan d\u00fczenlenen ankete dayanarak, sat\u0131\u015flar\u0131nda dinamik b\u00fcy\u00fcme kaydeden i\u015fletmeler i\u00e7in \u00f6d\u00fcl<\/td>\n<\/tr>\n<tr>\n<td>2009<\/td>\n<td><strong>Quality Brand<\/strong> &#8211; <em>Quality Management<\/em> dergisi taraf\u0131ndan d\u00fczenlenen yar\u0131\u015fmada, Platan i\u00e7in \u00f6d\u00fcl<\/td>\n<\/tr>\n<tr>\n<td>2008<\/td>\n<td><strong>Cordierite Compass<\/strong> &#8211; G\u00fcvenlik yenilikleri &#8211; DTS-2000\/GPRS Sistemi i\u00e7in 1inci Ulusal G\u00fcvenlik ve Acil Durum Y\u00f6netimi yar\u0131\u015fmas\u0131nda birincilik \u00f6d\u00fcl\u00fc<\/td>\n<\/tr>\n<tr>\n<td>2008<\/td>\n<td>6. Uluslararas\u0131 &#8220;Yang\u0131n ve Kurtarma Tekni\u011fi&#8221; Fuar\u0131 <strong>EDURA 2008<\/strong> &#8211; DTS-2000\/GPRS Sistemi i\u00e7in \u00f6zel \u00f6d\u00fcl<\/td>\n<\/tr>\n<tr>\n<td>2007<\/td>\n<td>Gda\u0144sk Teknik \u00dcniversitesi Elektronik, Telekom\u00fcnikasyon ve Enformatik Fak\u00fcltesi taraf\u0131ndan d\u00fczenlenen &#8220;<strong>Laurel for Employer<\/strong>&#8221; yar\u0131\u015fmas\u0131nda \u00f6zel \u00f6d\u00fcl<\/td>\n<\/tr>\n<tr>\n<td>2006<\/td>\n<td>5. Uluslararas\u0131 &#8220;Yang\u0131n ve Kurtarma Tekni\u011fi&#8221; Fuar\u0131 <strong>EDURA 2006<\/strong>, DSE Elektronik Sirenli, <strong>DSP-52BS \u0130stasyonu<\/strong> birincilik \u00f6d\u00fcl\u00fc<\/td>\n<\/tr>\n<tr>\n<td>2006<\/td>\n<td>Telecommunication World dergisi taraf\u0131ndan d\u00fczenlenen <strong>Gold Antennas<\/strong> yar\u0131\u015fmas\u0131nda \u00d6zel \u00d6d\u00fcl &#8211; <strong>Optima<\/strong> dijital PBX telefon sistemi i\u00e7in i\u015f kategorisinde sabit \u00e7\u00f6z\u00fcm<\/td>\n<\/tr>\n<tr>\n<td>2005<\/td>\n<td>Sopot Belediye Meclisi \u00d6zel \u00d6d\u00fcl\u00fc 2004 y\u0131l\u0131 en iyi yat\u0131r\u0131m merkezi &#8211; Platanowa caddesindeki \u015firket binas\u0131<\/td>\n<\/tr>\n<tr>\n<td>2005<\/td>\n<td><em>Infotel<\/em> dergisi taraf\u0131ndan d\u00fczenlenen yar\u0131\u015fmada Optima dijital telefon sistemi i\u00e7in <strong>Infotel&#8217;s Laurel<\/strong><\/td>\n<\/tr>\n<tr>\n<td>2005<\/td>\n<td><strong>INTERTELECOM 2005<\/strong> 16. Enternasyonal Telekom\u00fcnikasyon Fuar\u0131 &#8211; <strong>Optima<\/strong> dijital kom\u00fcnikasyon sistemi, alt\u0131n madalya<\/td>\n<\/tr>\n<tr>\n<td>2004<\/td>\n<td><strong>Sigma<\/strong> dijital PBX i\u00e7in <strong>Wprost<\/strong> Telekom\u00fcnikasyon Sertifikas\u0131<\/td>\n<\/tr>\n<tr>\n<td>2004<\/td>\n<td><strong>INTERTELECOM 2004<\/strong> 15. Enternasyonal Telekom\u00fcnikasyon Fuar\u0131 &#8211; Sigma dijital PBX, alt\u0131n madalya<\/td>\n<\/tr>\n<tr>\n<td>2003<\/td>\n<td>3. Uluslararas\u0131 &#8220;Yang\u0131n ve Kurtarma Tekni\u011fi&#8221; Fuar\u0131 <strong>EDURA 2003<\/strong>, DTS-2000 Kom\u00fcnikasyon Sistemi<\/td>\n<\/tr>\n<tr>\n<td>2003<\/td>\n<td>5. <strong>Infotel&#8217;s Laurel<\/strong> yar\u0131\u015fmas\u0131 \u00f6zel \u00f6d\u00fcl\u00fc &#8211; da\u011f\u0131t\u0131m merkezleri i\u00e7in <strong>DTS-2001<\/strong> Durum Terminalli, <strong>DTS-2000<\/strong> Kom\u00fcnikasyon Sistemi<\/td>\n<\/tr>\n<tr>\n<td>2002<\/td>\n<td><strong>Infotel&#8217;s Laurel<\/strong> \u00f6d\u00fcl\u00fc &#8211; Delta Dijital PBX<\/td>\n<\/tr>\n<tr>\n<td>2002<\/td>\n<td><strong>ISO 9001:2000<\/strong> Kalite Sertifikas\u0131 &#8211; Platan<\/td>\n<\/tr>\n<tr>\n<td>2001<\/td>\n<td><strong>ISO 9001:2000<\/strong> Kalite Sertifikas\u0131 &#8211; MICRONET<\/td>\n<\/tr>\n<tr>\n<td>1999<\/td>\n<td>9. Enternasyonel Telekom\u00fcnikasyon Fuar\u0131 <strong>KOMTEL 1999<\/strong> \u00d6zel \u00f6d\u00fcl\u00fc &#8211; <strong>DCT-50<\/strong> Dijital Pbx (Digitex)<\/td>\n<\/tr>\n<tr>\n<td>1998<\/td>\n<td>Polonya Promosyon Sertifikas\u0131 (Solidny Partner) (Micronet Ltd.)<\/td>\n<\/tr>\n<tr>\n<td>1998<\/td>\n<td>9. Lower Silesian Teknik Fuar\u0131 <strong>Tarel &#8217;98<\/strong> \u00d6zel \u00d6d\u00fcl\u00fc &#8211; <strong>DCT-5<\/strong> ve <strong>DCT-12<\/strong> PBX (Digitex)<\/td>\n<\/tr>\n<tr>\n<td>1997<\/td>\n<td>7. Enternasyonel Telekom\u00fcnikasyon Fuar\u0131 <strong>KOMTEL 1997<\/strong> Birincilik \u00f6d\u00fcl\u00fc &#8211; <strong>DCT-5<\/strong> ve <strong>DCT-12<\/strong> Dijital Pbx (Digitex)<\/td>\n<\/tr>\n<tr>\n<td>1995<\/td>\n<td><strong>INTERTELECOM 1995<\/strong> Enternasyonal Telekom\u00fcnikasyon Fuar\u0131 Alt\u0131n Madalya &#8211; DCT 2\/8 PBX (Digitex)<\/td>\n<\/tr>\n<tr>\n<td>1995<\/td>\n<td>Telekom\u00fcnikasyon G\u00fcnleri, <strong>Golden Connection<\/strong> yar\u0131\u015fmas\u0131 \u00f6zel \u00f6d\u00fcl\u00fc &#8211; DCT 2\/8 PBX (Digitex)<\/td>\n<\/tr>\n<\/tbody>\n<\/table>\n","protected":false},"excerpt":{"rendered":"<p>\u00d6d\u00fcller 2013 Leader of National Security &#8211; digitexCZK\/IP Dijital Toplu Uyar\u0131 Sistemi i\u00e7in \u00f6d\u00fcl 2010 Gazelles of Business &#8211; Puls Biznesu g\u00fcnl\u00fck gazetesi taraf\u0131ndan d\u00fczenlenen ankete dayanarak, sat\u0131\u015flar\u0131nda dinamik b\u00fcy\u00fcme kaydeden i\u015fletmeler i\u00e7in \u00f6d\u00fcl 2009 Quality Brand &#8211; Quality Management dergisi taraf\u0131ndan d\u00fczenlenen yar\u0131\u015fmada, Platan i\u00e7in \u00f6d\u00fcl 2008 Cordierite Compass &#8211; G\u00fcvenlik yenilikleri &#8211; DTS-2000\/GPRS [&hellip;]<\/p>\n","protected":false},"author":2,"featured_media":0,"parent":17,"menu_order":3,"comment_status":"closed","ping_status":"closed","template":"","meta":{"_monsterinsights_skip_tracking":false,"_monsterinsights_sitenote_active":false,"_monsterinsights_sitenote_note":"","_monsterinsights_sitenote_category":0,"footnotes":""},"class_list":["post-206","page","type-page","status-publish","hentry"],"yoast_head":"<!-- This site is optimized with the Yoast SEO plugin v24.9 - https:\/\/yoast.com\/wordpress\/plugins\/seo\/ -->\n<title>\u00d6d\u00fcller - digitex<\/title>\n<meta name=\"robots\" content=\"index, follow, max-snippet:-1, max-image-preview:large, max-video-preview:-1\" \/>\n<link rel=\"canonical\" href=\"https:\/\/www.publicalerting.com\/tr\/hakkimizda\/oduller\/\" \/>\n<meta property=\"og:locale\" content=\"tr_TR\" \/>\n<meta property=\"og:type\" content=\"article\" \/>\n<meta property=\"og:title\" content=\"\u00d6d\u00fcller - digitex\" \/>\n<meta property=\"og:description\" content=\"\u00d6d\u00fcller 2013 Leader of National Security &#8211; digitexCZK\/IP Dijital Toplu Uyar\u0131 Sistemi i\u00e7in \u00f6d\u00fcl 2010 Gazelles of Business &#8211; Puls Biznesu g\u00fcnl\u00fck gazetesi taraf\u0131ndan d\u00fczenlenen ankete dayanarak, sat\u0131\u015flar\u0131nda dinamik b\u00fcy\u00fcme kaydeden i\u015fletmeler i\u00e7in \u00f6d\u00fcl 2009 Quality Brand &#8211; Quality Management dergisi taraf\u0131ndan d\u00fczenlenen yar\u0131\u015fmada, Platan i\u00e7in \u00f6d\u00fcl 2008 Cordierite Compass &#8211; G\u00fcvenlik yenilikleri &#8211; DTS-2000\/GPRS [&hellip;]\" \/>\n<meta property=\"og:url\" content=\"https:\/\/www.publicalerting.com\/tr\/hakkimizda\/oduller\/\" \/>\n<meta property=\"og:site_name\" content=\"digitex\" \/>\n<meta property=\"article:modified_time\" content=\"2017-08-05T11:40:17+00:00\" \/>\n<meta name=\"twitter:card\" content=\"summary_large_image\" \/>\n<meta name=\"twitter:label1\" content=\"Tahmini okuma s\u00fcresi\" \/>\n\t<meta name=\"twitter:data1\" content=\"2 dakika\" \/>\n<script type=\"application\/ld+json\" class=\"yoast-schema-graph\">{\"@context\":\"https:\/\/schema.org\",\"@graph\":[{\"@type\":\"WebPage\",\"@id\":\"https:\/\/www.publicalerting.com\/tr\/hakkimizda\/oduller\/\",\"url\":\"https:\/\/www.publicalerting.com\/tr\/hakkimizda\/oduller\/\",\"name\":\"\u00d6d\u00fcller - digitex\",\"isPartOf\":{\"@id\":\"https:\/\/www.publicalerting.com\/tr\/#website\"},\"datePublished\":\"2017-08-05T11:00:07+00:00\",\"dateModified\":\"2017-08-05T11:40:17+00:00\",\"breadcrumb\":{\"@id\":\"https:\/\/www.publicalerting.com\/tr\/hakkimizda\/oduller\/#breadcrumb\"},\"inLanguage\":\"tr\",\"potentialAction\":[{\"@type\":\"ReadAction\",\"target\":[\"https:\/\/www.publicalerting.com\/tr\/hakkimizda\/oduller\/\"]}]},{\"@type\":\"BreadcrumbList\",\"@id\":\"https:\/\/www.publicalerting.com\/tr\/hakkimizda\/oduller\/#breadcrumb\",\"itemListElement\":[{\"@type\":\"ListItem\",\"position\":1,\"name\":\"Ana Sayfa\",\"item\":\"https:\/\/www.publicalerting.com\/tr\/\"},{\"@type\":\"ListItem\",\"position\":2,\"name\":\"Hakk\u0131m\u0131zda\",\"item\":\"https:\/\/www.publicalerting.com\/tr\/hakkimizda\/\"},{\"@type\":\"ListItem\",\"position\":3,\"name\":\"\u00d6d\u00fcller\"}]},{\"@type\":\"WebSite\",\"@id\":\"https:\/\/www.publicalerting.com\/tr\/#website\",\"url\":\"https:\/\/www.publicalerting.com\/tr\/\",\"name\":\"digitex\",\"description\":\"\",\"potentialAction\":[{\"@type\":\"SearchAction\",\"target\":{\"@type\":\"EntryPoint\",\"urlTemplate\":\"https:\/\/www.publicalerting.com\/tr\/?s={search_term_string}\"},\"query-input\":{\"@type\":\"PropertyValueSpecification\",\"valueRequired\":true,\"valueName\":\"search_term_string\"}}],\"inLanguage\":\"tr\"}]}<\/script>\n<!-- \/ Yoast SEO plugin. -->","yoast_head_json":{"title":"\u00d6d\u00fcller - digitex","robots":{"index":"index","follow":"follow","max-snippet":"max-snippet:-1","max-image-preview":"max-image-preview:large","max-video-preview":"max-video-preview:-1"},"canonical":"https:\/\/www.publicalerting.com\/tr\/hakkimizda\/oduller\/","og_locale":"tr_TR","og_type":"article","og_title":"\u00d6d\u00fcller - digitex","og_description":"\u00d6d\u00fcller 2013 Leader of National Security &#8211; digitexCZK\/IP Dijital Toplu Uyar\u0131 Sistemi i\u00e7in \u00f6d\u00fcl 2010 Gazelles of Business &#8211; Puls Biznesu g\u00fcnl\u00fck gazetesi taraf\u0131ndan d\u00fczenlenen ankete dayanarak, sat\u0131\u015flar\u0131nda dinamik b\u00fcy\u00fcme kaydeden i\u015fletmeler i\u00e7in \u00f6d\u00fcl 2009 Quality Brand &#8211; Quality Management dergisi taraf\u0131ndan d\u00fczenlenen yar\u0131\u015fmada, Platan i\u00e7in \u00f6d\u00fcl 2008 Cordierite Compass &#8211; G\u00fcvenlik yenilikleri &#8211; DTS-2000\/GPRS [&hellip;]","og_url":"https:\/\/www.publicalerting.com\/tr\/hakkimizda\/oduller\/","og_site_name":"digitex","article_modified_time":"2017-08-05T11:40:17+00:00","twitter_card":"summary_large_image","twitter_misc":{"Tahmini okuma s\u00fcresi":"2 dakika"},"schema":{"@context":"https:\/\/schema.org","@graph":[{"@type":"WebPage","@id":"https:\/\/www.publicalerting.com\/tr\/hakkimizda\/oduller\/","url":"https:\/\/www.publicalerting.com\/tr\/hakkimizda\/oduller\/","name":"\u00d6d\u00fcller - digitex","isPartOf":{"@id":"https:\/\/www.publicalerting.com\/tr\/#website"},"datePublished":"2017-08-05T11:00:07+00:00","dateModified":"2017-08-05T11:40:17+00:00","breadcrumb":{"@id":"https:\/\/www.publicalerting.com\/tr\/hakkimizda\/oduller\/#breadcrumb"},"inLanguage":"tr","potentialAction":[{"@type":"ReadAction","target":["https:\/\/www.publicalerting.com\/tr\/hakkimizda\/oduller\/"]}]},{"@type":"BreadcrumbList","@id":"https:\/\/www.publicalerting.com\/tr\/hakkimizda\/oduller\/#breadcrumb","itemListElement":[{"@type":"ListItem","position":1,"name":"Ana Sayfa","item":"https:\/\/www.publicalerting.com\/tr\/"},{"@type":"ListItem","position":2,"name":"Hakk\u0131m\u0131zda","item":"https:\/\/www.publicalerting.com\/tr\/hakkimizda\/"},{"@type":"ListItem","position":3,"name":"\u00d6d\u00fcller"}]},{"@type":"WebSite","@id":"https:\/\/www.publicalerting.com\/tr\/#website","url":"https:\/\/www.publicalerting.com\/tr\/","name":"digitex","description":"","potentialAction":[{"@type":"SearchAction","target":{"@type":"EntryPoint","urlTemplate":"https:\/\/www.publicalerting.com\/tr\/?s={search_term_string}"},"query-input":{"@type":"PropertyValueSpecification","valueRequired":true,"valueName":"search_term_string"}}],"inLanguage":"tr"}]}},"_links":{"self":[{"href":"https:\/\/www.publicalerting.com\/tr\/wp-json\/wp\/v2\/pages\/206","targetHints":{"allow":["GET"]}}],"collection":[{"href":"https:\/\/www.publicalerting.com\/tr\/wp-json\/wp\/v2\/pages"}],"about":[{"href":"https:\/\/www.publicalerting.com\/tr\/wp-json\/wp\/v2\/types\/page"}],"author":[{"embeddable":true,"href":"https:\/\/www.publicalerting.com\/tr\/wp-json\/wp\/v2\/users\/2"}],"replies":[{"embeddable":true,"href":"https:\/\/www.publicalerting.com\/tr\/wp-json\/wp\/v2\/comments?post=206"}],"version-history":[{"count":0,"href":"https:\/\/www.publicalerting.com\/tr\/wp-json\/wp\/v2\/pages\/206\/revisions"}],"up":[{"embeddable":true,"href":"https:\/\/www.publicalerting.com\/tr\/wp-json\/wp\/v2\/pages\/17"}],"wp:attachment":[{"href":"https:\/\/www.publicalerting.com\/tr\/wp-json\/wp\/v2\/media?parent=206"}],"curies":[{"name":"wp","href":"https:\/\/api.w.org\/{rel}","templated":true}]}}