{"id":205,"date":"2017-08-05T13:46:51","date_gmt":"2017-08-05T10:46:51","guid":{"rendered":"http:\/\/www.publicalerting.com\/tr\/?page_id=205"},"modified":"2017-08-05T13:57:20","modified_gmt":"2017-08-05T10:57:20","slug":"kalite-politikasi","status":"publish","type":"page","link":"https:\/\/www.publicalerting.com\/tr\/hakkimizda\/kalite-politikasi\/","title":{"rendered":"Kalite Politikas\u0131"},"content":{"rendered":"<p style=\"text-align: justify;\">Platan taraf\u0131ndan geli\u015ftirilen sistemler tamamen Avrupa teknik bilgisine dayanmaktad\u0131r. Platan, tasar\u0131m ofisi ve y\u00fcksek nitelikli telekom\u00fcnikasyon, IT ve elektronik uzmanlar\u0131 sayesinde en g\u00fcncel teknolojileri ve trendleri kullanan \u00e7\u00f6z\u00fcmler sunar. T\u00fcm \u00fcr\u00fcnlerimiz, pazar ihtiya\u00e7lar\u0131n\u0131 ve beklentilerini kar\u015f\u0131layabilmek i\u00e7in \u00f6zel olarak tasarlanm\u0131\u015ft\u0131r.<\/p>\n<p style=\"text-align: justify;\">Telekom\u00fcnikasyon \u00fcr\u00fcnlerinin tasar\u0131m\u0131, \u00fcretimi, sat\u0131\u015f\u0131 ve servis hizmetleri i\u00e7in <strong>ISO 9001:2008<\/strong> Kalite Y\u00f6netim Sistemi Sertifikas\u0131, kalite standartlar\u0131na uygunlu\u011fumuzun kan\u0131t\u0131d\u0131r.<\/p>\n<p><a href=\"https:\/\/www.publicalerting.com\/tr\/wp-content\/uploads\/2017\/03\/iso.jpg\"><img loading=\"lazy\" decoding=\"async\" class=\"aligncenter size-full\" src=\"https:\/\/www.publicalerting.com\/tr\/wp-content\/uploads\/2017\/03\/iso_2.jpg\" width=\"240\" height=\"340\" \/><\/a><\/p>\n<p style=\"text-align: center;\">Certificate No 82218-2010-AQ-POL-RvA Rev.1 belgesi, 3 Eyl\u00fcl 2013 tarihine kadar ge\u00e7erlidir.<\/p>\n","protected":false},"excerpt":{"rendered":"<p>Platan taraf\u0131ndan geli\u015ftirilen sistemler tamamen Avrupa teknik bilgisine dayanmaktad\u0131r. Platan, tasar\u0131m ofisi ve y\u00fcksek nitelikli telekom\u00fcnikasyon, IT ve elektronik uzmanlar\u0131 sayesinde en g\u00fcncel teknolojileri ve trendleri kullanan \u00e7\u00f6z\u00fcmler sunar. T\u00fcm \u00fcr\u00fcnlerimiz, pazar ihtiya\u00e7lar\u0131n\u0131 ve beklentilerini kar\u015f\u0131layabilmek i\u00e7in \u00f6zel olarak tasarlanm\u0131\u015ft\u0131r. Telekom\u00fcnikasyon \u00fcr\u00fcnlerinin tasar\u0131m\u0131, \u00fcretimi, sat\u0131\u015f\u0131 ve servis hizmetleri i\u00e7in ISO 9001:2008 Kalite Y\u00f6netim Sistemi Sertifikas\u0131, [&hellip;]<\/p>\n","protected":false},"author":2,"featured_media":0,"parent":17,"menu_order":2,"comment_status":"closed","ping_status":"closed","template":"","meta":{"_monsterinsights_skip_tracking":false,"_monsterinsights_sitenote_active":false,"_monsterinsights_sitenote_note":"","_monsterinsights_sitenote_category":0,"footnotes":""},"class_list":["post-205","page","type-page","status-publish","hentry"],"yoast_head":"<!-- This site is optimized with the Yoast SEO plugin v24.9 - https:\/\/yoast.com\/wordpress\/plugins\/seo\/ -->\n<title>Kalite Politikas\u0131 - digitex<\/title>\n<meta name=\"robots\" content=\"index, follow, max-snippet:-1, max-image-preview:large, max-video-preview:-1\" \/>\n<link rel=\"canonical\" href=\"https:\/\/www.publicalerting.com\/tr\/hakkimizda\/kalite-politikasi\/\" \/>\n<meta property=\"og:locale\" content=\"tr_TR\" \/>\n<meta property=\"og:type\" content=\"article\" \/>\n<meta property=\"og:title\" content=\"Kalite Politikas\u0131 - digitex\" \/>\n<meta property=\"og:description\" content=\"Platan taraf\u0131ndan geli\u015ftirilen sistemler tamamen Avrupa teknik bilgisine dayanmaktad\u0131r. Platan, tasar\u0131m ofisi ve y\u00fcksek nitelikli telekom\u00fcnikasyon, IT ve elektronik uzmanlar\u0131 sayesinde en g\u00fcncel teknolojileri ve trendleri kullanan \u00e7\u00f6z\u00fcmler sunar. T\u00fcm \u00fcr\u00fcnlerimiz, pazar ihtiya\u00e7lar\u0131n\u0131 ve beklentilerini kar\u015f\u0131layabilmek i\u00e7in \u00f6zel olarak tasarlanm\u0131\u015ft\u0131r. Telekom\u00fcnikasyon \u00fcr\u00fcnlerinin tasar\u0131m\u0131, \u00fcretimi, sat\u0131\u015f\u0131 ve servis hizmetleri i\u00e7in ISO 9001:2008 Kalite Y\u00f6netim Sistemi Sertifikas\u0131, [&hellip;]\" \/>\n<meta property=\"og:url\" content=\"https:\/\/www.publicalerting.com\/tr\/hakkimizda\/kalite-politikasi\/\" \/>\n<meta property=\"og:site_name\" content=\"digitex\" \/>\n<meta property=\"article:modified_time\" content=\"2017-08-05T10:57:20+00:00\" \/>\n<meta property=\"og:image\" content=\"https:\/\/www.publicalerting.com\/tr\/wp-content\/uploads\/2017\/03\/iso_2.jpg\" \/>\n<meta name=\"twitter:card\" content=\"summary_large_image\" \/>\n<script type=\"application\/ld+json\" class=\"yoast-schema-graph\">{\"@context\":\"https:\/\/schema.org\",\"@graph\":[{\"@type\":\"WebPage\",\"@id\":\"https:\/\/www.publicalerting.com\/tr\/hakkimizda\/kalite-politikasi\/\",\"url\":\"https:\/\/www.publicalerting.com\/tr\/hakkimizda\/kalite-politikasi\/\",\"name\":\"Kalite Politikas\u0131 - digitex\",\"isPartOf\":{\"@id\":\"https:\/\/www.publicalerting.com\/tr\/#website\"},\"primaryImageOfPage\":{\"@id\":\"https:\/\/www.publicalerting.com\/tr\/hakkimizda\/kalite-politikasi\/#primaryimage\"},\"image\":{\"@id\":\"https:\/\/www.publicalerting.com\/tr\/hakkimizda\/kalite-politikasi\/#primaryimage\"},\"thumbnailUrl\":\"https:\/\/www.publicalerting.com\/tr\/wp-content\/uploads\/2017\/03\/iso_2.jpg\",\"datePublished\":\"2017-08-05T10:46:51+00:00\",\"dateModified\":\"2017-08-05T10:57:20+00:00\",\"breadcrumb\":{\"@id\":\"https:\/\/www.publicalerting.com\/tr\/hakkimizda\/kalite-politikasi\/#breadcrumb\"},\"inLanguage\":\"tr\",\"potentialAction\":[{\"@type\":\"ReadAction\",\"target\":[\"https:\/\/www.publicalerting.com\/tr\/hakkimizda\/kalite-politikasi\/\"]}]},{\"@type\":\"ImageObject\",\"inLanguage\":\"tr\",\"@id\":\"https:\/\/www.publicalerting.com\/tr\/hakkimizda\/kalite-politikasi\/#primaryimage\",\"url\":\"https:\/\/www.publicalerting.com\/tr\/wp-content\/uploads\/2017\/03\/iso_2.jpg\",\"contentUrl\":\"https:\/\/www.publicalerting.com\/tr\/wp-content\/uploads\/2017\/03\/iso_2.jpg\",\"width\":240,\"height\":340},{\"@type\":\"BreadcrumbList\",\"@id\":\"https:\/\/www.publicalerting.com\/tr\/hakkimizda\/kalite-politikasi\/#breadcrumb\",\"itemListElement\":[{\"@type\":\"ListItem\",\"position\":1,\"name\":\"Ana Sayfa\",\"item\":\"https:\/\/www.publicalerting.com\/tr\/\"},{\"@type\":\"ListItem\",\"position\":2,\"name\":\"Hakk\u0131m\u0131zda\",\"item\":\"https:\/\/www.publicalerting.com\/tr\/hakkimizda\/\"},{\"@type\":\"ListItem\",\"position\":3,\"name\":\"Kalite Politikas\u0131\"}]},{\"@type\":\"WebSite\",\"@id\":\"https:\/\/www.publicalerting.com\/tr\/#website\",\"url\":\"https:\/\/www.publicalerting.com\/tr\/\",\"name\":\"digitex\",\"description\":\"\",\"potentialAction\":[{\"@type\":\"SearchAction\",\"target\":{\"@type\":\"EntryPoint\",\"urlTemplate\":\"https:\/\/www.publicalerting.com\/tr\/?s={search_term_string}\"},\"query-input\":{\"@type\":\"PropertyValueSpecification\",\"valueRequired\":true,\"valueName\":\"search_term_string\"}}],\"inLanguage\":\"tr\"}]}<\/script>\n<!-- \/ Yoast SEO plugin. -->","yoast_head_json":{"title":"Kalite Politikas\u0131 - digitex","robots":{"index":"index","follow":"follow","max-snippet":"max-snippet:-1","max-image-preview":"max-image-preview:large","max-video-preview":"max-video-preview:-1"},"canonical":"https:\/\/www.publicalerting.com\/tr\/hakkimizda\/kalite-politikasi\/","og_locale":"tr_TR","og_type":"article","og_title":"Kalite Politikas\u0131 - digitex","og_description":"Platan taraf\u0131ndan geli\u015ftirilen sistemler tamamen Avrupa teknik bilgisine dayanmaktad\u0131r. Platan, tasar\u0131m ofisi ve y\u00fcksek nitelikli telekom\u00fcnikasyon, IT ve elektronik uzmanlar\u0131 sayesinde en g\u00fcncel teknolojileri ve trendleri kullanan \u00e7\u00f6z\u00fcmler sunar. T\u00fcm \u00fcr\u00fcnlerimiz, pazar ihtiya\u00e7lar\u0131n\u0131 ve beklentilerini kar\u015f\u0131layabilmek i\u00e7in \u00f6zel olarak tasarlanm\u0131\u015ft\u0131r. Telekom\u00fcnikasyon \u00fcr\u00fcnlerinin tasar\u0131m\u0131, \u00fcretimi, sat\u0131\u015f\u0131 ve servis hizmetleri i\u00e7in ISO 9001:2008 Kalite Y\u00f6netim Sistemi Sertifikas\u0131, [&hellip;]","og_url":"https:\/\/www.publicalerting.com\/tr\/hakkimizda\/kalite-politikasi\/","og_site_name":"digitex","article_modified_time":"2017-08-05T10:57:20+00:00","og_image":[{"url":"https:\/\/www.publicalerting.com\/tr\/wp-content\/uploads\/2017\/03\/iso_2.jpg","type":"","width":"","height":""}],"twitter_card":"summary_large_image","schema":{"@context":"https:\/\/schema.org","@graph":[{"@type":"WebPage","@id":"https:\/\/www.publicalerting.com\/tr\/hakkimizda\/kalite-politikasi\/","url":"https:\/\/www.publicalerting.com\/tr\/hakkimizda\/kalite-politikasi\/","name":"Kalite Politikas\u0131 - digitex","isPartOf":{"@id":"https:\/\/www.publicalerting.com\/tr\/#website"},"primaryImageOfPage":{"@id":"https:\/\/www.publicalerting.com\/tr\/hakkimizda\/kalite-politikasi\/#primaryimage"},"image":{"@id":"https:\/\/www.publicalerting.com\/tr\/hakkimizda\/kalite-politikasi\/#primaryimage"},"thumbnailUrl":"https:\/\/www.publicalerting.com\/tr\/wp-content\/uploads\/2017\/03\/iso_2.jpg","datePublished":"2017-08-05T10:46:51+00:00","dateModified":"2017-08-05T10:57:20+00:00","breadcrumb":{"@id":"https:\/\/www.publicalerting.com\/tr\/hakkimizda\/kalite-politikasi\/#breadcrumb"},"inLanguage":"tr","potentialAction":[{"@type":"ReadAction","target":["https:\/\/www.publicalerting.com\/tr\/hakkimizda\/kalite-politikasi\/"]}]},{"@type":"ImageObject","inLanguage":"tr","@id":"https:\/\/www.publicalerting.com\/tr\/hakkimizda\/kalite-politikasi\/#primaryimage","url":"https:\/\/www.publicalerting.com\/tr\/wp-content\/uploads\/2017\/03\/iso_2.jpg","contentUrl":"https:\/\/www.publicalerting.com\/tr\/wp-content\/uploads\/2017\/03\/iso_2.jpg","width":240,"height":340},{"@type":"BreadcrumbList","@id":"https:\/\/www.publicalerting.com\/tr\/hakkimizda\/kalite-politikasi\/#breadcrumb","itemListElement":[{"@type":"ListItem","position":1,"name":"Ana Sayfa","item":"https:\/\/www.publicalerting.com\/tr\/"},{"@type":"ListItem","position":2,"name":"Hakk\u0131m\u0131zda","item":"https:\/\/www.publicalerting.com\/tr\/hakkimizda\/"},{"@type":"ListItem","position":3,"name":"Kalite Politikas\u0131"}]},{"@type":"WebSite","@id":"https:\/\/www.publicalerting.com\/tr\/#website","url":"https:\/\/www.publicalerting.com\/tr\/","name":"digitex","description":"","potentialAction":[{"@type":"SearchAction","target":{"@type":"EntryPoint","urlTemplate":"https:\/\/www.publicalerting.com\/tr\/?s={search_term_string}"},"query-input":{"@type":"PropertyValueSpecification","valueRequired":true,"valueName":"search_term_string"}}],"inLanguage":"tr"}]}},"_links":{"self":[{"href":"https:\/\/www.publicalerting.com\/tr\/wp-json\/wp\/v2\/pages\/205","targetHints":{"allow":["GET"]}}],"collection":[{"href":"https:\/\/www.publicalerting.com\/tr\/wp-json\/wp\/v2\/pages"}],"about":[{"href":"https:\/\/www.publicalerting.com\/tr\/wp-json\/wp\/v2\/types\/page"}],"author":[{"embeddable":true,"href":"https:\/\/www.publicalerting.com\/tr\/wp-json\/wp\/v2\/users\/2"}],"replies":[{"embeddable":true,"href":"https:\/\/www.publicalerting.com\/tr\/wp-json\/wp\/v2\/comments?post=205"}],"version-history":[{"count":0,"href":"https:\/\/www.publicalerting.com\/tr\/wp-json\/wp\/v2\/pages\/205\/revisions"}],"up":[{"embeddable":true,"href":"https:\/\/www.publicalerting.com\/tr\/wp-json\/wp\/v2\/pages\/17"}],"wp:attachment":[{"href":"https:\/\/www.publicalerting.com\/tr\/wp-json\/wp\/v2\/media?parent=205"}],"curies":[{"name":"wp","href":"https:\/\/api.w.org\/{rel}","templated":true}]}}