{"id":2,"date":"2016-12-09T14:55:22","date_gmt":"2016-12-09T11:55:22","guid":{"rendered":"http:\/\/www.publicalerting.com\/tr\/?page_id=2"},"modified":"2019-08-08T15:14:27","modified_gmt":"2019-08-08T12:14:27","slug":"main-page","status":"publish","type":"page","link":"https:\/\/www.publicalerting.com\/tr\/","title":{"rendered":"Main Page"},"content":{"rendered":"<div id='gallery-1' class='gallery galleryid-2 gallery-columns-4 gallery-size-full'><dl class='gallery-item'>\n\t\t\t<dt class='gallery-icon landscape'>\n\t\t\t\t<img loading=\"lazy\" decoding=\"async\" width=\"980\" height=\"255\" src=\"https:\/\/www.publicalerting.com\/tr\/wp-content\/uploads\/2016\/12\/slajd_3_1_en.jpg\" class=\"attachment-full size-full\" alt=\"\" srcset=\"https:\/\/www.publicalerting.com\/tr\/wp-content\/uploads\/2016\/12\/slajd_3_1_en.jpg 980w, https:\/\/www.publicalerting.com\/tr\/wp-content\/uploads\/2016\/12\/slajd_3_1_en-300x78.jpg 300w, https:\/\/www.publicalerting.com\/tr\/wp-content\/uploads\/2016\/12\/slajd_3_1_en-768x200.jpg 768w\" sizes=\"auto, (max-width: 980px) 100vw, 980px\" \/>\n\t\t\t<\/dt><\/dl><dl class='gallery-item'>\n\t\t\t<dt class='gallery-icon landscape'>\n\t\t\t\t<img loading=\"lazy\" decoding=\"async\" width=\"980\" height=\"255\" src=\"https:\/\/www.publicalerting.com\/tr\/wp-content\/uploads\/2016\/12\/slajd_1_en.jpg\" class=\"attachment-full size-full\" alt=\"\" srcset=\"https:\/\/www.publicalerting.com\/tr\/wp-content\/uploads\/2016\/12\/slajd_1_en.jpg 980w, https:\/\/www.publicalerting.com\/tr\/wp-content\/uploads\/2016\/12\/slajd_1_en-300x78.jpg 300w, https:\/\/www.publicalerting.com\/tr\/wp-content\/uploads\/2016\/12\/slajd_1_en-768x200.jpg 768w\" sizes=\"auto, (max-width: 980px) 100vw, 980px\" \/>\n\t\t\t<\/dt><\/dl><dl class='gallery-item'>\n\t\t\t<dt class='gallery-icon landscape'>\n\t\t\t\t<img loading=\"lazy\" decoding=\"async\" width=\"980\" height=\"255\" src=\"https:\/\/www.publicalerting.com\/tr\/wp-content\/uploads\/2017\/03\/slajd_4_2.jpg\" class=\"attachment-full size-full\" alt=\"\" srcset=\"https:\/\/www.publicalerting.com\/tr\/wp-content\/uploads\/2017\/03\/slajd_4_2.jpg 980w, https:\/\/www.publicalerting.com\/tr\/wp-content\/uploads\/2017\/03\/slajd_4_2-300x78.jpg 300w, https:\/\/www.publicalerting.com\/tr\/wp-content\/uploads\/2017\/03\/slajd_4_2-768x200.jpg 768w\" sizes=\"auto, (max-width: 980px) 100vw, 980px\" \/>\n\t\t\t<\/dt><\/dl><dl class='gallery-item'>\n\t\t\t<dt class='gallery-icon landscape'>\n\t\t\t\t<img loading=\"lazy\" decoding=\"async\" width=\"980\" height=\"255\" src=\"https:\/\/www.publicalerting.com\/tr\/wp-content\/uploads\/2017\/03\/digitex_slajd_nowe_technologie_en.jpg\" class=\"attachment-full size-full\" alt=\"\" srcset=\"https:\/\/www.publicalerting.com\/tr\/wp-content\/uploads\/2017\/03\/digitex_slajd_nowe_technologie_en.jpg 980w, https:\/\/www.publicalerting.com\/tr\/wp-content\/uploads\/2017\/03\/digitex_slajd_nowe_technologie_en-300x78.jpg 300w, https:\/\/www.publicalerting.com\/tr\/wp-content\/uploads\/2017\/03\/digitex_slajd_nowe_technologie_en-768x200.jpg 768w\" sizes=\"auto, (max-width: 980px) 100vw, 980px\" \/>\n\t\t\t<\/dt><\/dl><br style=\"clear: both\" \/>\n\t\t<\/div>\n\n<h2>Yeni \u00dcr\u00fcnler<\/h2>\n<p><strong>Elektronik Siren Menzil Modelleme Yaz\u0131l\u0131m\u0131<\/strong><\/p>\n<p><img loading=\"lazy\" decoding=\"async\" class=\"aligncenter size-full wp-image-259\" src=\"https:\/\/www.publicalerting.com\/tr\/wp-content\/uploads\/2017\/03\/zasiegi3.jpg\" alt=\"\" width=\"160\" height=\"128\" \/><\/p>\n<p style=\"text-align: justify;\">M\u00fc\u015fterilerimizin, \u00f6zel projelerinde do\u011fru g\u00fc\u00e7te sirenleri kolayca se\u00e7ebilmeleri i\u00e7in <strong>Elektronik Siren Menzil Modelleme Yaz\u0131l\u0131m\u0131<\/strong> olu\u015fturduk.<\/p>\n<p><a href=\"http:\/\/zasiegipro.digitex.pl\/\">Daha fazlas\u0131&#8230;<\/a><\/p>\n<h2>Haberler<\/h2>\n<p><strong>\u0130stikamet &#8211; T\u00fcrkiye!<\/strong><\/p>\n<p><img loading=\"lazy\" decoding=\"async\" class=\"wp-image-195 aligncenter\" src=\"http:\/\/www.publicalerting.com\/tr\/wp-content\/uploads\/2017\/08\/image1-300x200.jpeg\" alt=\"\" width=\"260\" height=\"173\" srcset=\"https:\/\/www.publicalerting.com\/tr\/wp-content\/uploads\/2017\/08\/image1-300x200.jpeg 300w, https:\/\/www.publicalerting.com\/tr\/wp-content\/uploads\/2017\/08\/image1-768x512.jpeg 768w, https:\/\/www.publicalerting.com\/tr\/wp-content\/uploads\/2017\/08\/image1-1024x683.jpeg 1024w, https:\/\/www.publicalerting.com\/tr\/wp-content\/uploads\/2017\/08\/image1.jpeg 1423w\" sizes=\"auto, (max-width: 260px) 100vw, 260px\" \/><\/p>\n<p style=\"text-align: justify;\">2-9 Nisan 2017 tarihinde DIGITEX T\u00fcrkiye&#8217;ye ilk i\u015f gezisini d\u00fczenledi.<\/p>\n<p><a href=\"https:\/\/www.publicalerting.com\/tr\/haberler\/istikamet-turkiye\/\">Daha fazlas\u0131&#8230;<\/a><\/p>\n<h2>Bize Ula\u015f\u0131n<\/h2>\n<p><strong>D\u0131\u015f Ticaret Ofisi<\/strong><\/p>\n<p><img loading=\"lazy\" decoding=\"async\" class=\"aligncenter size-full wp-image-257\" src=\"https:\/\/www.publicalerting.com\/tr\/wp-content\/uploads\/2017\/03\/contact_3_c350.jpg\" alt=\"\" width=\"200\" height=\"100\" \/><\/p>\n<p style=\"text-align: justify;\">T\u00fcm \u00fcr\u00fcnler hakk\u0131nda daha detayl\u0131 bilgi i\u00e7in, d\u0131\u015f ticaret ofisimizle irtibata ge\u00e7in.<\/p>\n<p><a href=\"https:\/\/www.publicalerting.com\/tr\/iletisim\/\">Daha fazlas\u0131&#8230;<\/a><\/p>\n","protected":false},"excerpt":{"rendered":"<p>Yeni \u00dcr\u00fcnler Elektronik Siren Menzil Modelleme Yaz\u0131l\u0131m\u0131 M\u00fc\u015fterilerimizin, \u00f6zel projelerinde do\u011fru g\u00fc\u00e7te sirenleri kolayca se\u00e7ebilmeleri i\u00e7in Elektronik Siren Menzil Modelleme Yaz\u0131l\u0131m\u0131 olu\u015fturduk. Daha fazlas\u0131&#8230; Haberler \u0130stikamet &#8211; T\u00fcrkiye! 2-9 Nisan 2017 tarihinde DIGITEX T\u00fcrkiye&#8217;ye ilk i\u015f gezisini d\u00fczenledi. Daha fazlas\u0131&#8230; Bize Ula\u015f\u0131n D\u0131\u015f Ticaret Ofisi T\u00fcm \u00fcr\u00fcnler hakk\u0131nda daha detayl\u0131 bilgi i\u00e7in, d\u0131\u015f ticaret ofisimizle [&hellip;]<\/p>\n","protected":false},"author":2,"featured_media":0,"parent":0,"menu_order":1,"comment_status":"closed","ping_status":"closed","template":"","meta":{"_monsterinsights_skip_tracking":false,"_monsterinsights_sitenote_active":false,"_monsterinsights_sitenote_note":"","_monsterinsights_sitenote_category":0,"footnotes":""},"class_list":["post-2","page","type-page","status-publish","hentry"],"yoast_head":"<!-- This site is optimized with the Yoast SEO plugin v24.9 - https:\/\/yoast.com\/wordpress\/plugins\/seo\/ -->\n<title>Digitex Toplum Uyar\u0131 Sistemi<\/title>\n<meta name=\"description\" content=\"Platan, uyar\u0131, bildirim ve PBX sistemlerininin Orta Avrupa&#039;daki lider \u00fcreticisidir. Kamu uyar\u0131 ve toplu tebli\u011f, do\u011fal ve end\u00fcstriyel felaket uyar\u0131lar\u0131, tehlike izleme ve acil m\u00fcdahale konular\u0131nda \u00e7\u00f6z\u00fcmler sunmaktay\u0131z.\" \/>\n<meta name=\"robots\" content=\"index, follow, max-snippet:-1, max-image-preview:large, max-video-preview:-1\" \/>\n<link rel=\"canonical\" href=\"https:\/\/www.publicalerting.com\/tr\/\" \/>\n<meta property=\"og:locale\" content=\"tr_TR\" \/>\n<meta property=\"og:type\" content=\"article\" \/>\n<meta property=\"og:title\" content=\"Digitex Toplum Uyar\u0131 Sistemi\" \/>\n<meta property=\"og:description\" content=\"Platan, uyar\u0131, bildirim ve PBX sistemlerininin Orta Avrupa&#039;daki lider \u00fcreticisidir. Kamu uyar\u0131 ve toplu tebli\u011f, do\u011fal ve end\u00fcstriyel felaket uyar\u0131lar\u0131, tehlike izleme ve acil m\u00fcdahale konular\u0131nda \u00e7\u00f6z\u00fcmler sunmaktay\u0131z.\" \/>\n<meta property=\"og:url\" content=\"https:\/\/www.publicalerting.com\/tr\/\" \/>\n<meta property=\"og:site_name\" content=\"digitex\" \/>\n<meta property=\"article:modified_time\" content=\"2019-08-08T12:14:27+00:00\" \/>\n<meta property=\"og:image\" content=\"https:\/\/www.publicalerting.com\/tr\/wp-content\/uploads\/2016\/12\/slajd_3_1_en.jpg\" \/>\n<meta name=\"twitter:card\" content=\"summary_large_image\" \/>\n<script type=\"application\/ld+json\" class=\"yoast-schema-graph\">{\"@context\":\"https:\/\/schema.org\",\"@graph\":[{\"@type\":\"WebPage\",\"@id\":\"https:\/\/www.publicalerting.com\/tr\/\",\"url\":\"https:\/\/www.publicalerting.com\/tr\/\",\"name\":\"Digitex Toplum Uyar\u0131 Sistemi\",\"isPartOf\":{\"@id\":\"https:\/\/www.publicalerting.com\/tr\/#website\"},\"primaryImageOfPage\":{\"@id\":\"https:\/\/www.publicalerting.com\/tr\/#primaryimage\"},\"image\":{\"@id\":\"https:\/\/www.publicalerting.com\/tr\/#primaryimage\"},\"thumbnailUrl\":\"https:\/\/www.publicalerting.com\/tr\/wp-content\/uploads\/2017\/03\/zasiegi3.jpg\",\"datePublished\":\"2016-12-09T11:55:22+00:00\",\"dateModified\":\"2019-08-08T12:14:27+00:00\",\"description\":\"Platan, uyar\u0131, bildirim ve PBX sistemlerininin Orta Avrupa'daki lider \u00fcreticisidir. Kamu uyar\u0131 ve toplu tebli\u011f, do\u011fal ve end\u00fcstriyel felaket uyar\u0131lar\u0131, tehlike izleme ve acil m\u00fcdahale konular\u0131nda \u00e7\u00f6z\u00fcmler sunmaktay\u0131z.\",\"breadcrumb\":{\"@id\":\"https:\/\/www.publicalerting.com\/tr\/#breadcrumb\"},\"inLanguage\":\"tr\",\"potentialAction\":[{\"@type\":\"ReadAction\",\"target\":[\"https:\/\/www.publicalerting.com\/tr\/\"]}]},{\"@type\":\"ImageObject\",\"inLanguage\":\"tr\",\"@id\":\"https:\/\/www.publicalerting.com\/tr\/#primaryimage\",\"url\":\"https:\/\/www.publicalerting.com\/tr\/wp-content\/uploads\/2017\/03\/zasiegi3.jpg\",\"contentUrl\":\"https:\/\/www.publicalerting.com\/tr\/wp-content\/uploads\/2017\/03\/zasiegi3.jpg\",\"width\":160,\"height\":128},{\"@type\":\"BreadcrumbList\",\"@id\":\"https:\/\/www.publicalerting.com\/tr\/#breadcrumb\",\"itemListElement\":[{\"@type\":\"ListItem\",\"position\":1,\"name\":\"Ana Sayfa\",\"item\":\"https:\/\/www.publicalerting.com\/tr\/\"},{\"@type\":\"ListItem\",\"position\":2,\"name\":\"Main Page\"}]},{\"@type\":\"WebSite\",\"@id\":\"https:\/\/www.publicalerting.com\/tr\/#website\",\"url\":\"https:\/\/www.publicalerting.com\/tr\/\",\"name\":\"digitex\",\"description\":\"\",\"potentialAction\":[{\"@type\":\"SearchAction\",\"target\":{\"@type\":\"EntryPoint\",\"urlTemplate\":\"https:\/\/www.publicalerting.com\/tr\/?s={search_term_string}\"},\"query-input\":{\"@type\":\"PropertyValueSpecification\",\"valueRequired\":true,\"valueName\":\"search_term_string\"}}],\"inLanguage\":\"tr\"}]}<\/script>\n<!-- \/ Yoast SEO plugin. -->","yoast_head_json":{"title":"Digitex Toplum Uyar\u0131 Sistemi","description":"Platan, uyar\u0131, bildirim ve PBX sistemlerininin Orta Avrupa'daki lider \u00fcreticisidir. Kamu uyar\u0131 ve toplu tebli\u011f, do\u011fal ve end\u00fcstriyel felaket uyar\u0131lar\u0131, tehlike izleme ve acil m\u00fcdahale konular\u0131nda \u00e7\u00f6z\u00fcmler sunmaktay\u0131z.","robots":{"index":"index","follow":"follow","max-snippet":"max-snippet:-1","max-image-preview":"max-image-preview:large","max-video-preview":"max-video-preview:-1"},"canonical":"https:\/\/www.publicalerting.com\/tr\/","og_locale":"tr_TR","og_type":"article","og_title":"Digitex Toplum Uyar\u0131 Sistemi","og_description":"Platan, uyar\u0131, bildirim ve PBX sistemlerininin Orta Avrupa'daki lider \u00fcreticisidir. Kamu uyar\u0131 ve toplu tebli\u011f, do\u011fal ve end\u00fcstriyel felaket uyar\u0131lar\u0131, tehlike izleme ve acil m\u00fcdahale konular\u0131nda \u00e7\u00f6z\u00fcmler sunmaktay\u0131z.","og_url":"https:\/\/www.publicalerting.com\/tr\/","og_site_name":"digitex","article_modified_time":"2019-08-08T12:14:27+00:00","og_image":[{"url":"https:\/\/www.publicalerting.com\/tr\/wp-content\/uploads\/2016\/12\/slajd_3_1_en.jpg","type":"","width":"","height":""}],"twitter_card":"summary_large_image","schema":{"@context":"https:\/\/schema.org","@graph":[{"@type":"WebPage","@id":"https:\/\/www.publicalerting.com\/tr\/","url":"https:\/\/www.publicalerting.com\/tr\/","name":"Digitex Toplum Uyar\u0131 Sistemi","isPartOf":{"@id":"https:\/\/www.publicalerting.com\/tr\/#website"},"primaryImageOfPage":{"@id":"https:\/\/www.publicalerting.com\/tr\/#primaryimage"},"image":{"@id":"https:\/\/www.publicalerting.com\/tr\/#primaryimage"},"thumbnailUrl":"https:\/\/www.publicalerting.com\/tr\/wp-content\/uploads\/2017\/03\/zasiegi3.jpg","datePublished":"2016-12-09T11:55:22+00:00","dateModified":"2019-08-08T12:14:27+00:00","description":"Platan, uyar\u0131, bildirim ve PBX sistemlerininin Orta Avrupa'daki lider \u00fcreticisidir. Kamu uyar\u0131 ve toplu tebli\u011f, do\u011fal ve end\u00fcstriyel felaket uyar\u0131lar\u0131, tehlike izleme ve acil m\u00fcdahale konular\u0131nda \u00e7\u00f6z\u00fcmler sunmaktay\u0131z.","breadcrumb":{"@id":"https:\/\/www.publicalerting.com\/tr\/#breadcrumb"},"inLanguage":"tr","potentialAction":[{"@type":"ReadAction","target":["https:\/\/www.publicalerting.com\/tr\/"]}]},{"@type":"ImageObject","inLanguage":"tr","@id":"https:\/\/www.publicalerting.com\/tr\/#primaryimage","url":"https:\/\/www.publicalerting.com\/tr\/wp-content\/uploads\/2017\/03\/zasiegi3.jpg","contentUrl":"https:\/\/www.publicalerting.com\/tr\/wp-content\/uploads\/2017\/03\/zasiegi3.jpg","width":160,"height":128},{"@type":"BreadcrumbList","@id":"https:\/\/www.publicalerting.com\/tr\/#breadcrumb","itemListElement":[{"@type":"ListItem","position":1,"name":"Ana Sayfa","item":"https:\/\/www.publicalerting.com\/tr\/"},{"@type":"ListItem","position":2,"name":"Main Page"}]},{"@type":"WebSite","@id":"https:\/\/www.publicalerting.com\/tr\/#website","url":"https:\/\/www.publicalerting.com\/tr\/","name":"digitex","description":"","potentialAction":[{"@type":"SearchAction","target":{"@type":"EntryPoint","urlTemplate":"https:\/\/www.publicalerting.com\/tr\/?s={search_term_string}"},"query-input":{"@type":"PropertyValueSpecification","valueRequired":true,"valueName":"search_term_string"}}],"inLanguage":"tr"}]}},"_links":{"self":[{"href":"https:\/\/www.publicalerting.com\/tr\/wp-json\/wp\/v2\/pages\/2","targetHints":{"allow":["GET"]}}],"collection":[{"href":"https:\/\/www.publicalerting.com\/tr\/wp-json\/wp\/v2\/pages"}],"about":[{"href":"https:\/\/www.publicalerting.com\/tr\/wp-json\/wp\/v2\/types\/page"}],"author":[{"embeddable":true,"href":"https:\/\/www.publicalerting.com\/tr\/wp-json\/wp\/v2\/users\/2"}],"replies":[{"embeddable":true,"href":"https:\/\/www.publicalerting.com\/tr\/wp-json\/wp\/v2\/comments?post=2"}],"version-history":[{"count":1,"href":"https:\/\/www.publicalerting.com\/tr\/wp-json\/wp\/v2\/pages\/2\/revisions"}],"predecessor-version":[{"id":247,"href":"https:\/\/www.publicalerting.com\/tr\/wp-json\/wp\/v2\/pages\/2\/revisions\/247"}],"wp:attachment":[{"href":"https:\/\/www.publicalerting.com\/tr\/wp-json\/wp\/v2\/media?parent=2"}],"curies":[{"name":"wp","href":"https:\/\/api.w.org\/{rel}","templated":true}]}}