{"id":19,"date":"2017-03-15T00:01:24","date_gmt":"2017-03-14T21:01:24","guid":{"rendered":"http:\/\/www.publicalerting.com\/tr\/?page_id=19"},"modified":"2017-09-23T12:57:26","modified_gmt":"2017-09-23T09:57:26","slug":"referanslar","status":"publish","type":"page","link":"https:\/\/www.publicalerting.com\/tr\/referanslar\/","title":{"rendered":"Referanslar"},"content":{"rendered":"<p style=\"text-align: justify;\"><strong>Digitex<\/strong>, <strong>Kamu Uyar\u0131 Sistemlerinin<\/strong> en tan\u0131nm\u0131\u015f Polonyal\u0131 markas\u0131d\u0131r. En y\u00fcksek kalite ve profesyonel \u00fcr\u00fcnlerimizle, m\u00fc\u015fterilerimizin g\u00fcvenini kazanm\u0131\u015f olmaktan gurur duyuyoruz.<\/p>\n<p>A\u015fa\u011f\u0131da, son projelerimiz hakk\u0131nda daha fazla bilgi bulabilirsiniz:<\/p>\n<h3>Zielona G\u00f3ra Dijital Entegre Uyar\u0131 ve Sivil Savunma Sistemi<\/h3>\n<p>Polonya, Zielona G\u00f3ra &#8211; 2013<\/p>\n<p style=\"text-align: justify;\"><strong>\u0130\u015fin Kapsam\u0131:<\/strong> &#8220;Zielona G\u00f3ra belediyesinde Ulusal \u0130tfaiye ve Kurtarma Sisteminin geli\u015ftirilmesi ve tehlikelere kar\u015f\u0131 alarm ve uyar\u0131 sisteminin desteklenmesi&#8221;.<\/p>\n<p><strong>Se\u00e7ilen sistem birimleri:<\/strong><\/p>\n<ul>\n<li>Ana Kontrol Merkezi<\/li>\n<li>Her biri 600 W g\u00fc\u00e7 \u00e7\u0131k\u0131\u015f\u0131 olan DSE Elektronik Sirenler<\/li>\n<\/ul>\n<p style=\"text-align: right;\"><img loading=\"lazy\" decoding=\"async\" class=\"alignleft size-full\" src=\"https:\/\/www.publicalerting.com\/tr\/wp-content\/uploads\/2017\/03\/zielona_g_lra_1.jpg\" width=\"230\" height=\"163\" \/><img loading=\"lazy\" decoding=\"async\" class=\"size-full alignnone\" src=\"https:\/\/www.publicalerting.com\/tr\/wp-content\/uploads\/2017\/03\/zielona_g_lra_2.jpg\" width=\"230\" height=\"163\" \/><\/p>\n<h3>Ukrayna&#8217;da test sistemi<\/h3>\n<p>Ukrayna, Dnipropetrovsk &#8211; 2013<\/p>\n<p style=\"text-align: justify;\"><strong>\u0130\u015fin Kapsam\u0131:<\/strong> &#8220;2011-2015 y\u0131llar\u0131, Dnipropetrovsk b\u00f6lgesi i\u00e7in Sivil Savunma Geli\u015ftirme B\u00f6lgesel \u00d6zel Program\u0131.&#8221;<\/p>\n<p><a href=\"https:\/\/www.publicalerting.com\/tr\/wp-content\/uploads\/2017\/03\/test_installation1.jpg\"><img loading=\"lazy\" decoding=\"async\" class=\"alignnone size-full\" src=\"https:\/\/www.publicalerting.com\/tr\/wp-content\/uploads\/2017\/03\/test_installation1_2.jpg\" width=\"160\" height=\"200\" \/><\/a><a href=\"https:\/\/www.publicalerting.com\/tr\/wp-content\/uploads\/2017\/03\/test_installation2.jpg\"><img loading=\"lazy\" decoding=\"async\" class=\"alignnone size-full\" src=\"https:\/\/www.publicalerting.com\/tr\/wp-content\/uploads\/2017\/03\/test_installation2_2.jpg\" width=\"160\" height=\"200\" \/><\/a><a href=\"https:\/\/www.publicalerting.com\/tr\/wp-content\/uploads\/2017\/03\/test_installation3.jpg\"><img loading=\"lazy\" decoding=\"async\" class=\"alignnone size-full\" src=\"https:\/\/www.publicalerting.com\/tr\/wp-content\/uploads\/2017\/03\/test_installation3_2.jpg\" width=\"150\" height=\"200\" \/><\/a><\/p>\n<h3>Cidde Ya\u011fmursuyu Drenaj\u0131 Program\u0131 JSDP<\/h3>\n<p>Suudi Arabistan, Cidde &#8211; 2012\/2013<\/p>\n<p style=\"text-align: justify;\"><strong>\u0130\u015fin Kapsam\u0131:<\/strong> &#8220;Baraj ve vadi yataklar\u0131nda ta\u015fk\u0131n tehlikelerine kar\u015f\u0131 alarm sisteminin teslimi, devreye al\u0131nmas\u0131, servisi, denetimi ve sorumlu personel e\u011fitimi&#8221;.<\/p>\n<p><strong>Se\u00e7ilen sistem unsurlar\u0131:<\/strong><\/p>\n<ul>\n<li style=\"text-align: justify;\">Baraj ana kontrol merkezi<\/li>\n<li style=\"text-align: justify;\">Baraj yerel kontrol merkezleri<\/li>\n<li style=\"text-align: justify;\">DSE Elektronik Sirenler, her biri 2400 W&#8217;l\u0131k bir g\u00fc\u00e7 \u00e7\u0131k\u0131\u015f\u0131na sahip; g\u00fcne\u015f panellerinden tedarik edilen ba\u011f\u0131ms\u0131z g\u00fc\u00e7 kayna\u011f\u0131 mevcut<\/li>\n<li style=\"text-align: justify;\">Kontrol merkezleri aras\u0131nda IP ileti\u015fimi<\/li>\n<li style=\"text-align: justify;\">Siren kontrol\u00fc i\u00e7in NXDN (FDMA) dijital radyo iletimi<\/li>\n<\/ul>\n<p><img loading=\"lazy\" decoding=\"async\" class=\"alignnone size-full\" src=\"https:\/\/www.publicalerting.com\/tr\/wp-content\/uploads\/2017\/03\/jsdp_1.jpg\" width=\"160\" height=\"200\" \/><img loading=\"lazy\" decoding=\"async\" class=\"alignnone size-full\" src=\"https:\/\/www.publicalerting.com\/tr\/wp-content\/uploads\/2017\/03\/jsdp_2.jpg\" width=\"160\" height=\"200\" \/><img loading=\"lazy\" decoding=\"async\" class=\"alignnone size-full\" src=\"https:\/\/www.publicalerting.com\/tr\/wp-content\/uploads\/2017\/03\/jsdp_3.jpg\" width=\"150\" height=\"200\" \/><\/p>\n<h3>P\u0142ock Entegre Uyar\u0131 ve Sivil Savunma Sistemi<\/h3>\n<p>Polonya, P\u0142ock City &#8211; 2012<\/p>\n<p style=\"text-align: justify;\"><strong>\u0130\u015fin Kapsam\u0131:<\/strong> <strong>Uluslararas\u0131 Proje INARMA<\/strong> (Risk Y\u00f6netimine Entegre Yakla\u015f\u0131m) kapsam\u0131nda Iowowsko &#8211; Dobrzykowska vadisinde Sivil Savunma sistemi olu\u015fturan Entegre Uyar\u0131 ve Sivil Savunma Sisteminin uygulanmas\u0131.<\/p>\n<p><strong>Se\u00e7ilen sistem birimleri:<\/strong><\/p>\n<ul>\n<li>\u015eehir kontrol merkezi<\/li>\n<li>Her biri 600 W g\u00fc\u00e7 \u00e7\u0131k\u0131\u015f\u0131 olan DSE Elektronik Sirenler<\/li>\n<\/ul>\n<p style=\"text-align: right;\"><img loading=\"lazy\" decoding=\"async\" class=\"alignleft size-full\" src=\"https:\/\/www.publicalerting.com\/tr\/wp-content\/uploads\/2017\/03\/p__ock_2.jpg\" width=\"230\" height=\"153\" \/><img loading=\"lazy\" decoding=\"async\" class=\"alignnone size-full\" src=\"https:\/\/www.publicalerting.com\/tr\/wp-content\/uploads\/2017\/03\/p__ock_1.jpg\" width=\"230\" height=\"153\" \/><\/p>\n<h3>Tomasz\u00f3w Lubelski Entegre Uyar\u0131 ve Sivil Savunma Sistemi<\/h3>\n<p>Polonya, Tomasz\u00f3w Lubelski &#8211; 2012<\/p>\n<p style=\"text-align: justify;\"><strong>\u0130\u015fin Kapsam\u0131:<\/strong> &#8220;Halka a\u00e7\u0131k bir uyar\u0131 ve bildirim sistemi i\u00e7in cihazlar\u0131n montaj ve teslimat\u0131&#8221;.<\/p>\n<p><strong>Se\u00e7ilen sistem birimleri:<\/strong><\/p>\n<ul style=\"text-align: justify;\">\n<li>Her biri 600 W ile 1200 W aras\u0131nda de\u011fi\u015fen DSE Elektronik Sirenler<\/li>\n<li>Ana kontrol merkezi ve alt kontrol merkezi<\/li>\n<li>\u0130tfaiye istasyonunda alarm ekran\u0131<\/li>\n<li>Bilgisayar sunucusu da dahil olmak \u00fczere BT cihazlar\u0131<\/li>\n<\/ul>\n<p style=\"text-align: right;\"><img loading=\"lazy\" decoding=\"async\" class=\"alignleft size-full\" src=\"https:\/\/www.publicalerting.com\/tr\/wp-content\/uploads\/2017\/03\/tomasz_lw_lub_1.jpg\" width=\"230\" height=\"154\" \/><img loading=\"lazy\" decoding=\"async\" class=\"alignnone size-full\" src=\"https:\/\/www.publicalerting.com\/tr\/wp-content\/uploads\/2017\/03\/tomasz_lw_lub_3.jpg\" width=\"230\" height=\"153\" \/><\/p>\n<h3>Podlaskie Eyaletindeki Entegre Uyar\u0131 ve Sivil Savunma Sistemi<\/h3>\n<p>Polonya, Podlaskie B\u00f6lgesi &#8211; 2012<\/p>\n<p style=\"text-align: justify;\"><strong>\u0130\u015fin Kapsam\u0131:<\/strong> &#8220;Podlaskie Eyaleti i\u00e7in Entegre Uyar\u0131 ve Sivil Savunma Sisteminin kurulumu, modernizasyonu ve teslimi&#8221;.<\/p>\n<p><strong>Se\u00e7ilen sistem birimleri:<\/strong><\/p>\n<ul style=\"text-align: justify;\">\n<li>Eyalet ana kontrol merkezi<\/li>\n<li>\u015eehir alt kontrol merkezleri<\/li>\n<li>Kontrol merkezleri aras\u0131ndaki TCP \/ IP ileti\u015fim<\/li>\n<li>FDMA VHF (Nexedge Kenwood), sirenleri kontrol etmek i\u00e7in dijital radyo vericisi<\/li>\n<li>Y\u00fczlerce mevcut sirenin entegrasyonu<\/li>\n<\/ul>\n<p><img loading=\"lazy\" decoding=\"async\" class=\"alignnone size-full\" src=\"https:\/\/www.publicalerting.com\/tr\/wp-content\/uploads\/2017\/03\/podlaskie_3.jpg\" width=\"160\" height=\"226\" \/><img loading=\"lazy\" decoding=\"async\" class=\"alignnone size-full\" src=\"https:\/\/www.publicalerting.com\/tr\/wp-content\/uploads\/2017\/03\/podlaskie_1.jpg\" width=\"160\" height=\"226\" \/><img loading=\"lazy\" decoding=\"async\" class=\"alignnone size-full\" src=\"https:\/\/www.publicalerting.com\/tr\/wp-content\/uploads\/2017\/03\/podlaskie_2.jpg\" width=\"150\" height=\"224\" \/><\/p>\n<h3>Pruszcz Gda\u0144ski&#8217;de Entegre Uyar\u0131 ve Sivil Savunma Sistemi<\/h3>\n<p>Polonya, Pruszcz Gda\u0144ski B\u00f6lgesi &#8211; 2011<\/p>\n<p style=\"text-align: justify;\"><strong>\u0130\u015fin Kapsam\u0131:<\/strong> &#8220;Pruszcz Gda\u0144ski, Cedry Wielkie, Suchy D\u0105b ve Stegna: Kriz departmanlar\u0131n\u0131n ve kurtarma hizmetlerinin talebiyle entegre bir kamu uyar\u0131 ve bildirim sistemi ve entegre bir radyo ileti\u015fim sistemi kurulmas\u0131&#8221;.<\/p>\n<p><strong>Se\u00e7ilen sistem birimleri:<\/strong><\/p>\n<ul style=\"text-align: justify;\">\n<li>DSE Elektronik Sirenler, 600 W ile 1200 W aras\u0131nda de\u011fi\u015fen g\u00fc\u00e7 \u00e7\u0131k\u0131\u015f\u0131na sahip.<\/li>\n<li>Ana kontrol merkezi<\/li>\n<li>Alt kontrol merkezleri<\/li>\n<li>Radyo ileti\u015fim sistemleri<\/li>\n<li>Hava istasyonlar\u0131<\/li>\n<li>Su seviye sens\u00f6r\u00fc<\/li>\n<li>Kurtarma botlar\u0131<\/li>\n<li>ATV&#8217;ler<\/li>\n<li>LED g\u00f6stericiler<\/li>\n<li>Arazi ara\u00e7lar\u0131<\/li>\n<\/ul>\n<p style=\"text-align: right;\"><img loading=\"lazy\" decoding=\"async\" class=\"alignleft size-full\" src=\"https:\/\/www.publicalerting.com\/tr\/wp-content\/uploads\/2017\/03\/pruszcz_gd_2.jpg\" width=\"230\" height=\"153\" \/><img loading=\"lazy\" decoding=\"async\" class=\"alignnone size-full\" src=\"https:\/\/www.publicalerting.com\/tr\/wp-content\/uploads\/2017\/03\/pruszcz_gd_1.jpg\" width=\"230\" height=\"154\" \/><\/p>\n<h3>Wielkopolskie Eyaletindeki Entegre Uyar\u0131 ve Sivil Savunma Sistemi<\/h3>\n<p>Polonya, Wielkopolskie B\u00f6lgesi &#8211; 2011<\/p>\n<p style=\"text-align: justify;\"><strong>\u0130\u015fin Kapsam\u0131:<\/strong> &#8220;Dijital genel uyar\u0131 ve bildirim sisteminin kurulmas\u0131, mevcut analog sisteme entegrasyonu ve teslimi.&#8221;<\/p>\n<p><strong>Se\u00e7ilen sistem birimleri:<\/strong><\/p>\n<ul>\n<li>Eyalet ana kontrol merkezi<\/li>\n<li>TCP \/ IP kontroll\u00fc Kod tekrarlay\u0131c\u0131lar\u0131<\/li>\n<li>Mevcut \u015fehir alt kontrol merkezlerinin entegrasyonu<\/li>\n<li>Y\u00fczlerce mevcut sirenin entegrasyonu<\/li>\n<\/ul>\n<p style=\"text-align: right;\"><img loading=\"lazy\" decoding=\"async\" class=\"alignleft size-full\" src=\"https:\/\/www.publicalerting.com\/tr\/wp-content\/uploads\/2017\/03\/wielkopolskie_1.jpg\" width=\"230\" height=\"153\" \/><img loading=\"lazy\" decoding=\"async\" class=\"alignnone size-full\" src=\"https:\/\/www.publicalerting.com\/tr\/wp-content\/uploads\/2017\/03\/wielkopolskie_2.jpg\" width=\"230\" height=\"153\" \/><\/p>\n<h3>Pozna\u0144 Entegre Uyar\u0131 ve Sivil Savunma Sistemi<\/h3>\n<p>Polonya, Pozna\u0144 \u015eehri &#8211; 2011<\/p>\n<p style=\"text-align: justify;\"><strong>\u0130\u015fin Kapsam\u0131:<\/strong> &#8220;Dijital bir genel uyar\u0131 ve bildirim sisteminin kurulmas\u0131, mevcut analog sisteme entegrasyonu ve teslimi.&#8221;<\/p>\n<p><strong>Se\u00e7ilen sistem birimleri:<\/strong><\/p>\n<ul>\n<li>\u015eehir kontrol merkezi<\/li>\n<li>Y\u00fczlerce sirenin entegrasyonu<\/li>\n<\/ul>\n<p style=\"text-align: right;\"><img loading=\"lazy\" decoding=\"async\" class=\"alignleft size-full\" src=\"https:\/\/www.publicalerting.com\/tr\/wp-content\/uploads\/2017\/03\/pozna___2.jpg\" width=\"230\" height=\"153\" \/><img loading=\"lazy\" decoding=\"async\" class=\"alignnone size-full\" src=\"https:\/\/www.publicalerting.com\/tr\/wp-content\/uploads\/2017\/03\/pozna___1.jpg\" width=\"230\" height=\"154\" \/><\/p>\n<h3>Var\u015fova Entegre Uyar\u0131 ve Sivil Savunma Sistemi<\/h3>\n<p>Polonya, Var\u015fova &#8211; 2010\/2011<\/p>\n<p style=\"text-align: justify;\"><strong>\u0130\u015fin Kapsam\u0131:<\/strong> &#8220;Halka a\u00e7\u0131k bir uyar\u0131 ve bildirim sisteminin kurulmas\u0131 ve teslimi&#8221;.<\/p>\n<p><strong>Se\u00e7ilen sistem birimleri:<\/strong><\/p>\n<ul style=\"text-align: justify;\">\n<li>DSE Elektronik Sirenler, 300 W ile 1800 W aras\u0131nda de\u011fi\u015fen g\u00fc\u00e7 \u00e7\u0131k\u0131\u015f\u0131na sahip<\/li>\n<li>\u015eehir kontrol merkezi<\/li>\n<li>FDMA UHF (Nexedge Kenwood) say\u0131sal radyo iletimi ve sirenleri kontrol etmek i\u00e7in kullan\u0131lan TCP\/IP<\/li>\n<\/ul>\n<p><img loading=\"lazy\" decoding=\"async\" class=\"alignnone size-full\" src=\"https:\/\/www.publicalerting.com\/tr\/wp-content\/uploads\/2017\/03\/wawa_1.jpg\" width=\"160\" height=\"201\" \/><img loading=\"lazy\" decoding=\"async\" class=\"alignnone size-full\" src=\"https:\/\/www.publicalerting.com\/tr\/wp-content\/uploads\/2017\/03\/wawa_2.jpg\" width=\"160\" height=\"200\" \/><img loading=\"lazy\" decoding=\"async\" class=\"alignnone size-full\" src=\"https:\/\/www.publicalerting.com\/tr\/wp-content\/uploads\/2017\/03\/wawa_3.jpg\" width=\"150\" height=\"201\" \/><\/p>\n<h3>Siauliai Entegre Uyar\u0131 ve Sivil Savunma Sistemi<\/h3>\n<p>Litvanya, Siauliai \u015eehri &#8211; 2010<\/p>\n<p><strong>\u0130\u015fin Kapsam\u0131:<\/strong> &#8220;Siauliai \u015eehri i\u00e7in genel uyar\u0131 ve bildirim sistemi&#8221;.<\/p>\n<p><strong>Se\u00e7ilen sistem birimleri:<\/strong><\/p>\n<ul>\n<li>\u015eehir kontrol merkezi<\/li>\n<li>Her biri 1200 W g\u00fc\u00e7 \u00e7\u0131k\u0131\u015f\u0131 olan DSE Elektronik Sirenler<\/li>\n<\/ul>\n<p><img loading=\"lazy\" decoding=\"async\" class=\"alignnone size-full\" src=\"https:\/\/www.publicalerting.com\/tr\/wp-content\/uploads\/2017\/03\/siauliai_1.jpg\" width=\"160\" height=\"200\" \/><img loading=\"lazy\" decoding=\"async\" class=\"alignnone size-full\" src=\"https:\/\/www.publicalerting.com\/tr\/wp-content\/uploads\/2017\/03\/siauliai_2.jpg\" width=\"160\" height=\"200\" \/><img loading=\"lazy\" decoding=\"async\" class=\"alignnone size-full\" src=\"https:\/\/www.publicalerting.com\/tr\/wp-content\/uploads\/2017\/03\/siauliai_3.jpg\" width=\"150\" height=\"200\" \/><\/p>\n<h3>Gliwice Entegre Uyar\u0131 ve Sivil Savunma Sistemi<\/h3>\n<p>Polonya, Gliwice \u015eehri &#8211; 2009<\/p>\n<p style=\"text-align: justify;\"><strong>\u0130\u015fin Kapsam\u0131:<\/strong> &#8220;Dijital toplu uyar\u0131 ve bildirim sisteminin kurulmas\u0131 ve teslimi&#8221;.<\/p>\n<p><strong>Se\u00e7ilen sistem birimleri:<\/strong><\/p>\n<ul>\n<li>\u015eehir kontrol merkezi<\/li>\n<li>Her biri 600 W g\u00fc\u00e7 \u00e7\u0131k\u0131\u015f\u0131 olan DSE Elektronik Sirenler<\/li>\n<\/ul>\n<p style=\"text-align: right;\"><img loading=\"lazy\" decoding=\"async\" class=\"alignleft size-full\" src=\"https:\/\/www.publicalerting.com\/tr\/wp-content\/uploads\/2017\/03\/gliwice_1.jpg\" width=\"230\" height=\"153\" \/><img loading=\"lazy\" decoding=\"async\" class=\"alignnone size-full\" src=\"https:\/\/www.publicalerting.com\/tr\/wp-content\/uploads\/2017\/03\/gliwice_2.jpg\" width=\"230\" height=\"153\" \/><\/p>\n","protected":false},"excerpt":{"rendered":"<p>Digitex, Kamu Uyar\u0131 Sistemlerinin en tan\u0131nm\u0131\u015f Polonyal\u0131 markas\u0131d\u0131r. En y\u00fcksek kalite ve profesyonel \u00fcr\u00fcnlerimizle, m\u00fc\u015fterilerimizin g\u00fcvenini kazanm\u0131\u015f olmaktan gurur duyuyoruz. A\u015fa\u011f\u0131da, son projelerimiz hakk\u0131nda daha fazla bilgi bulabilirsiniz: Zielona G\u00f3ra Dijital Entegre Uyar\u0131 ve Sivil Savunma Sistemi Polonya, Zielona G\u00f3ra &#8211; 2013 \u0130\u015fin Kapsam\u0131: &#8220;Zielona G\u00f3ra belediyesinde Ulusal \u0130tfaiye ve Kurtarma Sisteminin geli\u015ftirilmesi ve tehlikelere [&hellip;]<\/p>\n","protected":false},"author":2,"featured_media":0,"parent":0,"menu_order":4,"comment_status":"closed","ping_status":"closed","template":"","meta":{"_monsterinsights_skip_tracking":false,"_monsterinsights_sitenote_active":false,"_monsterinsights_sitenote_note":"","_monsterinsights_sitenote_category":0,"footnotes":""},"class_list":["post-19","page","type-page","status-publish","hentry"],"yoast_head":"<!-- This site is optimized with the Yoast SEO plugin v24.9 - https:\/\/yoast.com\/wordpress\/plugins\/seo\/ -->\n<title>Referanslar - digitex<\/title>\n<meta name=\"description\" content=\"Platan digitex is the most recognized Polish brand of Public Warning Systems. Thanks to products of the highest quality and our professionalism we win our customer&#039;s confidence with pride.\" \/>\n<meta name=\"robots\" content=\"index, follow, max-snippet:-1, max-image-preview:large, max-video-preview:-1\" \/>\n<link rel=\"canonical\" href=\"https:\/\/www.publicalerting.com\/tr\/referanslar\/\" \/>\n<meta property=\"og:locale\" content=\"tr_TR\" \/>\n<meta property=\"og:type\" content=\"article\" \/>\n<meta property=\"og:title\" content=\"Referanslar - digitex\" \/>\n<meta property=\"og:description\" content=\"Platan digitex is the most recognized Polish brand of Public Warning Systems. Thanks to products of the highest quality and our professionalism we win our customer&#039;s confidence with pride.\" \/>\n<meta property=\"og:url\" content=\"https:\/\/www.publicalerting.com\/tr\/referanslar\/\" \/>\n<meta property=\"og:site_name\" content=\"digitex\" \/>\n<meta property=\"article:modified_time\" content=\"2017-09-23T09:57:26+00:00\" \/>\n<meta property=\"og:image\" content=\"https:\/\/www.publicalerting.com\/tr\/wp-content\/uploads\/2017\/03\/zielona_g_lra_1.jpg\" \/>\n<meta name=\"twitter:card\" content=\"summary_large_image\" \/>\n<meta name=\"twitter:label1\" content=\"Tahmini okuma s\u00fcresi\" \/>\n\t<meta name=\"twitter:data1\" content=\"4 dakika\" \/>\n<script type=\"application\/ld+json\" class=\"yoast-schema-graph\">{\"@context\":\"https:\/\/schema.org\",\"@graph\":[{\"@type\":\"WebPage\",\"@id\":\"https:\/\/www.publicalerting.com\/tr\/referanslar\/\",\"url\":\"https:\/\/www.publicalerting.com\/tr\/referanslar\/\",\"name\":\"Referanslar - digitex\",\"isPartOf\":{\"@id\":\"https:\/\/www.publicalerting.com\/tr\/#website\"},\"primaryImageOfPage\":{\"@id\":\"https:\/\/www.publicalerting.com\/tr\/referanslar\/#primaryimage\"},\"image\":{\"@id\":\"https:\/\/www.publicalerting.com\/tr\/referanslar\/#primaryimage\"},\"thumbnailUrl\":\"https:\/\/www.publicalerting.com\/tr\/wp-content\/uploads\/2017\/03\/zielona_g_lra_1.jpg\",\"datePublished\":\"2017-03-14T21:01:24+00:00\",\"dateModified\":\"2017-09-23T09:57:26+00:00\",\"description\":\"Platan digitex is the most recognized Polish brand of Public Warning Systems. Thanks to products of the highest quality and our professionalism we win our customer's confidence with pride.\",\"breadcrumb\":{\"@id\":\"https:\/\/www.publicalerting.com\/tr\/referanslar\/#breadcrumb\"},\"inLanguage\":\"tr\",\"potentialAction\":[{\"@type\":\"ReadAction\",\"target\":[\"https:\/\/www.publicalerting.com\/tr\/referanslar\/\"]}]},{\"@type\":\"ImageObject\",\"inLanguage\":\"tr\",\"@id\":\"https:\/\/www.publicalerting.com\/tr\/referanslar\/#primaryimage\",\"url\":\"https:\/\/www.publicalerting.com\/tr\/wp-content\/uploads\/2017\/03\/zielona_g_lra_1.jpg\",\"contentUrl\":\"https:\/\/www.publicalerting.com\/tr\/wp-content\/uploads\/2017\/03\/zielona_g_lra_1.jpg\",\"width\":230,\"height\":163},{\"@type\":\"BreadcrumbList\",\"@id\":\"https:\/\/www.publicalerting.com\/tr\/referanslar\/#breadcrumb\",\"itemListElement\":[{\"@type\":\"ListItem\",\"position\":1,\"name\":\"Ana Sayfa\",\"item\":\"https:\/\/www.publicalerting.com\/tr\/\"},{\"@type\":\"ListItem\",\"position\":2,\"name\":\"Referanslar\"}]},{\"@type\":\"WebSite\",\"@id\":\"https:\/\/www.publicalerting.com\/tr\/#website\",\"url\":\"https:\/\/www.publicalerting.com\/tr\/\",\"name\":\"digitex\",\"description\":\"\",\"potentialAction\":[{\"@type\":\"SearchAction\",\"target\":{\"@type\":\"EntryPoint\",\"urlTemplate\":\"https:\/\/www.publicalerting.com\/tr\/?s={search_term_string}\"},\"query-input\":{\"@type\":\"PropertyValueSpecification\",\"valueRequired\":true,\"valueName\":\"search_term_string\"}}],\"inLanguage\":\"tr\"}]}<\/script>\n<!-- \/ Yoast SEO plugin. -->","yoast_head_json":{"title":"Referanslar - digitex","description":"Platan digitex is the most recognized Polish brand of Public Warning Systems. Thanks to products of the highest quality and our professionalism we win our customer's confidence with pride.","robots":{"index":"index","follow":"follow","max-snippet":"max-snippet:-1","max-image-preview":"max-image-preview:large","max-video-preview":"max-video-preview:-1"},"canonical":"https:\/\/www.publicalerting.com\/tr\/referanslar\/","og_locale":"tr_TR","og_type":"article","og_title":"Referanslar - digitex","og_description":"Platan digitex is the most recognized Polish brand of Public Warning Systems. Thanks to products of the highest quality and our professionalism we win our customer's confidence with pride.","og_url":"https:\/\/www.publicalerting.com\/tr\/referanslar\/","og_site_name":"digitex","article_modified_time":"2017-09-23T09:57:26+00:00","og_image":[{"url":"https:\/\/www.publicalerting.com\/tr\/wp-content\/uploads\/2017\/03\/zielona_g_lra_1.jpg","type":"","width":"","height":""}],"twitter_card":"summary_large_image","twitter_misc":{"Tahmini okuma s\u00fcresi":"4 dakika"},"schema":{"@context":"https:\/\/schema.org","@graph":[{"@type":"WebPage","@id":"https:\/\/www.publicalerting.com\/tr\/referanslar\/","url":"https:\/\/www.publicalerting.com\/tr\/referanslar\/","name":"Referanslar - digitex","isPartOf":{"@id":"https:\/\/www.publicalerting.com\/tr\/#website"},"primaryImageOfPage":{"@id":"https:\/\/www.publicalerting.com\/tr\/referanslar\/#primaryimage"},"image":{"@id":"https:\/\/www.publicalerting.com\/tr\/referanslar\/#primaryimage"},"thumbnailUrl":"https:\/\/www.publicalerting.com\/tr\/wp-content\/uploads\/2017\/03\/zielona_g_lra_1.jpg","datePublished":"2017-03-14T21:01:24+00:00","dateModified":"2017-09-23T09:57:26+00:00","description":"Platan digitex is the most recognized Polish brand of Public Warning Systems. Thanks to products of the highest quality and our professionalism we win our customer's confidence with pride.","breadcrumb":{"@id":"https:\/\/www.publicalerting.com\/tr\/referanslar\/#breadcrumb"},"inLanguage":"tr","potentialAction":[{"@type":"ReadAction","target":["https:\/\/www.publicalerting.com\/tr\/referanslar\/"]}]},{"@type":"ImageObject","inLanguage":"tr","@id":"https:\/\/www.publicalerting.com\/tr\/referanslar\/#primaryimage","url":"https:\/\/www.publicalerting.com\/tr\/wp-content\/uploads\/2017\/03\/zielona_g_lra_1.jpg","contentUrl":"https:\/\/www.publicalerting.com\/tr\/wp-content\/uploads\/2017\/03\/zielona_g_lra_1.jpg","width":230,"height":163},{"@type":"BreadcrumbList","@id":"https:\/\/www.publicalerting.com\/tr\/referanslar\/#breadcrumb","itemListElement":[{"@type":"ListItem","position":1,"name":"Ana Sayfa","item":"https:\/\/www.publicalerting.com\/tr\/"},{"@type":"ListItem","position":2,"name":"Referanslar"}]},{"@type":"WebSite","@id":"https:\/\/www.publicalerting.com\/tr\/#website","url":"https:\/\/www.publicalerting.com\/tr\/","name":"digitex","description":"","potentialAction":[{"@type":"SearchAction","target":{"@type":"EntryPoint","urlTemplate":"https:\/\/www.publicalerting.com\/tr\/?s={search_term_string}"},"query-input":{"@type":"PropertyValueSpecification","valueRequired":true,"valueName":"search_term_string"}}],"inLanguage":"tr"}]}},"_links":{"self":[{"href":"https:\/\/www.publicalerting.com\/tr\/wp-json\/wp\/v2\/pages\/19","targetHints":{"allow":["GET"]}}],"collection":[{"href":"https:\/\/www.publicalerting.com\/tr\/wp-json\/wp\/v2\/pages"}],"about":[{"href":"https:\/\/www.publicalerting.com\/tr\/wp-json\/wp\/v2\/types\/page"}],"author":[{"embeddable":true,"href":"https:\/\/www.publicalerting.com\/tr\/wp-json\/wp\/v2\/users\/2"}],"replies":[{"embeddable":true,"href":"https:\/\/www.publicalerting.com\/tr\/wp-json\/wp\/v2\/comments?post=19"}],"version-history":[{"count":0,"href":"https:\/\/www.publicalerting.com\/tr\/wp-json\/wp\/v2\/pages\/19\/revisions"}],"wp:attachment":[{"href":"https:\/\/www.publicalerting.com\/tr\/wp-json\/wp\/v2\/media?parent=19"}],"curies":[{"name":"wp","href":"https:\/\/api.w.org\/{rel}","templated":true}]}}