{"id":18,"date":"2017-03-15T00:00:25","date_gmt":"2017-03-14T21:00:25","guid":{"rendered":"http:\/\/www.publicalerting.com\/tr\/?page_id=18"},"modified":"2017-09-23T12:57:19","modified_gmt":"2017-09-23T09:57:19","slug":"urunler","status":"publish","type":"page","link":"https:\/\/www.publicalerting.com\/tr\/urunler\/","title":{"rendered":"\u00dcr\u00fcnler"},"content":{"rendered":"<p>T\u00fcrk\u00e7e<\/p>\n<ul>\n<li><a href=\"http:\/\/www.publicalerting.com\/tr\/wp-content\/uploads\/2017\/03\/digitex-DSE-Electronic-Sirens_tr.pdf\" target=\"_blank\" rel=\"noopener\">DSE elektronik sirenleri<\/a><\/li>\n<li><a href=\"http:\/\/www.publicalerting.com\/tr\/wp-content\/uploads\/2017\/03\/digitexCZK-IP-Public-Warning_tr.pdf\" target=\"_blank\" rel=\"noopener\">Dijital \u0130nsan Uyar\u0131 Sistemi &#8211; digitexCZK\/IP<\/a><\/li>\n<li><a href=\"http:\/\/www.publicalerting.com\/tr\/wp-content\/uploads\/2017\/03\/SANAY\u0130-SEKT\u00d6R\u00dc-digitex.pdf\" target=\"_blank\" rel=\"noopener\">Sanayi Sekt\u00f6r\u00fc<\/a><\/li>\n<\/ul>\n<p>English<\/p>\n<ul>\n<li><a href=\"http:\/\/www.publicalerting.com\/tr\/wp-content\/uploads\/2017\/03\/digitex-DSE-Electronic-Sirens_en.pdf\" target=\"_blank\" rel=\"noopener\">DSE electronic sirens<\/a><\/li>\n<li><a href=\"http:\/\/www.publicalerting.com\/tr\/wp-content\/uploads\/2017\/03\/digitexCZK.IP_-Public-Warning_en.pdf\" target=\"_blank\" rel=\"noopener\">Digital People Warning System &#8211; digitexCZK\/IP<\/a><\/li>\n<li><a href=\"http:\/\/www.publicalerting.com\/tr\/wp-content\/uploads\/2017\/03\/digitex-Industrial-Sector_en.pdf\" target=\"_blank\" rel=\"noopener\">Industrial Sector<\/a><\/li>\n<\/ul>\n<p style=\"text-align: justify;\"><strong>Platan<\/strong>, <strong>digitex<\/strong> markal\u0131 <strong>Toplu Uyar\u0131 Sistemleri<\/strong> ve <strong>Platan<\/strong> markal\u0131 <strong>PBX Sistemlerinin<\/strong> lider \u00fcreticisidir. Tasar\u0131m ofislerimizde, nitelikli telekom\u00fcnikasyon ve elektronik uzmanlar\u0131m\u0131z, en yeni teknolojileri ve e\u011filimleri temel alan \u00e7\u00f6z\u00fcmler \u00fcretmektedir. T\u00fcm \u00fcr\u00fcnlerimiz piyasa ihtiya\u00e7 ve beklentilerini kar\u015f\u0131lamak i\u00e7in \u00f6zel olarak haz\u0131rlanm\u0131\u015ft\u0131r.<\/p>\n<p style=\"text-align: justify;\">Y\u00fcksek kaliteli DSE Elektronik Sirenler, radyo ve telekom\u00fcnikasyon \u00e7\u00f6z\u00fcmleri sunmaktay\u0131z. \u00dcr\u00fcnlerimiz Sivil Savunma, Yang\u0131n Hizmetleri, Acil Ambulans Hizmetleri, di\u011fer kurtarma hizmetleri ile kamu kurumlar\u0131 ve ticaret sekt\u00f6r\u00fc taraf\u0131ndan yayg\u0131n olarak kullan\u0131lmaktad\u0131r.<\/p>\n<p><a href=\"https:\/\/www.publicalerting.com\/tr\/wp-content\/uploads\/2017\/03\/products_schemat.jpg\"><img loading=\"lazy\" decoding=\"async\" class=\"aligncenter size-full\" src=\"https:\/\/www.publicalerting.com\/tr\/wp-content\/uploads\/2017\/03\/products_schemat_2.jpg\" alt=\"\" width=\"400\" height=\"579\" \/><\/a><\/p>\n<h3>Public Warning Systems<\/h3>\n<p style=\"text-align: justify;\">The <strong>digitexCZK\/IP<\/strong> system was created using the most up-to-date technologies, according to the PLATAN construction team\u2019s original design. This is the only warning system in Poland which uses not only analogue, but also digital radio communication in the DMR (TDMA) and NXDN (FDMA) standards, as well as local area and wide area networks (LAN, WAN) and encoded IP for data transmission.<\/p>\n<p style=\"text-align: right;\"><a href=\"https:\/\/www.publicalerting.com\/tr\/urunler\/toplu-uyari-sistemi\/\">read more<\/a><\/p>\n<h3>Electronic Sirens<\/h3>\n<p style=\"text-align: justify;\"><strong>DSE Electronic Sirens<\/strong> are manufactured by PLATAN (under the <strong>digitex<\/strong> brand name) for the purpose of public warning and alerting (e.g. ecological, military, terrorist attacks, catastrophes and other hazards).<\/p>\n<p style=\"text-align: right;\"><a href=\"https:\/\/www.publicalerting.com\/tr\/urunler\/dse-elektronik-sirenler\/\">read more<\/a><\/p>\n<h3>Telecommunication Systems<\/h3>\n<p style=\"text-align: justify;\"><strong>Platan<\/strong> is the leading Central-European producer of <strong>IP PBX<\/strong> and <strong>telecommunication servers<\/strong>. Thanks to our comprehensive offer, we are capable of satisfying the most sophisticated requirements of a wide range of customers, from small and medium-sized companies to large enterprises, public offices and institutions, as well as rescue and uniformed services.<\/p>\n<p style=\"text-align: right;\"><a href=\"https:\/\/www.publicalerting.com\/tr\/urunler\/telekomunikasyon-sistemleri\/\">read more<\/a><\/p>\n","protected":false},"excerpt":{"rendered":"<p>T\u00fcrk\u00e7e DSE elektronik sirenleri Dijital \u0130nsan Uyar\u0131 Sistemi &#8211; digitexCZK\/IP Sanayi Sekt\u00f6r\u00fc English DSE electronic sirens Digital People Warning System &#8211; digitexCZK\/IP Industrial Sector Platan, digitex markal\u0131 Toplu Uyar\u0131 Sistemleri ve Platan markal\u0131 PBX Sistemlerinin lider \u00fcreticisidir. Tasar\u0131m ofislerimizde, nitelikli telekom\u00fcnikasyon ve elektronik uzmanlar\u0131m\u0131z, en yeni teknolojileri ve e\u011filimleri temel alan \u00e7\u00f6z\u00fcmler \u00fcretmektedir. T\u00fcm \u00fcr\u00fcnlerimiz [&hellip;]<\/p>\n","protected":false},"author":2,"featured_media":0,"parent":0,"menu_order":3,"comment_status":"closed","ping_status":"closed","template":"","meta":{"_monsterinsights_skip_tracking":false,"_monsterinsights_sitenote_active":false,"_monsterinsights_sitenote_note":"","_monsterinsights_sitenote_category":0,"footnotes":""},"class_list":["post-18","page","type-page","status-publish","hentry"],"yoast_head":"<!-- This site is optimized with the Yoast SEO plugin v24.9 - https:\/\/yoast.com\/wordpress\/plugins\/seo\/ -->\n<title>\u00dcr\u00fcnler - digitex<\/title>\n<meta name=\"robots\" content=\"index, follow, max-snippet:-1, max-image-preview:large, max-video-preview:-1\" \/>\n<link rel=\"canonical\" href=\"https:\/\/www.publicalerting.com\/tr\/urunler\/\" \/>\n<meta property=\"og:locale\" content=\"tr_TR\" \/>\n<meta property=\"og:type\" content=\"article\" \/>\n<meta property=\"og:title\" content=\"\u00dcr\u00fcnler - digitex\" \/>\n<meta property=\"og:description\" content=\"T\u00fcrk\u00e7e DSE elektronik sirenleri Dijital \u0130nsan Uyar\u0131 Sistemi &#8211; digitexCZK\/IP Sanayi Sekt\u00f6r\u00fc English DSE electronic sirens Digital People Warning System &#8211; digitexCZK\/IP Industrial Sector Platan, digitex markal\u0131 Toplu Uyar\u0131 Sistemleri ve Platan markal\u0131 PBX Sistemlerinin lider \u00fcreticisidir. Tasar\u0131m ofislerimizde, nitelikli telekom\u00fcnikasyon ve elektronik uzmanlar\u0131m\u0131z, en yeni teknolojileri ve e\u011filimleri temel alan \u00e7\u00f6z\u00fcmler \u00fcretmektedir. T\u00fcm \u00fcr\u00fcnlerimiz [&hellip;]\" \/>\n<meta property=\"og:url\" content=\"https:\/\/www.publicalerting.com\/tr\/urunler\/\" \/>\n<meta property=\"og:site_name\" content=\"digitex\" \/>\n<meta property=\"article:modified_time\" content=\"2017-09-23T09:57:19+00:00\" \/>\n<meta property=\"og:image\" content=\"https:\/\/www.publicalerting.com\/tr\/wp-content\/uploads\/2017\/03\/products_schemat_2.jpg\" \/>\n<meta name=\"twitter:card\" content=\"summary_large_image\" \/>\n<meta name=\"twitter:label1\" content=\"Tahmini okuma s\u00fcresi\" \/>\n\t<meta name=\"twitter:data1\" content=\"1 dakika\" \/>\n<script type=\"application\/ld+json\" class=\"yoast-schema-graph\">{\"@context\":\"https:\/\/schema.org\",\"@graph\":[{\"@type\":\"WebPage\",\"@id\":\"https:\/\/www.publicalerting.com\/tr\/urunler\/\",\"url\":\"https:\/\/www.publicalerting.com\/tr\/urunler\/\",\"name\":\"\u00dcr\u00fcnler - digitex\",\"isPartOf\":{\"@id\":\"https:\/\/www.publicalerting.com\/tr\/#website\"},\"primaryImageOfPage\":{\"@id\":\"https:\/\/www.publicalerting.com\/tr\/urunler\/#primaryimage\"},\"image\":{\"@id\":\"https:\/\/www.publicalerting.com\/tr\/urunler\/#primaryimage\"},\"thumbnailUrl\":\"https:\/\/www.publicalerting.com\/tr\/wp-content\/uploads\/2017\/03\/products_schemat_2.jpg\",\"datePublished\":\"2017-03-14T21:00:25+00:00\",\"dateModified\":\"2017-09-23T09:57:19+00:00\",\"breadcrumb\":{\"@id\":\"https:\/\/www.publicalerting.com\/tr\/urunler\/#breadcrumb\"},\"inLanguage\":\"tr\",\"potentialAction\":[{\"@type\":\"ReadAction\",\"target\":[\"https:\/\/www.publicalerting.com\/tr\/urunler\/\"]}]},{\"@type\":\"ImageObject\",\"inLanguage\":\"tr\",\"@id\":\"https:\/\/www.publicalerting.com\/tr\/urunler\/#primaryimage\",\"url\":\"https:\/\/www.publicalerting.com\/tr\/wp-content\/uploads\/2017\/03\/products_schemat_2.jpg\",\"contentUrl\":\"https:\/\/www.publicalerting.com\/tr\/wp-content\/uploads\/2017\/03\/products_schemat_2.jpg\",\"width\":400,\"height\":579},{\"@type\":\"BreadcrumbList\",\"@id\":\"https:\/\/www.publicalerting.com\/tr\/urunler\/#breadcrumb\",\"itemListElement\":[{\"@type\":\"ListItem\",\"position\":1,\"name\":\"Ana Sayfa\",\"item\":\"https:\/\/www.publicalerting.com\/tr\/\"},{\"@type\":\"ListItem\",\"position\":2,\"name\":\"\u00dcr\u00fcnler\"}]},{\"@type\":\"WebSite\",\"@id\":\"https:\/\/www.publicalerting.com\/tr\/#website\",\"url\":\"https:\/\/www.publicalerting.com\/tr\/\",\"name\":\"digitex\",\"description\":\"\",\"potentialAction\":[{\"@type\":\"SearchAction\",\"target\":{\"@type\":\"EntryPoint\",\"urlTemplate\":\"https:\/\/www.publicalerting.com\/tr\/?s={search_term_string}\"},\"query-input\":{\"@type\":\"PropertyValueSpecification\",\"valueRequired\":true,\"valueName\":\"search_term_string\"}}],\"inLanguage\":\"tr\"}]}<\/script>\n<!-- \/ Yoast SEO plugin. -->","yoast_head_json":{"title":"\u00dcr\u00fcnler - digitex","robots":{"index":"index","follow":"follow","max-snippet":"max-snippet:-1","max-image-preview":"max-image-preview:large","max-video-preview":"max-video-preview:-1"},"canonical":"https:\/\/www.publicalerting.com\/tr\/urunler\/","og_locale":"tr_TR","og_type":"article","og_title":"\u00dcr\u00fcnler - digitex","og_description":"T\u00fcrk\u00e7e DSE elektronik sirenleri Dijital \u0130nsan Uyar\u0131 Sistemi &#8211; digitexCZK\/IP Sanayi Sekt\u00f6r\u00fc English DSE electronic sirens Digital People Warning System &#8211; digitexCZK\/IP Industrial Sector Platan, digitex markal\u0131 Toplu Uyar\u0131 Sistemleri ve Platan markal\u0131 PBX Sistemlerinin lider \u00fcreticisidir. Tasar\u0131m ofislerimizde, nitelikli telekom\u00fcnikasyon ve elektronik uzmanlar\u0131m\u0131z, en yeni teknolojileri ve e\u011filimleri temel alan \u00e7\u00f6z\u00fcmler \u00fcretmektedir. T\u00fcm \u00fcr\u00fcnlerimiz [&hellip;]","og_url":"https:\/\/www.publicalerting.com\/tr\/urunler\/","og_site_name":"digitex","article_modified_time":"2017-09-23T09:57:19+00:00","og_image":[{"url":"https:\/\/www.publicalerting.com\/tr\/wp-content\/uploads\/2017\/03\/products_schemat_2.jpg","type":"","width":"","height":""}],"twitter_card":"summary_large_image","twitter_misc":{"Tahmini okuma s\u00fcresi":"1 dakika"},"schema":{"@context":"https:\/\/schema.org","@graph":[{"@type":"WebPage","@id":"https:\/\/www.publicalerting.com\/tr\/urunler\/","url":"https:\/\/www.publicalerting.com\/tr\/urunler\/","name":"\u00dcr\u00fcnler - digitex","isPartOf":{"@id":"https:\/\/www.publicalerting.com\/tr\/#website"},"primaryImageOfPage":{"@id":"https:\/\/www.publicalerting.com\/tr\/urunler\/#primaryimage"},"image":{"@id":"https:\/\/www.publicalerting.com\/tr\/urunler\/#primaryimage"},"thumbnailUrl":"https:\/\/www.publicalerting.com\/tr\/wp-content\/uploads\/2017\/03\/products_schemat_2.jpg","datePublished":"2017-03-14T21:00:25+00:00","dateModified":"2017-09-23T09:57:19+00:00","breadcrumb":{"@id":"https:\/\/www.publicalerting.com\/tr\/urunler\/#breadcrumb"},"inLanguage":"tr","potentialAction":[{"@type":"ReadAction","target":["https:\/\/www.publicalerting.com\/tr\/urunler\/"]}]},{"@type":"ImageObject","inLanguage":"tr","@id":"https:\/\/www.publicalerting.com\/tr\/urunler\/#primaryimage","url":"https:\/\/www.publicalerting.com\/tr\/wp-content\/uploads\/2017\/03\/products_schemat_2.jpg","contentUrl":"https:\/\/www.publicalerting.com\/tr\/wp-content\/uploads\/2017\/03\/products_schemat_2.jpg","width":400,"height":579},{"@type":"BreadcrumbList","@id":"https:\/\/www.publicalerting.com\/tr\/urunler\/#breadcrumb","itemListElement":[{"@type":"ListItem","position":1,"name":"Ana Sayfa","item":"https:\/\/www.publicalerting.com\/tr\/"},{"@type":"ListItem","position":2,"name":"\u00dcr\u00fcnler"}]},{"@type":"WebSite","@id":"https:\/\/www.publicalerting.com\/tr\/#website","url":"https:\/\/www.publicalerting.com\/tr\/","name":"digitex","description":"","potentialAction":[{"@type":"SearchAction","target":{"@type":"EntryPoint","urlTemplate":"https:\/\/www.publicalerting.com\/tr\/?s={search_term_string}"},"query-input":{"@type":"PropertyValueSpecification","valueRequired":true,"valueName":"search_term_string"}}],"inLanguage":"tr"}]}},"_links":{"self":[{"href":"https:\/\/www.publicalerting.com\/tr\/wp-json\/wp\/v2\/pages\/18","targetHints":{"allow":["GET"]}}],"collection":[{"href":"https:\/\/www.publicalerting.com\/tr\/wp-json\/wp\/v2\/pages"}],"about":[{"href":"https:\/\/www.publicalerting.com\/tr\/wp-json\/wp\/v2\/types\/page"}],"author":[{"embeddable":true,"href":"https:\/\/www.publicalerting.com\/tr\/wp-json\/wp\/v2\/users\/2"}],"replies":[{"embeddable":true,"href":"https:\/\/www.publicalerting.com\/tr\/wp-json\/wp\/v2\/comments?post=18"}],"version-history":[{"count":0,"href":"https:\/\/www.publicalerting.com\/tr\/wp-json\/wp\/v2\/pages\/18\/revisions"}],"wp:attachment":[{"href":"https:\/\/www.publicalerting.com\/tr\/wp-json\/wp\/v2\/media?parent=18"}],"curies":[{"name":"wp","href":"https:\/\/api.w.org\/{rel}","templated":true}]}}