{"id":172,"date":"2017-03-23T15:15:24","date_gmt":"2017-03-23T12:15:24","guid":{"rendered":"http:\/\/www.publicalerting.com\/tr\/?page_id=172"},"modified":"2017-09-23T12:57:10","modified_gmt":"2017-09-23T09:57:10","slug":"hakkimizda","status":"publish","type":"page","link":"https:\/\/www.publicalerting.com\/tr\/hakkimizda\/hakkimizda\/","title":{"rendered":"Hakk\u0131m\u0131zda"},"content":{"rendered":"<h3 style=\"text-align: justify;\">Digitex Toplu Uyar\u0131 Sistemleri<\/h3>\n<p>Digitex markas\u0131 entegre bildirim sistemleri sunmaktad\u0131r. Digitex ana \u00fcr\u00fcn grubu toplu bildirim i\u00e7in <strong>Uyar\u0131 Sistemleridir<\/strong>, sirenleri kontrol etmek i\u00e7in aray\u00fcz ( dijital harita) ve y\u00fcksek g\u00fc\u00e7l\u00fc <strong>DSE Elektronik Sirenlerden<\/strong> olu\u015fmaktad\u0131r.<br \/>\nPlatan, standart teklifimizin d\u0131\u015f\u0131nda ayr\u0131ca ki\u015fiselle\u015ftirilmi\u015f donan\u0131mlar tasarlar ve \u00fcretir.<\/p>\n<p>Digitex sistemlerinin ana kullan\u0131c\u0131lar\u0131 \u015funlard\u0131r: Sivil Savunma, \u0130tfaiye, Medikal Kurtarma Ekipleri, Ordu ve di\u011fer kurtarma hizmetleri, end\u00fcstriyel tesisler ve ticari sekt\u00f6r.<\/p>\n<h3>Platan IP PBX ve Telekominikasyon Sunucular\u0131<\/h3>\n<p>Platan ayr\u0131ca, VoIP teknolojisi kullanan IP PBX ve Telekominikasyon Sunucular\u0131n\u0131n Orta Avrupa\u2019daki lider \u00fcreticisidir. Firmam\u0131z\u0131n kapsaml\u0131 teklifleri, k\u00fc\u00e7\u00fck orta i\u015fletmelerden b\u00fcy\u00fck i\u015fletmelere, devlet dairelerine ve kurumlar\u0131na, ordu ve kurtarma hizmetlerine kadar uzanan geni\u015f kullan\u0131c\u0131 kitlesinin taleplerini kar\u015f\u0131lamaktad\u0131r.<\/p>\n<p>PLATAN Telekom\u00fcnikasyon \u00c7\u00f6z\u00fcmlerinin ge\u00e7erli teklifleri hakk\u0131nda bilgi almak i\u00e7in l\u00fctfen <a href=\"https:\/\/www.platan.eu\/\" target=\"_blank\" rel=\"noopener\">www.platan.eu<\/a> adresini ziyaret ediniz.<\/p>\n","protected":false},"excerpt":{"rendered":"<p>Digitex Toplu Uyar\u0131 Sistemleri Digitex markas\u0131 entegre bildirim sistemleri sunmaktad\u0131r. Digitex ana \u00fcr\u00fcn grubu toplu bildirim i\u00e7in Uyar\u0131 Sistemleridir, sirenleri kontrol etmek i\u00e7in aray\u00fcz ( dijital harita) ve y\u00fcksek g\u00fc\u00e7l\u00fc DSE Elektronik Sirenlerden olu\u015fmaktad\u0131r. Platan, standart teklifimizin d\u0131\u015f\u0131nda ayr\u0131ca ki\u015fiselle\u015ftirilmi\u015f donan\u0131mlar tasarlar ve \u00fcretir. Digitex sistemlerinin ana kullan\u0131c\u0131lar\u0131 \u015funlard\u0131r: Sivil Savunma, \u0130tfaiye, Medikal Kurtarma Ekipleri, [&hellip;]<\/p>\n","protected":false},"author":2,"featured_media":0,"parent":17,"menu_order":1,"comment_status":"closed","ping_status":"closed","template":"","meta":{"_monsterinsights_skip_tracking":false,"_monsterinsights_sitenote_active":false,"_monsterinsights_sitenote_note":"","_monsterinsights_sitenote_category":0,"footnotes":""},"class_list":["post-172","page","type-page","status-publish","hentry"],"yoast_head":"<!-- This site is optimized with the Yoast SEO plugin v24.9 - https:\/\/yoast.com\/wordpress\/plugins\/seo\/ -->\n<title>Hakk\u0131m\u0131zda - digitex<\/title>\n<meta name=\"robots\" content=\"index, follow, max-snippet:-1, max-image-preview:large, max-video-preview:-1\" \/>\n<link rel=\"canonical\" href=\"https:\/\/www.publicalerting.com\/tr\/hakkimizda\/hakkimizda\/\" \/>\n<meta property=\"og:locale\" content=\"tr_TR\" \/>\n<meta property=\"og:type\" content=\"article\" \/>\n<meta property=\"og:title\" content=\"Hakk\u0131m\u0131zda - digitex\" \/>\n<meta property=\"og:description\" content=\"Digitex Toplu Uyar\u0131 Sistemleri Digitex markas\u0131 entegre bildirim sistemleri sunmaktad\u0131r. Digitex ana \u00fcr\u00fcn grubu toplu bildirim i\u00e7in Uyar\u0131 Sistemleridir, sirenleri kontrol etmek i\u00e7in aray\u00fcz ( dijital harita) ve y\u00fcksek g\u00fc\u00e7l\u00fc DSE Elektronik Sirenlerden olu\u015fmaktad\u0131r. Platan, standart teklifimizin d\u0131\u015f\u0131nda ayr\u0131ca ki\u015fiselle\u015ftirilmi\u015f donan\u0131mlar tasarlar ve \u00fcretir. Digitex sistemlerinin ana kullan\u0131c\u0131lar\u0131 \u015funlard\u0131r: Sivil Savunma, \u0130tfaiye, Medikal Kurtarma Ekipleri, [&hellip;]\" \/>\n<meta property=\"og:url\" content=\"https:\/\/www.publicalerting.com\/tr\/hakkimizda\/hakkimizda\/\" \/>\n<meta property=\"og:site_name\" content=\"digitex\" \/>\n<meta property=\"article:modified_time\" content=\"2017-09-23T09:57:10+00:00\" \/>\n<meta name=\"twitter:card\" content=\"summary_large_image\" \/>\n<meta name=\"twitter:label1\" content=\"Tahmini okuma s\u00fcresi\" \/>\n\t<meta name=\"twitter:data1\" content=\"1 dakika\" \/>\n<script type=\"application\/ld+json\" class=\"yoast-schema-graph\">{\"@context\":\"https:\/\/schema.org\",\"@graph\":[{\"@type\":\"WebPage\",\"@id\":\"https:\/\/www.publicalerting.com\/tr\/hakkimizda\/hakkimizda\/\",\"url\":\"https:\/\/www.publicalerting.com\/tr\/hakkimizda\/hakkimizda\/\",\"name\":\"Hakk\u0131m\u0131zda - digitex\",\"isPartOf\":{\"@id\":\"https:\/\/www.publicalerting.com\/tr\/#website\"},\"datePublished\":\"2017-03-23T12:15:24+00:00\",\"dateModified\":\"2017-09-23T09:57:10+00:00\",\"breadcrumb\":{\"@id\":\"https:\/\/www.publicalerting.com\/tr\/hakkimizda\/hakkimizda\/#breadcrumb\"},\"inLanguage\":\"tr\",\"potentialAction\":[{\"@type\":\"ReadAction\",\"target\":[\"https:\/\/www.publicalerting.com\/tr\/hakkimizda\/hakkimizda\/\"]}]},{\"@type\":\"BreadcrumbList\",\"@id\":\"https:\/\/www.publicalerting.com\/tr\/hakkimizda\/hakkimizda\/#breadcrumb\",\"itemListElement\":[{\"@type\":\"ListItem\",\"position\":1,\"name\":\"Ana Sayfa\",\"item\":\"https:\/\/www.publicalerting.com\/tr\/\"},{\"@type\":\"ListItem\",\"position\":2,\"name\":\"Hakk\u0131m\u0131zda\",\"item\":\"https:\/\/www.publicalerting.com\/tr\/hakkimizda\/\"},{\"@type\":\"ListItem\",\"position\":3,\"name\":\"Hakk\u0131m\u0131zda\"}]},{\"@type\":\"WebSite\",\"@id\":\"https:\/\/www.publicalerting.com\/tr\/#website\",\"url\":\"https:\/\/www.publicalerting.com\/tr\/\",\"name\":\"digitex\",\"description\":\"\",\"potentialAction\":[{\"@type\":\"SearchAction\",\"target\":{\"@type\":\"EntryPoint\",\"urlTemplate\":\"https:\/\/www.publicalerting.com\/tr\/?s={search_term_string}\"},\"query-input\":{\"@type\":\"PropertyValueSpecification\",\"valueRequired\":true,\"valueName\":\"search_term_string\"}}],\"inLanguage\":\"tr\"}]}<\/script>\n<!-- \/ Yoast SEO plugin. -->","yoast_head_json":{"title":"Hakk\u0131m\u0131zda - digitex","robots":{"index":"index","follow":"follow","max-snippet":"max-snippet:-1","max-image-preview":"max-image-preview:large","max-video-preview":"max-video-preview:-1"},"canonical":"https:\/\/www.publicalerting.com\/tr\/hakkimizda\/hakkimizda\/","og_locale":"tr_TR","og_type":"article","og_title":"Hakk\u0131m\u0131zda - digitex","og_description":"Digitex Toplu Uyar\u0131 Sistemleri Digitex markas\u0131 entegre bildirim sistemleri sunmaktad\u0131r. Digitex ana \u00fcr\u00fcn grubu toplu bildirim i\u00e7in Uyar\u0131 Sistemleridir, sirenleri kontrol etmek i\u00e7in aray\u00fcz ( dijital harita) ve y\u00fcksek g\u00fc\u00e7l\u00fc DSE Elektronik Sirenlerden olu\u015fmaktad\u0131r. Platan, standart teklifimizin d\u0131\u015f\u0131nda ayr\u0131ca ki\u015fiselle\u015ftirilmi\u015f donan\u0131mlar tasarlar ve \u00fcretir. Digitex sistemlerinin ana kullan\u0131c\u0131lar\u0131 \u015funlard\u0131r: Sivil Savunma, \u0130tfaiye, Medikal Kurtarma Ekipleri, [&hellip;]","og_url":"https:\/\/www.publicalerting.com\/tr\/hakkimizda\/hakkimizda\/","og_site_name":"digitex","article_modified_time":"2017-09-23T09:57:10+00:00","twitter_card":"summary_large_image","twitter_misc":{"Tahmini okuma s\u00fcresi":"1 dakika"},"schema":{"@context":"https:\/\/schema.org","@graph":[{"@type":"WebPage","@id":"https:\/\/www.publicalerting.com\/tr\/hakkimizda\/hakkimizda\/","url":"https:\/\/www.publicalerting.com\/tr\/hakkimizda\/hakkimizda\/","name":"Hakk\u0131m\u0131zda - digitex","isPartOf":{"@id":"https:\/\/www.publicalerting.com\/tr\/#website"},"datePublished":"2017-03-23T12:15:24+00:00","dateModified":"2017-09-23T09:57:10+00:00","breadcrumb":{"@id":"https:\/\/www.publicalerting.com\/tr\/hakkimizda\/hakkimizda\/#breadcrumb"},"inLanguage":"tr","potentialAction":[{"@type":"ReadAction","target":["https:\/\/www.publicalerting.com\/tr\/hakkimizda\/hakkimizda\/"]}]},{"@type":"BreadcrumbList","@id":"https:\/\/www.publicalerting.com\/tr\/hakkimizda\/hakkimizda\/#breadcrumb","itemListElement":[{"@type":"ListItem","position":1,"name":"Ana Sayfa","item":"https:\/\/www.publicalerting.com\/tr\/"},{"@type":"ListItem","position":2,"name":"Hakk\u0131m\u0131zda","item":"https:\/\/www.publicalerting.com\/tr\/hakkimizda\/"},{"@type":"ListItem","position":3,"name":"Hakk\u0131m\u0131zda"}]},{"@type":"WebSite","@id":"https:\/\/www.publicalerting.com\/tr\/#website","url":"https:\/\/www.publicalerting.com\/tr\/","name":"digitex","description":"","potentialAction":[{"@type":"SearchAction","target":{"@type":"EntryPoint","urlTemplate":"https:\/\/www.publicalerting.com\/tr\/?s={search_term_string}"},"query-input":{"@type":"PropertyValueSpecification","valueRequired":true,"valueName":"search_term_string"}}],"inLanguage":"tr"}]}},"_links":{"self":[{"href":"https:\/\/www.publicalerting.com\/tr\/wp-json\/wp\/v2\/pages\/172","targetHints":{"allow":["GET"]}}],"collection":[{"href":"https:\/\/www.publicalerting.com\/tr\/wp-json\/wp\/v2\/pages"}],"about":[{"href":"https:\/\/www.publicalerting.com\/tr\/wp-json\/wp\/v2\/types\/page"}],"author":[{"embeddable":true,"href":"https:\/\/www.publicalerting.com\/tr\/wp-json\/wp\/v2\/users\/2"}],"replies":[{"embeddable":true,"href":"https:\/\/www.publicalerting.com\/tr\/wp-json\/wp\/v2\/comments?post=172"}],"version-history":[{"count":0,"href":"https:\/\/www.publicalerting.com\/tr\/wp-json\/wp\/v2\/pages\/172\/revisions"}],"up":[{"embeddable":true,"href":"https:\/\/www.publicalerting.com\/tr\/wp-json\/wp\/v2\/pages\/17"}],"wp:attachment":[{"href":"https:\/\/www.publicalerting.com\/tr\/wp-json\/wp\/v2\/media?parent=172"}],"curies":[{"name":"wp","href":"https:\/\/api.w.org\/{rel}","templated":true}]}}