{"id":68,"date":"2022-03-08T14:01:23","date_gmt":"2022-03-08T13:01:23","guid":{"rendered":"https:\/\/www.publicalerting.com\/de\/?page_id=68"},"modified":"2022-03-21T08:57:57","modified_gmt":"2022-03-21T07:57:57","slug":"vorstand","status":"publish","type":"page","link":"https:\/\/www.publicalerting.com\/de\/firma\/vorstand\/","title":{"rendered":"Vorstand"},"content":{"rendered":"\n<h2 class=\"wp-block-heading\">VORSITZENDER DES VORSTANDES, WOJCIECH PANCER<\/h2>\n\n\n\n<div class=\"wp-block-image\"><figure class=\"alignright size-large\"><img fetchpriority=\"high\" decoding=\"async\" width=\"250\" height=\"333\" src=\"https:\/\/www.publicalerting.com\/de\/wp-content\/uploads\/2022\/03\/WPancer250x333_szary.jpg\" alt=\"\" class=\"wp-image-138\" srcset=\"https:\/\/www.publicalerting.com\/de\/wp-content\/uploads\/2022\/03\/WPancer250x333_szary.jpg 250w, https:\/\/www.publicalerting.com\/de\/wp-content\/uploads\/2022\/03\/WPancer250x333_szary-225x300.jpg 225w\" sizes=\"(max-width: 250px) 100vw, 250px\" \/><\/figure><\/div>\n\n\n\n<p>Die Marke digitex\u00ae ist seit 1985 auf dem Markt und wird heute mit digitalen Systemen zur Personenalarmierung in Verbindung gebracht. Unsere Produkte haben sich gemeinsam mit dem Unternehmen entwickelt. Anfangs waren dies analoge Systeme zur gezielten Aktivierung von Alarmsirenen bei Freiwilligen Feuerwehren. Neben der Entwicklung digitaler Technologien war unser Unternehmen das erste in Polen, das ein modernes Bev\u00f6lkerungsalarmsystem mit digitaler Funkkommunikation und IP-\u00dcbertragung entworfen und implementiert hat. Die Kunden erhielten eine moderne Dispatcher-Software zur Verwaltung der Arbeit des Warnsystems, die in einer Client-Server-Architektur konzipiert ist.<\/p>\n\n\n\n<p>Begonnen hat alles 2008 mit der gewonnenen Ausschreibung f\u00fcr den Bau eines digitalen Bev\u00f6lkerungswarnsystems f\u00fcr die Warschauer Bev\u00f6lkerung. Und hier sollte betont werden, dass die besten L\u00f6sungen aus einer gemeinsamen Vision unserer Kunden und unseres Teams von Fachleuten entstehen. Dieses offene Ohr f\u00fcr die Bed\u00fcrfnisse der Kunden und die Konsequenz in der Umsetzung sichern den Erfolg am Markt. Auch heute versuchen wir, unsere Kunden so gut wie m\u00f6glich zu unterst\u00fctzen, egal ob es sich um eine gro\u00dfe Organisation oder einen einzelnen Feuerwehrmann handelt.<\/p>\n\n\n\n<p>Die gr\u00f6\u00dfte Herausforderung f\u00fcr jedes Unternehmen ist das langfristige Funktionieren in Zeiten sich sehr dynamisch \u00e4ndernder wirtschaftlicher und technologischer Bedingungen. Die Diversifizierung der Absatzm\u00e4rkte hilft uns, die Betriebsstabilit\u00e4t aufrechtzuerhalten. Seit 2010 erschlie\u00dfen wir erfolgreich neue Exportm\u00e4rkte. Begonnen haben wir mit der Zusammenarbeit mit unseren Nachbarn \u2013 mit Litauen, der Ukraine und der Slowakei. Derzeit k\u00f6nnen wir zuversichtlich sagen, dass die Marke digitex\u00ae eine globale Reichweite hat \u2013 unsere Systeme funktionieren unter anderem im Mittleren Osten, Europa und Australien.<\/p>\n\n\n\n<p>Seit 2017 ist die Marke Digitex von Platan Sp. z o.o. Sp.k. getrennt. Heute ist es eine unabh\u00e4ngige wirtschaftliche Einheit Digitex Sp. z o.o. Sp.k. Wir hoffen, dass diese wenigen Worte in den kommenden Jahren noch auf unserer Website oder auf einer anderen, moderneren Digitex-Visitenkarte zu lesen sind.<\/p>\n\n\n\n<h2 class=\"wp-block-heading\">VIZE-VORSITZENDER DES VORSTANDES, KRZYSZTOF BARANOWSKI<\/h2>\n\n\n\n<div class=\"wp-block-image\"><figure class=\"alignright size-large\"><img decoding=\"async\" width=\"250\" height=\"333\" src=\"https:\/\/www.publicalerting.com\/de\/wp-content\/uploads\/2022\/03\/KBaranowski250x333_szary.jpg\" alt=\"\" class=\"wp-image-140\" srcset=\"https:\/\/www.publicalerting.com\/de\/wp-content\/uploads\/2022\/03\/KBaranowski250x333_szary.jpg 250w, https:\/\/www.publicalerting.com\/de\/wp-content\/uploads\/2022\/03\/KBaranowski250x333_szary-225x300.jpg 225w\" sizes=\"(max-width: 250px) 100vw, 250px\" \/><\/figure><\/div>\n\n\n\n<p>Seit \u00fcber 30 Jahren sind wir auf die Entwicklung, Produktion und Lieferung von umfassenden L\u00f6sungen spezialisiert, die die Kommunikation und Sicherheit der Bev\u00f6lkerung gew\u00e4hrleisten. Die Marke digitex besteht haupts\u00e4chlich aus Produkten im Zusammenhang mit Bev\u00f6lkerungsalarmierungssystemen, die in Zivilschutz, Feuerwehr und Industrie eingesetzt werden.<\/p>\n\n\n\n<p>Wir beteiligen uns an immer komplexeren und strategischeren Projekten im In- und Ausland. Dies erfordert die Technologie- und Kompetenzentwicklung unserer Organisation, damit wir alle unsere vergangenen, gegenw\u00e4rtigen und zuk\u00fcnftigen Verpflichtungen erf\u00fcllen k\u00f6nnen.<\/p>\n\n\n\n<p>Die Position des Unternehmens in der sich schnell entwickelnden Welt von heute wird durch die angebotenen qualitativ hochwertigen Produkte und Dienstleistungen definiert. Um innovative, funktionale und flexible L\u00f6sungen zu schaffen, ist eine enge Zusammenarbeit mit jedem Kunden und die F\u00e4higkeit, seine Bed\u00fcrfnisse zu antizipieren, erforderlich. Unsere Systeme und Ger\u00e4te werden vollst\u00e4ndig in Polen entwickelt und hergestellt. Dies erm\u00f6glicht es uns, qualitativ hochwertige Produkte und flexible Lieferungen anzubieten und gleichzeitig die preisliche Wettbewerbsf\u00e4higkeit aufrechtzuerhalten.<\/p>\n\n\n\n<p>Nat\u00fcrlich gibt es keine guten Produkte ohne eine talentierte und kreative Mannschaft. Ich wei\u00df, dass unsere Mitarbeiter das gr\u00f6\u00dfte Kapital unseres Unternehmens sind. Gebildete, ambitionierte Menschen bringen neue Ideen und Engagement in das Unternehmen und wir belohnen sie mit Entwicklungsm\u00f6glichkeiten, Qualifikationen und der M\u00f6glichkeit, berufliche und pers\u00f6nliche Pl\u00e4ne zu verfolgen.<\/p>\n\n\n\n<p>Ich bin davon \u00fcberzeugt, dass die harte Arbeit des gesamten Teams, die zur St\u00e4rkung unserer Position als Marktf\u00fchrer auf dem heimischen Markt und zur Expansion in ausl\u00e4ndische M\u00e4rkte f\u00fchrt, eine dauerhafte Grundlage f\u00fcr stabiles Wachstum in den kommenden Jahren sein wird.<\/p>\n","protected":false},"excerpt":{"rendered":"<p>VORSITZENDER DES VORSTANDES, WOJCIECH PANCER Die Marke digitex\u00ae ist seit 1985 auf dem Markt und wird heute mit digitalen Systemen zur Personenalarmierung in Verbindung gebracht. Unsere Produkte haben sich gemeinsam mit dem Unternehmen entwickelt. Anfangs waren dies analoge Systeme zur gezielten Aktivierung von Alarmsirenen bei [&hellip;]<\/p>\n","protected":false},"author":2,"featured_media":0,"parent":64,"menu_order":4,"comment_status":"closed","ping_status":"closed","template":"","meta":{"_acf_changed":false,"footnotes":""},"class_list":["post-68","page","type-page","status-publish","hentry"],"acf":[],"yoast_head":"<!-- This site is optimized with the Yoast SEO plugin v26.6 - https:\/\/yoast.com\/wordpress\/plugins\/seo\/ -->\n<title>Vorstand | digitex<\/title>\n<meta name=\"robots\" content=\"index, follow, max-snippet:-1, max-image-preview:large, max-video-preview:-1\" \/>\n<link rel=\"canonical\" href=\"https:\/\/www.publicalerting.com\/de\/firma\/vorstand\/\" \/>\n<meta property=\"og:locale\" content=\"de_DE\" \/>\n<meta property=\"og:type\" content=\"article\" \/>\n<meta property=\"og:title\" content=\"Vorstand | digitex\" \/>\n<meta property=\"og:description\" content=\"VORSITZENDER DES VORSTANDES, WOJCIECH PANCER Die Marke digitex\u00ae ist seit 1985 auf dem Markt und wird heute mit digitalen Systemen zur Personenalarmierung in Verbindung gebracht. Unsere Produkte haben sich gemeinsam mit dem Unternehmen entwickelt. Anfangs waren dies analoge Systeme zur gezielten Aktivierung von Alarmsirenen bei [&hellip;]\" \/>\n<meta property=\"og:url\" content=\"https:\/\/www.publicalerting.com\/de\/firma\/vorstand\/\" \/>\n<meta property=\"og:site_name\" content=\"digitex\" \/>\n<meta property=\"article:modified_time\" content=\"2022-03-21T07:57:57+00:00\" \/>\n<meta property=\"og:image\" content=\"https:\/\/www.publicalerting.com\/de\/wp-content\/uploads\/2022\/03\/WPancer250x333_szary.jpg\" \/>\n<meta name=\"twitter:card\" content=\"summary_large_image\" \/>\n<meta name=\"twitter:label1\" content=\"Gesch\u00e4tzte Lesezeit\" \/>\n\t<meta name=\"twitter:data1\" content=\"3\u00a0Minuten\" \/>\n<script type=\"application\/ld+json\" class=\"yoast-schema-graph\">{\"@context\":\"https:\/\/schema.org\",\"@graph\":[{\"@type\":\"WebPage\",\"@id\":\"https:\/\/www.publicalerting.com\/de\/firma\/vorstand\/\",\"url\":\"https:\/\/www.publicalerting.com\/de\/firma\/vorstand\/\",\"name\":\"Vorstand | digitex\",\"isPartOf\":{\"@id\":\"https:\/\/www.publicalerting.com\/de\/#website\"},\"primaryImageOfPage\":{\"@id\":\"https:\/\/www.publicalerting.com\/de\/firma\/vorstand\/#primaryimage\"},\"image\":{\"@id\":\"https:\/\/www.publicalerting.com\/de\/firma\/vorstand\/#primaryimage\"},\"thumbnailUrl\":\"https:\/\/www.publicalerting.com\/de\/wp-content\/uploads\/2022\/03\/WPancer250x333_szary.jpg\",\"datePublished\":\"2022-03-08T13:01:23+00:00\",\"dateModified\":\"2022-03-21T07:57:57+00:00\",\"breadcrumb\":{\"@id\":\"https:\/\/www.publicalerting.com\/de\/firma\/vorstand\/#breadcrumb\"},\"inLanguage\":\"de\",\"potentialAction\":[{\"@type\":\"ReadAction\",\"target\":[\"https:\/\/www.publicalerting.com\/de\/firma\/vorstand\/\"]}]},{\"@type\":\"ImageObject\",\"inLanguage\":\"de\",\"@id\":\"https:\/\/www.publicalerting.com\/de\/firma\/vorstand\/#primaryimage\",\"url\":\"https:\/\/www.publicalerting.com\/de\/wp-content\/uploads\/2022\/03\/WPancer250x333_szary.jpg\",\"contentUrl\":\"https:\/\/www.publicalerting.com\/de\/wp-content\/uploads\/2022\/03\/WPancer250x333_szary.jpg\"},{\"@type\":\"BreadcrumbList\",\"@id\":\"https:\/\/www.publicalerting.com\/de\/firma\/vorstand\/#breadcrumb\",\"itemListElement\":[{\"@type\":\"ListItem\",\"position\":1,\"name\":\"Home\",\"item\":\"https:\/\/www.publicalerting.com\/de\/\"},{\"@type\":\"ListItem\",\"position\":2,\"name\":\"Firma\",\"item\":\"https:\/\/www.publicalerting.com\/de\/firma\/\"},{\"@type\":\"ListItem\",\"position\":3,\"name\":\"Vorstand\"}]},{\"@type\":\"WebSite\",\"@id\":\"https:\/\/www.publicalerting.com\/de\/#website\",\"url\":\"https:\/\/www.publicalerting.com\/de\/\",\"name\":\"digitex\",\"description\":\"INTEGRIERTE BENACHRICHTIGUNGSSYSTEME\",\"publisher\":{\"@id\":\"https:\/\/www.publicalerting.com\/de\/#organization\"},\"potentialAction\":[{\"@type\":\"SearchAction\",\"target\":{\"@type\":\"EntryPoint\",\"urlTemplate\":\"https:\/\/www.publicalerting.com\/de\/?s={search_term_string}\"},\"query-input\":{\"@type\":\"PropertyValueSpecification\",\"valueRequired\":true,\"valueName\":\"search_term_string\"}}],\"inLanguage\":\"de\"},{\"@type\":\"Organization\",\"@id\":\"https:\/\/www.publicalerting.com\/de\/#organization\",\"name\":\"DIGITEX Sp. z o.o. Sp. k.\",\"url\":\"https:\/\/www.publicalerting.com\/de\/\",\"logo\":{\"@type\":\"ImageObject\",\"inLanguage\":\"de\",\"@id\":\"https:\/\/www.publicalerting.com\/de\/#\/schema\/logo\/image\/\",\"url\":\"https:\/\/www.publicalerting.com\/de\/wp-content\/uploads\/2022\/03\/Logo_2018a.png\",\"contentUrl\":\"https:\/\/www.publicalerting.com\/de\/wp-content\/uploads\/2022\/03\/Logo_2018a.png\",\"width\":247,\"height\":73,\"caption\":\"DIGITEX Sp. z o.o. Sp. k.\"},\"image\":{\"@id\":\"https:\/\/www.publicalerting.com\/de\/#\/schema\/logo\/image\/\"}}]}<\/script>\n<!-- \/ Yoast SEO plugin. -->","yoast_head_json":{"title":"Vorstand | digitex","robots":{"index":"index","follow":"follow","max-snippet":"max-snippet:-1","max-image-preview":"max-image-preview:large","max-video-preview":"max-video-preview:-1"},"canonical":"https:\/\/www.publicalerting.com\/de\/firma\/vorstand\/","og_locale":"de_DE","og_type":"article","og_title":"Vorstand | digitex","og_description":"VORSITZENDER DES VORSTANDES, WOJCIECH PANCER Die Marke digitex\u00ae ist seit 1985 auf dem Markt und wird heute mit digitalen Systemen zur Personenalarmierung in Verbindung gebracht. Unsere Produkte haben sich gemeinsam mit dem Unternehmen entwickelt. Anfangs waren dies analoge Systeme zur gezielten Aktivierung von Alarmsirenen bei [&hellip;]","og_url":"https:\/\/www.publicalerting.com\/de\/firma\/vorstand\/","og_site_name":"digitex","article_modified_time":"2022-03-21T07:57:57+00:00","og_image":[{"url":"https:\/\/www.publicalerting.com\/de\/wp-content\/uploads\/2022\/03\/WPancer250x333_szary.jpg","type":"","width":"","height":""}],"twitter_card":"summary_large_image","twitter_misc":{"Gesch\u00e4tzte Lesezeit":"3\u00a0Minuten"},"schema":{"@context":"https:\/\/schema.org","@graph":[{"@type":"WebPage","@id":"https:\/\/www.publicalerting.com\/de\/firma\/vorstand\/","url":"https:\/\/www.publicalerting.com\/de\/firma\/vorstand\/","name":"Vorstand | digitex","isPartOf":{"@id":"https:\/\/www.publicalerting.com\/de\/#website"},"primaryImageOfPage":{"@id":"https:\/\/www.publicalerting.com\/de\/firma\/vorstand\/#primaryimage"},"image":{"@id":"https:\/\/www.publicalerting.com\/de\/firma\/vorstand\/#primaryimage"},"thumbnailUrl":"https:\/\/www.publicalerting.com\/de\/wp-content\/uploads\/2022\/03\/WPancer250x333_szary.jpg","datePublished":"2022-03-08T13:01:23+00:00","dateModified":"2022-03-21T07:57:57+00:00","breadcrumb":{"@id":"https:\/\/www.publicalerting.com\/de\/firma\/vorstand\/#breadcrumb"},"inLanguage":"de","potentialAction":[{"@type":"ReadAction","target":["https:\/\/www.publicalerting.com\/de\/firma\/vorstand\/"]}]},{"@type":"ImageObject","inLanguage":"de","@id":"https:\/\/www.publicalerting.com\/de\/firma\/vorstand\/#primaryimage","url":"https:\/\/www.publicalerting.com\/de\/wp-content\/uploads\/2022\/03\/WPancer250x333_szary.jpg","contentUrl":"https:\/\/www.publicalerting.com\/de\/wp-content\/uploads\/2022\/03\/WPancer250x333_szary.jpg"},{"@type":"BreadcrumbList","@id":"https:\/\/www.publicalerting.com\/de\/firma\/vorstand\/#breadcrumb","itemListElement":[{"@type":"ListItem","position":1,"name":"Home","item":"https:\/\/www.publicalerting.com\/de\/"},{"@type":"ListItem","position":2,"name":"Firma","item":"https:\/\/www.publicalerting.com\/de\/firma\/"},{"@type":"ListItem","position":3,"name":"Vorstand"}]},{"@type":"WebSite","@id":"https:\/\/www.publicalerting.com\/de\/#website","url":"https:\/\/www.publicalerting.com\/de\/","name":"digitex","description":"INTEGRIERTE BENACHRICHTIGUNGSSYSTEME","publisher":{"@id":"https:\/\/www.publicalerting.com\/de\/#organization"},"potentialAction":[{"@type":"SearchAction","target":{"@type":"EntryPoint","urlTemplate":"https:\/\/www.publicalerting.com\/de\/?s={search_term_string}"},"query-input":{"@type":"PropertyValueSpecification","valueRequired":true,"valueName":"search_term_string"}}],"inLanguage":"de"},{"@type":"Organization","@id":"https:\/\/www.publicalerting.com\/de\/#organization","name":"DIGITEX Sp. z o.o. Sp. k.","url":"https:\/\/www.publicalerting.com\/de\/","logo":{"@type":"ImageObject","inLanguage":"de","@id":"https:\/\/www.publicalerting.com\/de\/#\/schema\/logo\/image\/","url":"https:\/\/www.publicalerting.com\/de\/wp-content\/uploads\/2022\/03\/Logo_2018a.png","contentUrl":"https:\/\/www.publicalerting.com\/de\/wp-content\/uploads\/2022\/03\/Logo_2018a.png","width":247,"height":73,"caption":"DIGITEX Sp. z o.o. Sp. k."},"image":{"@id":"https:\/\/www.publicalerting.com\/de\/#\/schema\/logo\/image\/"}}]}},"_links":{"self":[{"href":"https:\/\/www.publicalerting.com\/de\/wp-json\/wp\/v2\/pages\/68","targetHints":{"allow":["GET"]}}],"collection":[{"href":"https:\/\/www.publicalerting.com\/de\/wp-json\/wp\/v2\/pages"}],"about":[{"href":"https:\/\/www.publicalerting.com\/de\/wp-json\/wp\/v2\/types\/page"}],"author":[{"embeddable":true,"href":"https:\/\/www.publicalerting.com\/de\/wp-json\/wp\/v2\/users\/2"}],"replies":[{"embeddable":true,"href":"https:\/\/www.publicalerting.com\/de\/wp-json\/wp\/v2\/comments?post=68"}],"version-history":[{"count":0,"href":"https:\/\/www.publicalerting.com\/de\/wp-json\/wp\/v2\/pages\/68\/revisions"}],"up":[{"embeddable":true,"href":"https:\/\/www.publicalerting.com\/de\/wp-json\/wp\/v2\/pages\/64"}],"wp:attachment":[{"href":"https:\/\/www.publicalerting.com\/de\/wp-json\/wp\/v2\/media?parent=68"}],"curies":[{"name":"wp","href":"https:\/\/api.w.org\/{rel}","templated":true}]}}