{"id":67,"date":"2022-03-08T14:00:33","date_gmt":"2022-03-08T13:00:33","guid":{"rendered":"https:\/\/www.publicalerting.com\/de\/?page_id=67"},"modified":"2025-05-10T18:02:56","modified_gmt":"2025-05-10T16:02:56","slug":"datenschutzrichtlinie","status":"publish","type":"page","link":"https:\/\/www.publicalerting.com\/de\/firma\/datenschutzrichtlinie\/","title":{"rendered":"Datenschutzrichtlinie"},"content":{"rendered":"\n<p>Pers\u00f6nliche Daten (vollst\u00e4ndiger Name, Adresse usw.), die von Benutzern freiwillig in Kontaktformulare und in Digitex-Internetdienste eingegeben oder bei Telefongespr\u00e4chen mit Digitex-Mitarbeitern angegeben werden, werden von Digitex nur verwendet, um einen korrekten Kundenservice zu gew\u00e4hrleisten. Personenbezogene Daten werden nur gesammelt, um die Benutzer zu kontaktieren, sie zu identifizieren und ihre Bestellungen und Servicelieferungen zu bearbeiten.<\/p>\n\n\n\n<h2 class=\"wp-block-heading\">VERWALTER DER PERSONENBEZOGENEN DATEN<\/h2>\n\n\n\n<p>Der Verwalter der personenbezogenen Daten ist <strong>DIGITEX Sp. z o.o. Sp. k.<\/strong>, Polen, Sopot 81855, 2 Platanowa Stra\u00dfe, VAT ID NUMMER: PL-5851476863, KRS: 0000660257 Amtsgericht in Danzig, 8. Handelsabteilung des Landesgerichtsregisters.<\/p>\n\n\n\n<h2 class=\"wp-block-heading\">VERARBEITUNG PERSONENBEZOGENER DATEN<\/h2>\n\n\n\n<ol class=\"wp-block-list\">\n<li>Freiwillig vom Nutzer zur Ausf\u00fchrung von Bestellungen bereitgestellte personenbezogene Daten (Firmen- oder Organisationsdaten \u2013 Name und Adresse, Vor- und Nachname, E-Mail-Adresse, Telefonnummer).<\/li>\n\n\n\n<li>Freiwillig vom Nutzer zur Ausf\u00fchrung von Bestellungen bereitgestellte personenbezogene Daten, die w\u00e4hrend aller anderen Korrespondenz mit Digitex Sp. z o.o. Sp. k. bereitgestellt wurden.<\/li>\n<\/ol>\n\n\n\n<h2 class=\"wp-block-heading\">ERHEBUNG PERSONENBEZOGENER DATEN<\/h2>\n\n\n\n<ol class=\"wp-block-list\">\n<li>Daten werden f\u00fcr Zwecke im Zusammenhang mit der Ausf\u00fchrung von Bestellungen, Vertr\u00e4gen, Dienstleistungen oder der Nutzung des Benachrichtigungs- und Warnsystems digitexWAVE sowie f\u00fcr Marketingzwecke erhoben.<\/li>\n\n\n\n<li>Die Daten werden f\u00fcr 5 Jahre gespeichert (sofern die Vereinbarungen nichts anderes vorsehen). Nach Ablauf dieser Frist werden die Daten gel\u00f6scht. Die Entfernung personenbezogener Daten bedeutet ihre Vernichtung oder \u00c4nderung, die eine Reproduktion ihres Inhalts nicht zul\u00e4sst.<\/li>\n\n\n\n<li>Alle Dokumente, die personenbezogene Daten enthalten, die nicht mit der Ausf\u00fchrung von Bestellungen in Zusammenhang stehen, werden nicht gespeichert.<\/li>\n<\/ol>\n\n\n\n<h2 class=\"wp-block-heading\">ZUGRIFF AUF PERSONENBEZOGENE DATEN<\/h2>\n\n\n\n<ol class=\"wp-block-list\">\n<li>DIGITEX Sp. z o.o. Sp.k. verkauft oder stellt personenbezogene Daten nicht an Dritte zur Verf\u00fcgung.<\/li>\n\n\n\n<li>Personenbezogene Daten werden an Kurierunternehmen weitergegeben, mit denen DIGITEX Sp. z o.o. Sp. k. Vertr\u00e4ge geschlossen hat, um freiwillig erteilte Auftr\u00e4ge zu erf\u00fcllen.<\/li>\n<\/ol>\n\n\n\n<p>SICHERHEIT DER PERSONENBEZOGENEN DATEN<\/p>\n\n\n\n<ol class=\"wp-block-list\">\n<li>DIGITEX Sp. z o.o. Sp.k. sch\u00fctzt erhobene personenbezogene Daten nach h\u00f6chsten Sicherheits- und Datenschutzstandards.<\/li>\n\n\n\n<li>Die \u00dcbertragung personenbezogener Daten (zwischen dem Webserver und dem Webbrowser) wird durch das SSL-Protokoll gesichert, das die Vertraulichkeit der Daten\u00fcbertragung \u00fcber das Internet gew\u00e4hrleistet.<\/li>\n<\/ol>\n\n\n\n<h2 class=\"wp-block-heading\">COOKIES<\/h2>\n\n\n\n<ol class=\"wp-block-list\">\n<li>Die oben genannte Website verwendet Cookies. Die Internet-Cookies von Digitex sind winzige Dateien, die im Cache des Webbrowsers des Benutzers gespeichert werden. Sie speichern individuelle Systemeinstellungen und erm\u00f6glichen die Nutzung der authentifizierten Seiten von Digitex, indem sie die Protokollierungssitzung des Benutzers aufrechterhalten.<\/li>\n\n\n\n<li>Cookies enthalten keine personenbezogenen Daten. Sie werden verwendet, um den eingeloggten Benutzer zu identifizieren, die eingeloggte Benutzersitzung aufrechtzuerhalten und zu statistischen Zwecken.<\/li>\n\n\n\n<li>Sie k\u00f6nnen Cookies in Ihrem Webbrowser deaktivieren, dies kann jedoch zu Unannehmlichkeiten bei der Nutzung der Digitex-Website f\u00fchren. Hersteller von Webbrowsern ver\u00f6ffentlichen auf ihren Websites detaillierte Informationen zur Cookie-Verwaltung:<\/li>\n<\/ol>\n\n\n\n<ul class=\"wp-block-list\">\n<li>Google Chrome: Men\u00fc \u2192 Einstellungen \u2192 Erweiterte Einstellungen anzeigen \u2192 Datenschutz \u2192 Inhaltseinstellungen \u2192 Cookies<\/li>\n\n\n\n<li>Internet Explorer 6.0 und 7.0: Men\u00fc \u2192 Extras \u2192 Internetoptionen \u2192 Datenschutz \u2192 Websites<\/li>\n\n\n\n<li>Mozilla Firefox:<strong> <\/strong>Extras \u2192 Optionen \u2192 Datenschutz<\/li>\n\n\n\n<li>Opera: Men\u00fc \u2192 Einstellungen \u2192 Pr\u00e4ferenzen \u2192 Erweitert \u2192 Cookies<\/li>\n\n\n\n<li>Safari: Men\u00fc \u2192 Einstellungen \u2192 Sicherheit<\/li>\n<\/ul>\n\n\n\n<h2 class=\"wp-block-heading\">INSPEKTOR F\u00dcR PERSONENBEZOGENEN DATENSCHUTZ<\/h2>\n\n\n\n<ol class=\"wp-block-list\">\n<li>Gem\u00e4\u00df dem Datenschutzgesetz hat der Benutzer das Recht, auf seine Daten zuzugreifen, sie zu korrigieren, zu l\u00f6schen und in den im oben genannten Gesetz genannten F\u00e4llen vergessen zu werden.<\/li>\n\n\n\n<li>Antr\u00e4ge bez\u00fcglich des Rechts auf Vergessenwerden sind an den Inspektor f\u00fcr personenbezogene Daten unter <strong>ido@digitex.pl<\/strong> zu richten.<\/li>\n\n\n\n<li>Antr\u00e4ge werden an Werktagen von 8:00 bis 15:00 Uhr angenommen. Die Reaktionszeit auf die oben genannte Anfrage betr\u00e4gt bis zu 14 Werktage.<\/li>\n<\/ol>\n\n\n\n<h2 class=\"wp-block-heading\">\u00c4NDERUNGEN DER DATENSCHUTZRICHTLINIE<\/h2>\n\n\n\n<ol class=\"wp-block-list\">\n<li>Wir behalten uns das Recht vor, diese Datenschutzrichtlinie zu \u00e4ndern.<\/li>\n\n\n\n<li>Die \u00c4nderungen werden auf der oben genannten Website ver\u00f6ffentlicht.<\/li>\n<\/ol>\n\n\n\n<p>Zoppot, 17. Mai 2018<\/p>\n","protected":false},"excerpt":{"rendered":"<p>Pers\u00f6nliche Daten (vollst\u00e4ndiger Name, Adresse usw.), die von Benutzern freiwillig in Kontaktformulare und in Digitex-Internetdienste eingegeben oder bei Telefongespr\u00e4chen mit Digitex-Mitarbeitern angegeben werden, werden von Digitex nur verwendet, um einen korrekten Kundenservice zu gew\u00e4hrleisten. Personenbezogene Daten werden nur gesammelt, um die Benutzer zu kontaktieren, sie [&hellip;]<\/p>\n","protected":false},"author":2,"featured_media":0,"parent":64,"menu_order":3,"comment_status":"closed","ping_status":"closed","template":"","meta":{"_acf_changed":false,"footnotes":""},"class_list":["post-67","page","type-page","status-publish","hentry"],"acf":[],"yoast_head":"<!-- This site is optimized with the Yoast SEO plugin v26.6 - https:\/\/yoast.com\/wordpress\/plugins\/seo\/ -->\n<title>Datenschutzrichtlinie | digitex<\/title>\n<meta name=\"robots\" content=\"index, follow, max-snippet:-1, max-image-preview:large, max-video-preview:-1\" \/>\n<link rel=\"canonical\" href=\"https:\/\/www.publicalerting.com\/de\/firma\/datenschutzrichtlinie\/\" \/>\n<meta property=\"og:locale\" content=\"de_DE\" \/>\n<meta property=\"og:type\" content=\"article\" \/>\n<meta property=\"og:title\" content=\"Datenschutzrichtlinie | digitex\" \/>\n<meta property=\"og:description\" content=\"Pers\u00f6nliche Daten (vollst\u00e4ndiger Name, Adresse usw.), die von Benutzern freiwillig in Kontaktformulare und in Digitex-Internetdienste eingegeben oder bei Telefongespr\u00e4chen mit Digitex-Mitarbeitern angegeben werden, werden von Digitex nur verwendet, um einen korrekten Kundenservice zu gew\u00e4hrleisten. Personenbezogene Daten werden nur gesammelt, um die Benutzer zu kontaktieren, sie [&hellip;]\" \/>\n<meta property=\"og:url\" content=\"https:\/\/www.publicalerting.com\/de\/firma\/datenschutzrichtlinie\/\" \/>\n<meta property=\"og:site_name\" content=\"digitex\" \/>\n<meta property=\"article:modified_time\" content=\"2025-05-10T16:02:56+00:00\" \/>\n<meta name=\"twitter:card\" content=\"summary_large_image\" \/>\n<meta name=\"twitter:label1\" content=\"Gesch\u00e4tzte Lesezeit\" \/>\n\t<meta name=\"twitter:data1\" content=\"4\u00a0Minuten\" \/>\n<script type=\"application\/ld+json\" class=\"yoast-schema-graph\">{\"@context\":\"https:\/\/schema.org\",\"@graph\":[{\"@type\":\"WebPage\",\"@id\":\"https:\/\/www.publicalerting.com\/de\/firma\/datenschutzrichtlinie\/\",\"url\":\"https:\/\/www.publicalerting.com\/de\/firma\/datenschutzrichtlinie\/\",\"name\":\"Datenschutzrichtlinie | digitex\",\"isPartOf\":{\"@id\":\"https:\/\/www.publicalerting.com\/de\/#website\"},\"datePublished\":\"2022-03-08T13:00:33+00:00\",\"dateModified\":\"2025-05-10T16:02:56+00:00\",\"breadcrumb\":{\"@id\":\"https:\/\/www.publicalerting.com\/de\/firma\/datenschutzrichtlinie\/#breadcrumb\"},\"inLanguage\":\"de\",\"potentialAction\":[{\"@type\":\"ReadAction\",\"target\":[\"https:\/\/www.publicalerting.com\/de\/firma\/datenschutzrichtlinie\/\"]}]},{\"@type\":\"BreadcrumbList\",\"@id\":\"https:\/\/www.publicalerting.com\/de\/firma\/datenschutzrichtlinie\/#breadcrumb\",\"itemListElement\":[{\"@type\":\"ListItem\",\"position\":1,\"name\":\"Home\",\"item\":\"https:\/\/www.publicalerting.com\/de\/\"},{\"@type\":\"ListItem\",\"position\":2,\"name\":\"Firma\",\"item\":\"https:\/\/www.publicalerting.com\/de\/firma\/\"},{\"@type\":\"ListItem\",\"position\":3,\"name\":\"Datenschutzrichtlinie\"}]},{\"@type\":\"WebSite\",\"@id\":\"https:\/\/www.publicalerting.com\/de\/#website\",\"url\":\"https:\/\/www.publicalerting.com\/de\/\",\"name\":\"digitex\",\"description\":\"INTEGRIERTE BENACHRICHTIGUNGSSYSTEME\",\"publisher\":{\"@id\":\"https:\/\/www.publicalerting.com\/de\/#organization\"},\"potentialAction\":[{\"@type\":\"SearchAction\",\"target\":{\"@type\":\"EntryPoint\",\"urlTemplate\":\"https:\/\/www.publicalerting.com\/de\/?s={search_term_string}\"},\"query-input\":{\"@type\":\"PropertyValueSpecification\",\"valueRequired\":true,\"valueName\":\"search_term_string\"}}],\"inLanguage\":\"de\"},{\"@type\":\"Organization\",\"@id\":\"https:\/\/www.publicalerting.com\/de\/#organization\",\"name\":\"DIGITEX Sp. z o.o. Sp. k.\",\"url\":\"https:\/\/www.publicalerting.com\/de\/\",\"logo\":{\"@type\":\"ImageObject\",\"inLanguage\":\"de\",\"@id\":\"https:\/\/www.publicalerting.com\/de\/#\/schema\/logo\/image\/\",\"url\":\"https:\/\/www.publicalerting.com\/de\/wp-content\/uploads\/2022\/03\/Logo_2018a.png\",\"contentUrl\":\"https:\/\/www.publicalerting.com\/de\/wp-content\/uploads\/2022\/03\/Logo_2018a.png\",\"width\":247,\"height\":73,\"caption\":\"DIGITEX Sp. z o.o. Sp. k.\"},\"image\":{\"@id\":\"https:\/\/www.publicalerting.com\/de\/#\/schema\/logo\/image\/\"}}]}<\/script>\n<!-- \/ Yoast SEO plugin. -->","yoast_head_json":{"title":"Datenschutzrichtlinie | digitex","robots":{"index":"index","follow":"follow","max-snippet":"max-snippet:-1","max-image-preview":"max-image-preview:large","max-video-preview":"max-video-preview:-1"},"canonical":"https:\/\/www.publicalerting.com\/de\/firma\/datenschutzrichtlinie\/","og_locale":"de_DE","og_type":"article","og_title":"Datenschutzrichtlinie | digitex","og_description":"Pers\u00f6nliche Daten (vollst\u00e4ndiger Name, Adresse usw.), die von Benutzern freiwillig in Kontaktformulare und in Digitex-Internetdienste eingegeben oder bei Telefongespr\u00e4chen mit Digitex-Mitarbeitern angegeben werden, werden von Digitex nur verwendet, um einen korrekten Kundenservice zu gew\u00e4hrleisten. Personenbezogene Daten werden nur gesammelt, um die Benutzer zu kontaktieren, sie [&hellip;]","og_url":"https:\/\/www.publicalerting.com\/de\/firma\/datenschutzrichtlinie\/","og_site_name":"digitex","article_modified_time":"2025-05-10T16:02:56+00:00","twitter_card":"summary_large_image","twitter_misc":{"Gesch\u00e4tzte Lesezeit":"4\u00a0Minuten"},"schema":{"@context":"https:\/\/schema.org","@graph":[{"@type":"WebPage","@id":"https:\/\/www.publicalerting.com\/de\/firma\/datenschutzrichtlinie\/","url":"https:\/\/www.publicalerting.com\/de\/firma\/datenschutzrichtlinie\/","name":"Datenschutzrichtlinie | digitex","isPartOf":{"@id":"https:\/\/www.publicalerting.com\/de\/#website"},"datePublished":"2022-03-08T13:00:33+00:00","dateModified":"2025-05-10T16:02:56+00:00","breadcrumb":{"@id":"https:\/\/www.publicalerting.com\/de\/firma\/datenschutzrichtlinie\/#breadcrumb"},"inLanguage":"de","potentialAction":[{"@type":"ReadAction","target":["https:\/\/www.publicalerting.com\/de\/firma\/datenschutzrichtlinie\/"]}]},{"@type":"BreadcrumbList","@id":"https:\/\/www.publicalerting.com\/de\/firma\/datenschutzrichtlinie\/#breadcrumb","itemListElement":[{"@type":"ListItem","position":1,"name":"Home","item":"https:\/\/www.publicalerting.com\/de\/"},{"@type":"ListItem","position":2,"name":"Firma","item":"https:\/\/www.publicalerting.com\/de\/firma\/"},{"@type":"ListItem","position":3,"name":"Datenschutzrichtlinie"}]},{"@type":"WebSite","@id":"https:\/\/www.publicalerting.com\/de\/#website","url":"https:\/\/www.publicalerting.com\/de\/","name":"digitex","description":"INTEGRIERTE BENACHRICHTIGUNGSSYSTEME","publisher":{"@id":"https:\/\/www.publicalerting.com\/de\/#organization"},"potentialAction":[{"@type":"SearchAction","target":{"@type":"EntryPoint","urlTemplate":"https:\/\/www.publicalerting.com\/de\/?s={search_term_string}"},"query-input":{"@type":"PropertyValueSpecification","valueRequired":true,"valueName":"search_term_string"}}],"inLanguage":"de"},{"@type":"Organization","@id":"https:\/\/www.publicalerting.com\/de\/#organization","name":"DIGITEX Sp. z o.o. Sp. k.","url":"https:\/\/www.publicalerting.com\/de\/","logo":{"@type":"ImageObject","inLanguage":"de","@id":"https:\/\/www.publicalerting.com\/de\/#\/schema\/logo\/image\/","url":"https:\/\/www.publicalerting.com\/de\/wp-content\/uploads\/2022\/03\/Logo_2018a.png","contentUrl":"https:\/\/www.publicalerting.com\/de\/wp-content\/uploads\/2022\/03\/Logo_2018a.png","width":247,"height":73,"caption":"DIGITEX Sp. z o.o. Sp. k."},"image":{"@id":"https:\/\/www.publicalerting.com\/de\/#\/schema\/logo\/image\/"}}]}},"_links":{"self":[{"href":"https:\/\/www.publicalerting.com\/de\/wp-json\/wp\/v2\/pages\/67","targetHints":{"allow":["GET"]}}],"collection":[{"href":"https:\/\/www.publicalerting.com\/de\/wp-json\/wp\/v2\/pages"}],"about":[{"href":"https:\/\/www.publicalerting.com\/de\/wp-json\/wp\/v2\/types\/page"}],"author":[{"embeddable":true,"href":"https:\/\/www.publicalerting.com\/de\/wp-json\/wp\/v2\/users\/2"}],"replies":[{"embeddable":true,"href":"https:\/\/www.publicalerting.com\/de\/wp-json\/wp\/v2\/comments?post=67"}],"version-history":[{"count":0,"href":"https:\/\/www.publicalerting.com\/de\/wp-json\/wp\/v2\/pages\/67\/revisions"}],"up":[{"embeddable":true,"href":"https:\/\/www.publicalerting.com\/de\/wp-json\/wp\/v2\/pages\/64"}],"wp:attachment":[{"href":"https:\/\/www.publicalerting.com\/de\/wp-json\/wp\/v2\/media?parent=67"}],"curies":[{"name":"wp","href":"https:\/\/api.w.org\/{rel}","templated":true}]}}