{"id":66,"date":"2022-03-08T14:00:02","date_gmt":"2022-03-08T13:00:02","guid":{"rendered":"https:\/\/www.publicalerting.com\/de\/?page_id=66"},"modified":"2022-03-21T08:35:47","modified_gmt":"2022-03-21T07:35:47","slug":"qualitaetsrichtlinie","status":"publish","type":"page","link":"https:\/\/www.publicalerting.com\/de\/firma\/qualitaetsrichtlinie\/","title":{"rendered":"Qualit\u00e4tsrichtlinie"},"content":{"rendered":"\n<h2 class=\"wp-block-heading\">SEHR GEEHRTE KUNDEN!<\/h2>\n\n\n\n<p>Der h\u00f6chste Wert und das Ziel von Digitex ist es, eine hohe Qualit\u00e4t der angebotenen Dienstleistungen aufrechtzuerhalten. Dieses Ziel verfolgen wir durch kontinuierliche Verbesserung unserer Produkte, Einf\u00fchrung technologischer Innovationen und Entwicklung der Qualifikation unserer Mitarbeiter.<\/p>\n\n\n\n<h2 class=\"wp-block-heading\">digitex ISO 9001:2015<\/h2>\n\n\n\n<p>Die Aufrechterhaltung der h\u00f6chsten Qualit\u00e4t der Verfahren und Produkte basiert auf den Richtlinien des Qualit\u00e4tsmanagementsystems gem\u00e4\u00df der Norm PN-EN ISO 9001:2015. Im Rahmen dieses Systems verbessern wir Produktionsprozesse und erreichen bessere technische Parameter unserer Ger\u00e4te. Das Qualit\u00e4tsmanagementsystem schafft perfekte Entwicklungsbedingungen f\u00fcr unser Unternehmen und seine Mitarbeiter und erm\u00f6glicht es uns, Gewinne zu maximieren.<\/p>\n\n\n\n<p>Um den Betrieb des Qualit\u00e4tsmanagementsystems gem\u00e4\u00df der gegebenen Norm zu verbessern, hat der Vorstand des Unternehmens eine Qualit\u00e4tspolitik eingef\u00fchrt, die in jeder Phase des Betriebs umgesetzt wird: auf der Ebene der internen Organisation des Unternehmens und externen Verfahren. Die Qualit\u00e4tspolitik, die wir t\u00e4glich verfolgen, beinhaltet unter anderem die Einhaltung hoher Standards im Dienste von Verkaufsprozessen, Forschung und Entwicklung, Produktionsprozessen und dem Einkauf. Diese Richtlinie wird vom gesamten Digitex-Team eingehalten.<\/p>\n\n\n\n<p>Die entwickelte Qualit\u00e4tspolitik unterst\u00fctzt die strategische Ausrichtung unseres Unternehmens, n\u00e4mlich die Entwicklung des Unternehmenswertes durch Umsatzsteigerung und Erschlie\u00dfung neuer M\u00e4rkte.<\/p>\n\n\n\n<p>Die entwickelte Qualit\u00e4tspolitik unterst\u00fctzt die strategische Ausrichtung unseres Unternehmens, n\u00e4mlich die Entwicklung des Unternehmenswertes durch Umsatzsteigerung und Erschlie\u00dfung neuer M\u00e4rkte.<\/p>\n\n\n\n<p>Gleichzeitig verbessert das Management kontinuierlich die Qualit\u00e4t der Produkte und Dienstleistungen, um seine Kunden und Partner zufrieden zu stellen.<\/p>\n","protected":false},"excerpt":{"rendered":"<p>SEHR GEEHRTE KUNDEN! Der h\u00f6chste Wert und das Ziel von Digitex ist es, eine hohe Qualit\u00e4t der angebotenen Dienstleistungen aufrechtzuerhalten. Dieses Ziel verfolgen wir durch kontinuierliche Verbesserung unserer Produkte, Einf\u00fchrung technologischer Innovationen und Entwicklung der Qualifikation unserer Mitarbeiter. digitex ISO 9001:2015 Die Aufrechterhaltung der h\u00f6chsten [&hellip;]<\/p>\n","protected":false},"author":2,"featured_media":0,"parent":64,"menu_order":2,"comment_status":"closed","ping_status":"closed","template":"","meta":{"_acf_changed":false,"footnotes":""},"class_list":["post-66","page","type-page","status-publish","hentry"],"acf":[],"yoast_head":"<!-- This site is optimized with the Yoast SEO plugin v26.6 - https:\/\/yoast.com\/wordpress\/plugins\/seo\/ -->\n<title>Qualit\u00e4tsrichtlinie | digitex<\/title>\n<meta name=\"robots\" content=\"index, follow, max-snippet:-1, max-image-preview:large, max-video-preview:-1\" \/>\n<link rel=\"canonical\" href=\"https:\/\/www.publicalerting.com\/de\/firma\/qualitaetsrichtlinie\/\" \/>\n<meta property=\"og:locale\" content=\"de_DE\" \/>\n<meta property=\"og:type\" content=\"article\" \/>\n<meta property=\"og:title\" content=\"Qualit\u00e4tsrichtlinie | digitex\" \/>\n<meta property=\"og:description\" content=\"SEHR GEEHRTE KUNDEN! Der h\u00f6chste Wert und das Ziel von Digitex ist es, eine hohe Qualit\u00e4t der angebotenen Dienstleistungen aufrechtzuerhalten. Dieses Ziel verfolgen wir durch kontinuierliche Verbesserung unserer Produkte, Einf\u00fchrung technologischer Innovationen und Entwicklung der Qualifikation unserer Mitarbeiter. digitex ISO 9001:2015 Die Aufrechterhaltung der h\u00f6chsten [&hellip;]\" \/>\n<meta property=\"og:url\" content=\"https:\/\/www.publicalerting.com\/de\/firma\/qualitaetsrichtlinie\/\" \/>\n<meta property=\"og:site_name\" content=\"digitex\" \/>\n<meta property=\"article:modified_time\" content=\"2022-03-21T07:35:47+00:00\" \/>\n<meta name=\"twitter:card\" content=\"summary_large_image\" \/>\n<meta name=\"twitter:label1\" content=\"Gesch\u00e4tzte Lesezeit\" \/>\n\t<meta name=\"twitter:data1\" content=\"1\u00a0Minute\" \/>\n<script type=\"application\/ld+json\" class=\"yoast-schema-graph\">{\"@context\":\"https:\/\/schema.org\",\"@graph\":[{\"@type\":\"WebPage\",\"@id\":\"https:\/\/www.publicalerting.com\/de\/firma\/qualitaetsrichtlinie\/\",\"url\":\"https:\/\/www.publicalerting.com\/de\/firma\/qualitaetsrichtlinie\/\",\"name\":\"Qualit\u00e4tsrichtlinie | digitex\",\"isPartOf\":{\"@id\":\"https:\/\/www.publicalerting.com\/de\/#website\"},\"datePublished\":\"2022-03-08T13:00:02+00:00\",\"dateModified\":\"2022-03-21T07:35:47+00:00\",\"breadcrumb\":{\"@id\":\"https:\/\/www.publicalerting.com\/de\/firma\/qualitaetsrichtlinie\/#breadcrumb\"},\"inLanguage\":\"de\",\"potentialAction\":[{\"@type\":\"ReadAction\",\"target\":[\"https:\/\/www.publicalerting.com\/de\/firma\/qualitaetsrichtlinie\/\"]}]},{\"@type\":\"BreadcrumbList\",\"@id\":\"https:\/\/www.publicalerting.com\/de\/firma\/qualitaetsrichtlinie\/#breadcrumb\",\"itemListElement\":[{\"@type\":\"ListItem\",\"position\":1,\"name\":\"Home\",\"item\":\"https:\/\/www.publicalerting.com\/de\/\"},{\"@type\":\"ListItem\",\"position\":2,\"name\":\"Firma\",\"item\":\"https:\/\/www.publicalerting.com\/de\/firma\/\"},{\"@type\":\"ListItem\",\"position\":3,\"name\":\"Qualit\u00e4tsrichtlinie\"}]},{\"@type\":\"WebSite\",\"@id\":\"https:\/\/www.publicalerting.com\/de\/#website\",\"url\":\"https:\/\/www.publicalerting.com\/de\/\",\"name\":\"digitex\",\"description\":\"INTEGRIERTE BENACHRICHTIGUNGSSYSTEME\",\"publisher\":{\"@id\":\"https:\/\/www.publicalerting.com\/de\/#organization\"},\"potentialAction\":[{\"@type\":\"SearchAction\",\"target\":{\"@type\":\"EntryPoint\",\"urlTemplate\":\"https:\/\/www.publicalerting.com\/de\/?s={search_term_string}\"},\"query-input\":{\"@type\":\"PropertyValueSpecification\",\"valueRequired\":true,\"valueName\":\"search_term_string\"}}],\"inLanguage\":\"de\"},{\"@type\":\"Organization\",\"@id\":\"https:\/\/www.publicalerting.com\/de\/#organization\",\"name\":\"DIGITEX Sp. z o.o. Sp. k.\",\"url\":\"https:\/\/www.publicalerting.com\/de\/\",\"logo\":{\"@type\":\"ImageObject\",\"inLanguage\":\"de\",\"@id\":\"https:\/\/www.publicalerting.com\/de\/#\/schema\/logo\/image\/\",\"url\":\"https:\/\/www.publicalerting.com\/de\/wp-content\/uploads\/2022\/03\/Logo_2018a.png\",\"contentUrl\":\"https:\/\/www.publicalerting.com\/de\/wp-content\/uploads\/2022\/03\/Logo_2018a.png\",\"width\":247,\"height\":73,\"caption\":\"DIGITEX Sp. z o.o. Sp. k.\"},\"image\":{\"@id\":\"https:\/\/www.publicalerting.com\/de\/#\/schema\/logo\/image\/\"}}]}<\/script>\n<!-- \/ Yoast SEO plugin. -->","yoast_head_json":{"title":"Qualit\u00e4tsrichtlinie | digitex","robots":{"index":"index","follow":"follow","max-snippet":"max-snippet:-1","max-image-preview":"max-image-preview:large","max-video-preview":"max-video-preview:-1"},"canonical":"https:\/\/www.publicalerting.com\/de\/firma\/qualitaetsrichtlinie\/","og_locale":"de_DE","og_type":"article","og_title":"Qualit\u00e4tsrichtlinie | digitex","og_description":"SEHR GEEHRTE KUNDEN! Der h\u00f6chste Wert und das Ziel von Digitex ist es, eine hohe Qualit\u00e4t der angebotenen Dienstleistungen aufrechtzuerhalten. Dieses Ziel verfolgen wir durch kontinuierliche Verbesserung unserer Produkte, Einf\u00fchrung technologischer Innovationen und Entwicklung der Qualifikation unserer Mitarbeiter. digitex ISO 9001:2015 Die Aufrechterhaltung der h\u00f6chsten [&hellip;]","og_url":"https:\/\/www.publicalerting.com\/de\/firma\/qualitaetsrichtlinie\/","og_site_name":"digitex","article_modified_time":"2022-03-21T07:35:47+00:00","twitter_card":"summary_large_image","twitter_misc":{"Gesch\u00e4tzte Lesezeit":"1\u00a0Minute"},"schema":{"@context":"https:\/\/schema.org","@graph":[{"@type":"WebPage","@id":"https:\/\/www.publicalerting.com\/de\/firma\/qualitaetsrichtlinie\/","url":"https:\/\/www.publicalerting.com\/de\/firma\/qualitaetsrichtlinie\/","name":"Qualit\u00e4tsrichtlinie | digitex","isPartOf":{"@id":"https:\/\/www.publicalerting.com\/de\/#website"},"datePublished":"2022-03-08T13:00:02+00:00","dateModified":"2022-03-21T07:35:47+00:00","breadcrumb":{"@id":"https:\/\/www.publicalerting.com\/de\/firma\/qualitaetsrichtlinie\/#breadcrumb"},"inLanguage":"de","potentialAction":[{"@type":"ReadAction","target":["https:\/\/www.publicalerting.com\/de\/firma\/qualitaetsrichtlinie\/"]}]},{"@type":"BreadcrumbList","@id":"https:\/\/www.publicalerting.com\/de\/firma\/qualitaetsrichtlinie\/#breadcrumb","itemListElement":[{"@type":"ListItem","position":1,"name":"Home","item":"https:\/\/www.publicalerting.com\/de\/"},{"@type":"ListItem","position":2,"name":"Firma","item":"https:\/\/www.publicalerting.com\/de\/firma\/"},{"@type":"ListItem","position":3,"name":"Qualit\u00e4tsrichtlinie"}]},{"@type":"WebSite","@id":"https:\/\/www.publicalerting.com\/de\/#website","url":"https:\/\/www.publicalerting.com\/de\/","name":"digitex","description":"INTEGRIERTE BENACHRICHTIGUNGSSYSTEME","publisher":{"@id":"https:\/\/www.publicalerting.com\/de\/#organization"},"potentialAction":[{"@type":"SearchAction","target":{"@type":"EntryPoint","urlTemplate":"https:\/\/www.publicalerting.com\/de\/?s={search_term_string}"},"query-input":{"@type":"PropertyValueSpecification","valueRequired":true,"valueName":"search_term_string"}}],"inLanguage":"de"},{"@type":"Organization","@id":"https:\/\/www.publicalerting.com\/de\/#organization","name":"DIGITEX Sp. z o.o. Sp. k.","url":"https:\/\/www.publicalerting.com\/de\/","logo":{"@type":"ImageObject","inLanguage":"de","@id":"https:\/\/www.publicalerting.com\/de\/#\/schema\/logo\/image\/","url":"https:\/\/www.publicalerting.com\/de\/wp-content\/uploads\/2022\/03\/Logo_2018a.png","contentUrl":"https:\/\/www.publicalerting.com\/de\/wp-content\/uploads\/2022\/03\/Logo_2018a.png","width":247,"height":73,"caption":"DIGITEX Sp. z o.o. Sp. k."},"image":{"@id":"https:\/\/www.publicalerting.com\/de\/#\/schema\/logo\/image\/"}}]}},"_links":{"self":[{"href":"https:\/\/www.publicalerting.com\/de\/wp-json\/wp\/v2\/pages\/66","targetHints":{"allow":["GET"]}}],"collection":[{"href":"https:\/\/www.publicalerting.com\/de\/wp-json\/wp\/v2\/pages"}],"about":[{"href":"https:\/\/www.publicalerting.com\/de\/wp-json\/wp\/v2\/types\/page"}],"author":[{"embeddable":true,"href":"https:\/\/www.publicalerting.com\/de\/wp-json\/wp\/v2\/users\/2"}],"replies":[{"embeddable":true,"href":"https:\/\/www.publicalerting.com\/de\/wp-json\/wp\/v2\/comments?post=66"}],"version-history":[{"count":0,"href":"https:\/\/www.publicalerting.com\/de\/wp-json\/wp\/v2\/pages\/66\/revisions"}],"up":[{"embeddable":true,"href":"https:\/\/www.publicalerting.com\/de\/wp-json\/wp\/v2\/pages\/64"}],"wp:attachment":[{"href":"https:\/\/www.publicalerting.com\/de\/wp-json\/wp\/v2\/media?parent=66"}],"curies":[{"name":"wp","href":"https:\/\/api.w.org\/{rel}","templated":true}]}}