{"id":65,"date":"2022-03-08T13:59:19","date_gmt":"2022-03-08T12:59:19","guid":{"rendered":"https:\/\/www.publicalerting.com\/de\/?page_id=65"},"modified":"2022-04-04T14:20:44","modified_gmt":"2022-04-04T12:20:44","slug":"ueber-uns","status":"publish","type":"page","link":"https:\/\/www.publicalerting.com\/de\/firma\/ueber-uns\/","title":{"rendered":"\u00dcber uns"},"content":{"rendered":"\n<p>Digitex ist die bekannteste polnische Marke f\u00fcr \u00f6ffentliche Warnsysteme. Dank qualitativ hochwertiger Produkte und langj\u00e4hriger Erfahrung gewinnen wir stolz das Vertrauen unserer Kunden.<\/p>\n\n\n\n<h2 class=\"wp-block-heading\">WER SIND WIR?<\/h2>\n\n\n\n<ul class=\"wp-block-list\"><li>Wir sind ein polnisches Unternehmen, das seit 1985 kontinuierlich danach strebt, weltweit Sicherheit zu bieten.<\/li><li>Wir sind ein f\u00fchrendes Unternehmen auf dem internationalen Markt f\u00fcr Alarm- und Warnsysteme.<\/li><li>Wir sind Hersteller von integrierten Benachrichtigungssystemen.<\/li><li>Wir sind Inhaber der Marke digitex<sup>\u00ae<\/sup>.<\/li><\/ul>\n\n\n\n<h2 class=\"wp-block-heading\">HAUPTZIELE:<\/h2>\n\n\n\n<ul class=\"wp-block-list\"><li>Sicherheit bieten und verbessern.<\/li><li>Qualit\u00e4tsstandards erf\u00fcllen. <\/li><li>Ma\u00dfgeschneiderte L\u00f6sungen liefern.<\/li><\/ul>\n\n\n\n<h2 class=\"wp-block-heading\">GESCHICHTE:<\/h2>\n\n\n\n<p>Die Geschichte von Digitex ist eine dynamische Geschichte. Im Laufe mehrerer Jahre haben wir einen erstaunlichen Weg zur\u00fcckgelegt \u2013 von einem kleinen Unternehmen in Sopot zu einer f\u00fchrenden polnischen Marke. Derzeit sind wir auf dem globalen Markt t\u00e4tig.<\/p>\n\n\n\n<p>Wir sind ein Unternehmen, das Produkte herstellt, die Sicherheit gew\u00e4hrleisten. Dank einer breiten Produktpalette sind wir in der Lage, hochwertige Ausr\u00fcstung f\u00fcr: Feuerwehr, Zivilschutz, Polizei, Stadtpolizei, Rettungsdienste und den Industriesektor bereitzustellen.<\/p>\n\n\n\n<p>Wir sind ein Hersteller von zuverl\u00e4ssigen Ger\u00e4ten mit hohen technischen Parametern kombiniert mit den neuesten Softwarel\u00f6sungen. Besonderes Augenmerk legen wir auch auf die im Produktionsprozess verwendeten Materialien. Unsere Priorit\u00e4t ist, dass unsere Produkte bei allen Wetterbedingungen zuverl\u00e4ssig, benutzerfreundlich und an die Marktbed\u00fcrfnisse angepasst sind und alle Erwartungen unserer Kunden erf\u00fcllen.<\/p>\n\n\n\n<p>Die Aufrechterhaltung der h\u00f6chsten Qualit\u00e4t der Verfahren und Produkte basiert auf den Richtlinien des Qualit\u00e4tsmanagementsystems gem\u00e4\u00df der Norm <strong>PN-EN ISO 9001:2015<\/strong>. Im Rahmen dieses Systems verbessern wir Produktionsprozesse und erreichen bessere technische Parameter unserer Ger\u00e4te<\/p>\n","protected":false},"excerpt":{"rendered":"<p>Digitex ist die bekannteste polnische Marke f\u00fcr \u00f6ffentliche Warnsysteme. Dank qualitativ hochwertiger Produkte und langj\u00e4hriger Erfahrung gewinnen wir stolz das Vertrauen unserer Kunden. WER SIND WIR? Wir sind ein polnisches Unternehmen, das seit 1985 kontinuierlich danach strebt, weltweit Sicherheit zu bieten. Wir sind ein f\u00fchrendes [&hellip;]<\/p>\n","protected":false},"author":2,"featured_media":133,"parent":64,"menu_order":1,"comment_status":"closed","ping_status":"closed","template":"","meta":{"_acf_changed":false,"footnotes":""},"class_list":["post-65","page","type-page","status-publish","has-post-thumbnail","hentry"],"acf":[],"yoast_head":"<!-- This site is optimized with the Yoast SEO plugin v26.6 - https:\/\/yoast.com\/wordpress\/plugins\/seo\/ -->\n<title>\u00dcber uns | digitex<\/title>\n<meta name=\"robots\" content=\"index, follow, max-snippet:-1, max-image-preview:large, max-video-preview:-1\" \/>\n<link rel=\"canonical\" href=\"https:\/\/www.publicalerting.com\/de\/firma\/ueber-uns\/\" \/>\n<meta property=\"og:locale\" content=\"de_DE\" \/>\n<meta property=\"og:type\" content=\"article\" \/>\n<meta property=\"og:title\" content=\"\u00dcber uns | digitex\" \/>\n<meta property=\"og:description\" content=\"Digitex ist die bekannteste polnische Marke f\u00fcr \u00f6ffentliche Warnsysteme. Dank qualitativ hochwertiger Produkte und langj\u00e4hriger Erfahrung gewinnen wir stolz das Vertrauen unserer Kunden. WER SIND WIR? Wir sind ein polnisches Unternehmen, das seit 1985 kontinuierlich danach strebt, weltweit Sicherheit zu bieten. Wir sind ein f\u00fchrendes [&hellip;]\" \/>\n<meta property=\"og:url\" content=\"https:\/\/www.publicalerting.com\/de\/firma\/ueber-uns\/\" \/>\n<meta property=\"og:site_name\" content=\"digitex\" \/>\n<meta property=\"article:modified_time\" content=\"2022-04-04T12:20:44+00:00\" \/>\n<meta property=\"og:image\" content=\"https:\/\/www.publicalerting.com\/de\/wp-content\/uploads\/2022\/03\/pasja-1200x500-1.jpg\" \/>\n\t<meta property=\"og:image:width\" content=\"1200\" \/>\n\t<meta property=\"og:image:height\" content=\"500\" \/>\n\t<meta property=\"og:image:type\" content=\"image\/jpeg\" \/>\n<meta name=\"twitter:card\" content=\"summary_large_image\" \/>\n<meta name=\"twitter:label1\" content=\"Gesch\u00e4tzte Lesezeit\" \/>\n\t<meta name=\"twitter:data1\" content=\"1\u00a0Minute\" \/>\n<script type=\"application\/ld+json\" class=\"yoast-schema-graph\">{\"@context\":\"https:\/\/schema.org\",\"@graph\":[{\"@type\":\"WebPage\",\"@id\":\"https:\/\/www.publicalerting.com\/de\/firma\/ueber-uns\/\",\"url\":\"https:\/\/www.publicalerting.com\/de\/firma\/ueber-uns\/\",\"name\":\"\u00dcber uns | digitex\",\"isPartOf\":{\"@id\":\"https:\/\/www.publicalerting.com\/de\/#website\"},\"primaryImageOfPage\":{\"@id\":\"https:\/\/www.publicalerting.com\/de\/firma\/ueber-uns\/#primaryimage\"},\"image\":{\"@id\":\"https:\/\/www.publicalerting.com\/de\/firma\/ueber-uns\/#primaryimage\"},\"thumbnailUrl\":\"https:\/\/www.publicalerting.com\/de\/wp-content\/uploads\/2022\/03\/pasja-1200x500-1.jpg\",\"datePublished\":\"2022-03-08T12:59:19+00:00\",\"dateModified\":\"2022-04-04T12:20:44+00:00\",\"breadcrumb\":{\"@id\":\"https:\/\/www.publicalerting.com\/de\/firma\/ueber-uns\/#breadcrumb\"},\"inLanguage\":\"de\",\"potentialAction\":[{\"@type\":\"ReadAction\",\"target\":[\"https:\/\/www.publicalerting.com\/de\/firma\/ueber-uns\/\"]}]},{\"@type\":\"ImageObject\",\"inLanguage\":\"de\",\"@id\":\"https:\/\/www.publicalerting.com\/de\/firma\/ueber-uns\/#primaryimage\",\"url\":\"https:\/\/www.publicalerting.com\/de\/wp-content\/uploads\/2022\/03\/pasja-1200x500-1.jpg\",\"contentUrl\":\"https:\/\/www.publicalerting.com\/de\/wp-content\/uploads\/2022\/03\/pasja-1200x500-1.jpg\",\"width\":1200,\"height\":500,\"caption\":\"\u00dcber digitex\"},{\"@type\":\"BreadcrumbList\",\"@id\":\"https:\/\/www.publicalerting.com\/de\/firma\/ueber-uns\/#breadcrumb\",\"itemListElement\":[{\"@type\":\"ListItem\",\"position\":1,\"name\":\"Home\",\"item\":\"https:\/\/www.publicalerting.com\/de\/\"},{\"@type\":\"ListItem\",\"position\":2,\"name\":\"Firma\",\"item\":\"https:\/\/www.publicalerting.com\/de\/firma\/\"},{\"@type\":\"ListItem\",\"position\":3,\"name\":\"\u00dcber uns\"}]},{\"@type\":\"WebSite\",\"@id\":\"https:\/\/www.publicalerting.com\/de\/#website\",\"url\":\"https:\/\/www.publicalerting.com\/de\/\",\"name\":\"digitex\",\"description\":\"INTEGRIERTE BENACHRICHTIGUNGSSYSTEME\",\"publisher\":{\"@id\":\"https:\/\/www.publicalerting.com\/de\/#organization\"},\"potentialAction\":[{\"@type\":\"SearchAction\",\"target\":{\"@type\":\"EntryPoint\",\"urlTemplate\":\"https:\/\/www.publicalerting.com\/de\/?s={search_term_string}\"},\"query-input\":{\"@type\":\"PropertyValueSpecification\",\"valueRequired\":true,\"valueName\":\"search_term_string\"}}],\"inLanguage\":\"de\"},{\"@type\":\"Organization\",\"@id\":\"https:\/\/www.publicalerting.com\/de\/#organization\",\"name\":\"DIGITEX Sp. z o.o. Sp. k.\",\"url\":\"https:\/\/www.publicalerting.com\/de\/\",\"logo\":{\"@type\":\"ImageObject\",\"inLanguage\":\"de\",\"@id\":\"https:\/\/www.publicalerting.com\/de\/#\/schema\/logo\/image\/\",\"url\":\"https:\/\/www.publicalerting.com\/de\/wp-content\/uploads\/2022\/03\/Logo_2018a.png\",\"contentUrl\":\"https:\/\/www.publicalerting.com\/de\/wp-content\/uploads\/2022\/03\/Logo_2018a.png\",\"width\":247,\"height\":73,\"caption\":\"DIGITEX Sp. z o.o. Sp. k.\"},\"image\":{\"@id\":\"https:\/\/www.publicalerting.com\/de\/#\/schema\/logo\/image\/\"}}]}<\/script>\n<!-- \/ Yoast SEO plugin. -->","yoast_head_json":{"title":"\u00dcber uns | digitex","robots":{"index":"index","follow":"follow","max-snippet":"max-snippet:-1","max-image-preview":"max-image-preview:large","max-video-preview":"max-video-preview:-1"},"canonical":"https:\/\/www.publicalerting.com\/de\/firma\/ueber-uns\/","og_locale":"de_DE","og_type":"article","og_title":"\u00dcber uns | digitex","og_description":"Digitex ist die bekannteste polnische Marke f\u00fcr \u00f6ffentliche Warnsysteme. Dank qualitativ hochwertiger Produkte und langj\u00e4hriger Erfahrung gewinnen wir stolz das Vertrauen unserer Kunden. WER SIND WIR? Wir sind ein polnisches Unternehmen, das seit 1985 kontinuierlich danach strebt, weltweit Sicherheit zu bieten. Wir sind ein f\u00fchrendes [&hellip;]","og_url":"https:\/\/www.publicalerting.com\/de\/firma\/ueber-uns\/","og_site_name":"digitex","article_modified_time":"2022-04-04T12:20:44+00:00","og_image":[{"width":1200,"height":500,"url":"https:\/\/www.publicalerting.com\/de\/wp-content\/uploads\/2022\/03\/pasja-1200x500-1.jpg","type":"image\/jpeg"}],"twitter_card":"summary_large_image","twitter_misc":{"Gesch\u00e4tzte Lesezeit":"1\u00a0Minute"},"schema":{"@context":"https:\/\/schema.org","@graph":[{"@type":"WebPage","@id":"https:\/\/www.publicalerting.com\/de\/firma\/ueber-uns\/","url":"https:\/\/www.publicalerting.com\/de\/firma\/ueber-uns\/","name":"\u00dcber uns | digitex","isPartOf":{"@id":"https:\/\/www.publicalerting.com\/de\/#website"},"primaryImageOfPage":{"@id":"https:\/\/www.publicalerting.com\/de\/firma\/ueber-uns\/#primaryimage"},"image":{"@id":"https:\/\/www.publicalerting.com\/de\/firma\/ueber-uns\/#primaryimage"},"thumbnailUrl":"https:\/\/www.publicalerting.com\/de\/wp-content\/uploads\/2022\/03\/pasja-1200x500-1.jpg","datePublished":"2022-03-08T12:59:19+00:00","dateModified":"2022-04-04T12:20:44+00:00","breadcrumb":{"@id":"https:\/\/www.publicalerting.com\/de\/firma\/ueber-uns\/#breadcrumb"},"inLanguage":"de","potentialAction":[{"@type":"ReadAction","target":["https:\/\/www.publicalerting.com\/de\/firma\/ueber-uns\/"]}]},{"@type":"ImageObject","inLanguage":"de","@id":"https:\/\/www.publicalerting.com\/de\/firma\/ueber-uns\/#primaryimage","url":"https:\/\/www.publicalerting.com\/de\/wp-content\/uploads\/2022\/03\/pasja-1200x500-1.jpg","contentUrl":"https:\/\/www.publicalerting.com\/de\/wp-content\/uploads\/2022\/03\/pasja-1200x500-1.jpg","width":1200,"height":500,"caption":"\u00dcber digitex"},{"@type":"BreadcrumbList","@id":"https:\/\/www.publicalerting.com\/de\/firma\/ueber-uns\/#breadcrumb","itemListElement":[{"@type":"ListItem","position":1,"name":"Home","item":"https:\/\/www.publicalerting.com\/de\/"},{"@type":"ListItem","position":2,"name":"Firma","item":"https:\/\/www.publicalerting.com\/de\/firma\/"},{"@type":"ListItem","position":3,"name":"\u00dcber uns"}]},{"@type":"WebSite","@id":"https:\/\/www.publicalerting.com\/de\/#website","url":"https:\/\/www.publicalerting.com\/de\/","name":"digitex","description":"INTEGRIERTE BENACHRICHTIGUNGSSYSTEME","publisher":{"@id":"https:\/\/www.publicalerting.com\/de\/#organization"},"potentialAction":[{"@type":"SearchAction","target":{"@type":"EntryPoint","urlTemplate":"https:\/\/www.publicalerting.com\/de\/?s={search_term_string}"},"query-input":{"@type":"PropertyValueSpecification","valueRequired":true,"valueName":"search_term_string"}}],"inLanguage":"de"},{"@type":"Organization","@id":"https:\/\/www.publicalerting.com\/de\/#organization","name":"DIGITEX Sp. z o.o. Sp. k.","url":"https:\/\/www.publicalerting.com\/de\/","logo":{"@type":"ImageObject","inLanguage":"de","@id":"https:\/\/www.publicalerting.com\/de\/#\/schema\/logo\/image\/","url":"https:\/\/www.publicalerting.com\/de\/wp-content\/uploads\/2022\/03\/Logo_2018a.png","contentUrl":"https:\/\/www.publicalerting.com\/de\/wp-content\/uploads\/2022\/03\/Logo_2018a.png","width":247,"height":73,"caption":"DIGITEX Sp. z o.o. Sp. k."},"image":{"@id":"https:\/\/www.publicalerting.com\/de\/#\/schema\/logo\/image\/"}}]}},"_links":{"self":[{"href":"https:\/\/www.publicalerting.com\/de\/wp-json\/wp\/v2\/pages\/65","targetHints":{"allow":["GET"]}}],"collection":[{"href":"https:\/\/www.publicalerting.com\/de\/wp-json\/wp\/v2\/pages"}],"about":[{"href":"https:\/\/www.publicalerting.com\/de\/wp-json\/wp\/v2\/types\/page"}],"author":[{"embeddable":true,"href":"https:\/\/www.publicalerting.com\/de\/wp-json\/wp\/v2\/users\/2"}],"replies":[{"embeddable":true,"href":"https:\/\/www.publicalerting.com\/de\/wp-json\/wp\/v2\/comments?post=65"}],"version-history":[{"count":0,"href":"https:\/\/www.publicalerting.com\/de\/wp-json\/wp\/v2\/pages\/65\/revisions"}],"up":[{"embeddable":true,"href":"https:\/\/www.publicalerting.com\/de\/wp-json\/wp\/v2\/pages\/64"}],"wp:featuredmedia":[{"embeddable":true,"href":"https:\/\/www.publicalerting.com\/de\/wp-json\/wp\/v2\/media\/133"}],"wp:attachment":[{"href":"https:\/\/www.publicalerting.com\/de\/wp-json\/wp\/v2\/media?parent=65"}],"curies":[{"name":"wp","href":"https:\/\/api.w.org\/{rel}","templated":true}]}}